{"id":692,"date":"2023-05-03T17:06:51","date_gmt":"2023-05-03T20:06:51","guid":{"rendered":"https:\/\/camirim.com.br\/?page_id=692"},"modified":"2023-10-19T08:22:59","modified_gmt":"2023-10-19T11:22:59","slug":"videos","status":"publish","type":"page","link":"https:\/\/camirim.com.br\/?page_id=692","title":{"rendered":"Stop Motions"},"content":{"rendered":"\t\t<div data-elementor-type=\"wp-page\" data-elementor-id=\"692\" class=\"elementor elementor-692\">\n\t\t\t\t\t\t<section class=\"elementor-section elementor-top-section elementor-element elementor-element-4e588e2c elementor-section-boxed elementor-section-height-default elementor-section-height-default\" data-id=\"4e588e2c\" data-element_type=\"section\" data-e-type=\"section\">\n\t\t\t\t\t\t<div class=\"elementor-container elementor-column-gap-default\">\n\t\t\t\t\t<div class=\"elementor-column elementor-col-100 elementor-top-column elementor-element elementor-element-27292808\" data-id=\"27292808\" data-element_type=\"column\" data-e-type=\"column\">\n\t\t\t<div class=\"elementor-widget-wrap elementor-element-populated\">\n\t\t\t\t\t\t<div class=\"elementor-element elementor-element-32e85c0 elementor-widget__width-initial elementor-widget elementor-widget-text-editor\" data-id=\"32e85c0\" data-element_type=\"widget\" data-e-type=\"widget\" data-widget_type=\"text-editor.default\">\n\t\t\t\t<div class=\"elementor-widget-container\">\n\t\t\t\t\t\t\t\t\t<p><\/p>\n<p class=\"has-medium-font-size\"><strong>As Tr\u00eas G\u00eameas &#8211; Produtora de Stop Motion<\/strong><\/p>\n<p><\/p>\t\t\t\t\t\t\t\t<\/div>\n\t\t\t\t<\/div>\n\t\t\t\t<div class=\"elementor-element elementor-element-1c24183f elementor-widget__width-initial elementor-widget elementor-widget-text-editor\" data-id=\"1c24183f\" data-element_type=\"widget\" data-e-type=\"widget\" data-widget_type=\"text-editor.default\">\n\t\t\t\t<div class=\"elementor-widget-container\">\n\t\t\t\t\t\t\t\t\t<p><\/p>\n<figure class=\"wp-block-image alignleft size-full is-resized\"><img fetchpriority=\"high\" decoding=\"async\" class=\"wp-image-696\" src=\"http:\/\/camirim.com.br\/wp-content\/uploads\/2023\/05\/11412405_948305605222437_2999815135501086531_n.jpg\" alt=\"\" width=\"385\" height=\"385\" srcset=\"https:\/\/camirim.com.br\/wp-content\/uploads\/2023\/05\/11412405_948305605222437_2999815135501086531_n.jpg 960w, https:\/\/camirim.com.br\/wp-content\/uploads\/2023\/05\/11412405_948305605222437_2999815135501086531_n-300x300.jpg 300w, https:\/\/camirim.com.br\/wp-content\/uploads\/2023\/05\/11412405_948305605222437_2999815135501086531_n-150x150.jpg 150w, https:\/\/camirim.com.br\/wp-content\/uploads\/2023\/05\/11412405_948305605222437_2999815135501086531_n-768x768.jpg 768w\" sizes=\"(max-width: 385px) 100vw, 385px\" \/><\/figure>\n<p><\/p>\n<p><\/p>\n<p><strong><a href=\"https:\/\/www.youtube.com\/@astresgemeas\" target=\"_blank\" rel=\"noreferrer noopener\" data-type=\"URL\" data-id=\"https:\/\/www.youtube.com\/@astresgemeas\">Tr\u00eas G\u00eameas<\/a><\/strong> \u00e9 uma iniciativa criada por um trio de amigas, todas profissionais de diferentes \u00e1reas: a jornalista Melissa de Miranda; a sua irm\u00e3 g\u00eamea, a psic\u00f3loga \u00cdris de Miranda; e a amiga fot\u00f3grafa Noelly Castro, que completa a parceria como a &#8220;terceira g\u00eamea&#8221;.<\/p>\n<p><\/p>\n<p><\/p>\n<p>Nossa primeira produ\u00e7\u00e3o voltou-se ao projeto internacional &#8220;It Gets Better&#8221;, que busca passar (atrav\u00e9s de depoimentos em v\u00eddeos) uma mensagem positiva a adolescentes gays que sofrem bullying na escola. Criamos um stop motion baseado em met\u00e1foras e protagonizado por, bem, um simp\u00e1tico grupo de ovos!<br>Apaixonadas por esta linguagem de v\u00eddeo, as nossas produ\u00e7\u00f5es seguintes mantiveram o mesmo formato e, aos poucos, a parceria tornou-se uma pequena produtora independente de stop motions &#8211; movida \u00e0 curiosidade incessante, criatividade e empolga\u00e7\u00e3o.<\/p>\n<p><\/p>\n<p><\/p>\n<p>Todos os v\u00eddeos da <strong><a href=\"https:\/\/www.youtube.com\/@astresgemeas\" target=\"_blank\" rel=\"noreferrer noopener\" data-type=\"URL\" data-id=\"https:\/\/www.youtube.com\/@astresgemeas\">As Tr\u00eas G\u00eameas<\/a><\/strong> s\u00e3o criados, experimentados, produzidos, editados e divulgados em nossas pr\u00f3prias cabe\u00e7as, apartamentos, quintais e laptops! Estamos constantemente \u00e0 espera da pr\u00f3xima ideia ou projeto\u2026<\/p>\n<p><\/p>\n<p><\/p>\n<p><strong>Contatos: <\/strong><\/p>\n<p><\/p>\n<p><\/p>\n<p>E-mail: astresgemeas@camirim.com<\/p>\n<p><\/p>\t\t\t\t\t\t\t\t<\/div>\n\t\t\t\t<\/div>\n\t\t\t\t\t<\/div>\n\t\t<\/div>\n\t\t\t\t\t<\/div>\n\t\t<\/section>\n\t\t\t\t<section class=\"elementor-section elementor-top-section elementor-element elementor-element-f7c353d elementor-section-boxed elementor-section-height-default elementor-section-height-default\" data-id=\"f7c353d\" data-element_type=\"section\" data-e-type=\"section\">\n\t\t\t\t\t\t<div class=\"elementor-container elementor-column-gap-default\">\n\t\t\t\t\t<div class=\"elementor-column elementor-col-100 elementor-top-column elementor-element elementor-element-d03d35c\" data-id=\"d03d35c\" data-element_type=\"column\" data-e-type=\"column\">\n\t\t\t<div class=\"elementor-widget-wrap elementor-element-populated\">\n\t\t\t\t\t\t<div class=\"elementor-element elementor-element-9a5e03b e-grid-align-left elementor-shape-rounded elementor-grid-0 elementor-widget elementor-widget-social-icons\" data-id=\"9a5e03b\" data-element_type=\"widget\" data-e-type=\"widget\" data-widget_type=\"social-icons.default\">\n\t\t\t\t<div class=\"elementor-widget-container\">\n\t\t\t\t\t\t\t<div class=\"elementor-social-icons-wrapper elementor-grid\" role=\"list\">\n\t\t\t\t\t\t\t<span class=\"elementor-grid-item\" role=\"listitem\">\n\t\t\t\t\t<a class=\"elementor-icon elementor-social-icon elementor-social-icon-facebook elementor-repeater-item-496fe28\" href=\"https:\/\/www.facebook.com\/astresgemeas\/videos\" target=\"_blank\">\n\t\t\t\t\t\t<span class=\"elementor-screen-only\">Facebook<\/span>\n\t\t\t\t\t\t<i aria-hidden=\"true\" class=\"fab fa-facebook\"><\/i>\t\t\t\t\t<\/a>\n\t\t\t\t<\/span>\n\t\t\t\t\t\t\t<span class=\"elementor-grid-item\" role=\"listitem\">\n\t\t\t\t\t<a class=\"elementor-icon elementor-social-icon elementor-social-icon-youtube elementor-repeater-item-836700a\" href=\"https:\/\/www.youtube.com\/@astresgemeas\" target=\"_blank\">\n\t\t\t\t\t\t<span class=\"elementor-screen-only\">Youtube<\/span>\n\t\t\t\t\t\t<i aria-hidden=\"true\" class=\"fab fa-youtube\"><\/i>\t\t\t\t\t<\/a>\n\t\t\t\t<\/span>\n\t\t\t\t\t\t\t<span class=\"elementor-grid-item\" role=\"listitem\">\n\t\t\t\t\t<a class=\"elementor-icon elementor-social-icon elementor-social-icon-instagram elementor-repeater-item-39d5698\" href=\"https:\/\/instagram.com\/astresgemeas?igshid=YmMyMTA2M2Y=\" target=\"_blank\">\n\t\t\t\t\t\t<span class=\"elementor-screen-only\">Instagram<\/span>\n\t\t\t\t\t\t<i aria-hidden=\"true\" class=\"fab fa-instagram\"><\/i>\t\t\t\t\t<\/a>\n\t\t\t\t<\/span>\n\t\t\t\t\t<\/div>\n\t\t\t\t\t\t<\/div>\n\t\t\t\t<\/div>\n\t\t\t\t\t<\/div>\n\t\t<\/div>\n\t\t\t\t\t<\/div>\n\t\t<\/section>\n\t\t\t\t<section class=\"elementor-section elementor-top-section elementor-element elementor-element-f6d5c62 elementor-section-boxed elementor-section-height-default elementor-section-height-default\" data-id=\"f6d5c62\" data-element_type=\"section\" data-e-type=\"section\">\n\t\t\t\t\t\t<div class=\"elementor-container elementor-column-gap-default\">\n\t\t\t\t\t<div class=\"elementor-column elementor-col-33 elementor-top-column elementor-element elementor-element-8277244\" data-id=\"8277244\" data-element_type=\"column\" data-e-type=\"column\">\n\t\t\t<div class=\"elementor-widget-wrap elementor-element-populated\">\n\t\t\t\t\t\t<div class=\"elementor-element elementor-element-e38fd8a elementor-widget elementor-widget-video\" data-id=\"e38fd8a\" data-element_type=\"widget\" data-e-type=\"widget\" data-settings=\"{&quot;youtube_url&quot;:&quot;https:\\\/\\\/www.youtube.com\\\/watch?v=wOmTukYqTzI&quot;,&quot;video_type&quot;:&quot;youtube&quot;,&quot;controls&quot;:&quot;yes&quot;}\" data-widget_type=\"video.default\">\n\t\t\t\t<div class=\"elementor-widget-container\">\n\t\t\t\t\t\t\t<div class=\"elementor-wrapper elementor-open-inline\">\n\t\t\t<div class=\"elementor-video\"><\/div>\t\t<\/div>\n\t\t\t\t\t\t<\/div>\n\t\t\t\t<\/div>\n\t\t\t\t<div class=\"elementor-element elementor-element-9972ca1 elementor-widget elementor-widget-heading\" data-id=\"9972ca1\" data-element_type=\"widget\" data-e-type=\"widget\" data-widget_type=\"heading.default\">\n\t\t\t\t<div class=\"elementor-widget-container\">\n\t\t\t\t\t<h2 class=\"elementor-heading-title elementor-size-small\">Espa\u00e7o livre para voc\u00ea ser o que quiser. Mat\u00e9rias, listas, resenhas e testes aleat\u00f3rios.<\/h2>\t\t\t\t<\/div>\n\t\t\t\t<\/div>\n\t\t\t\t\t<\/div>\n\t\t<\/div>\n\t\t\t\t<div class=\"elementor-column elementor-col-33 elementor-top-column elementor-element elementor-element-91f2125\" data-id=\"91f2125\" data-element_type=\"column\" data-e-type=\"column\">\n\t\t\t<div class=\"elementor-widget-wrap elementor-element-populated\">\n\t\t\t\t\t\t<div class=\"elementor-element elementor-element-b31a9cd elementor-widget elementor-widget-video\" data-id=\"b31a9cd\" data-element_type=\"widget\" data-e-type=\"widget\" data-settings=\"{&quot;youtube_url&quot;:&quot;https:\\\/\\\/www.youtube.com\\\/watch?v=-kCOYSWYrek&quot;,&quot;video_type&quot;:&quot;youtube&quot;,&quot;controls&quot;:&quot;yes&quot;}\" data-widget_type=\"video.default\">\n\t\t\t\t<div class=\"elementor-widget-container\">\n\t\t\t\t\t\t\t<div class=\"elementor-wrapper elementor-open-inline\">\n\t\t\t<div class=\"elementor-video\"><\/div>\t\t<\/div>\n\t\t\t\t\t\t<\/div>\n\t\t\t\t<\/div>\n\t\t\t\t<div class=\"elementor-element elementor-element-99d3062 elementor-widget elementor-widget-heading\" data-id=\"99d3062\" data-element_type=\"widget\" data-e-type=\"widget\" data-widget_type=\"heading.default\">\n\t\t\t\t<div class=\"elementor-widget-container\">\n\t\t\t\t\t<h2 class=\"elementor-heading-title elementor-size-small\">V\u00eddeo para o Sebrae sobre o projeto a Incubadora LNCC, para ajudar pessoas a tirar sua ideia do papel.<\/h2>\t\t\t\t<\/div>\n\t\t\t\t<\/div>\n\t\t\t\t\t<\/div>\n\t\t<\/div>\n\t\t\t\t<div class=\"elementor-column elementor-col-33 elementor-top-column elementor-element elementor-element-c401e90\" data-id=\"c401e90\" data-element_type=\"column\" data-e-type=\"column\">\n\t\t\t<div class=\"elementor-widget-wrap elementor-element-populated\">\n\t\t\t\t\t\t<div class=\"elementor-element elementor-element-09bdfad elementor-widget elementor-widget-video\" data-id=\"09bdfad\" data-element_type=\"widget\" data-e-type=\"widget\" data-settings=\"{&quot;youtube_url&quot;:&quot;https:\\\/\\\/www.youtube.com\\\/watch?v=_W_5TqHnKiM&quot;,&quot;video_type&quot;:&quot;youtube&quot;,&quot;controls&quot;:&quot;yes&quot;}\" data-widget_type=\"video.default\">\n\t\t\t\t<div class=\"elementor-widget-container\">\n\t\t\t\t\t\t\t<div class=\"elementor-wrapper elementor-open-inline\">\n\t\t\t<div class=\"elementor-video\"><\/div>\t\t<\/div>\n\t\t\t\t\t\t<\/div>\n\t\t\t\t<\/div>\n\t\t\t\t<div class=\"elementor-element elementor-element-a0c733f elementor-widget elementor-widget-heading\" data-id=\"a0c733f\" data-element_type=\"widget\" data-e-type=\"widget\" data-widget_type=\"heading.default\">\n\t\t\t\t<div class=\"elementor-widget-container\">\n\t\t\t\t\t<h2 class=\"elementor-heading-title elementor-size-small\">O Inciclo \u00e9 a solu\u00e7\u00e3o que oferece liberdade para todas as mulheres durante o per\u00edodo menstrual. Funciona como um coletor reutiliz\u00e1vel que substitui o uso de absorventes. <\/h2>\t\t\t\t<\/div>\n\t\t\t\t<\/div>\n\t\t\t\t\t<\/div>\n\t\t<\/div>\n\t\t\t\t\t<\/div>\n\t\t<\/section>\n\t\t\t\t<section class=\"elementor-section elementor-top-section elementor-element elementor-element-6835d84 elementor-section-boxed elementor-section-height-default elementor-section-height-default\" data-id=\"6835d84\" data-element_type=\"section\" data-e-type=\"section\">\n\t\t\t\t\t\t<div class=\"elementor-container elementor-column-gap-default\">\n\t\t\t\t\t<div class=\"elementor-column elementor-col-33 elementor-top-column elementor-element elementor-element-adfc0a4\" data-id=\"adfc0a4\" data-element_type=\"column\" data-e-type=\"column\">\n\t\t\t<div class=\"elementor-widget-wrap elementor-element-populated\">\n\t\t\t\t\t\t<div class=\"elementor-element elementor-element-fa1e50b elementor-widget elementor-widget-video\" data-id=\"fa1e50b\" data-element_type=\"widget\" data-e-type=\"widget\" data-settings=\"{&quot;youtube_url&quot;:&quot;https:\\\/\\\/www.youtube.com\\\/watch?v=dgzDvyxWAOY&quot;,&quot;video_type&quot;:&quot;youtube&quot;,&quot;controls&quot;:&quot;yes&quot;}\" data-widget_type=\"video.default\">\n\t\t\t\t<div class=\"elementor-widget-container\">\n\t\t\t\t\t\t\t<div class=\"elementor-wrapper elementor-open-inline\">\n\t\t\t<div class=\"elementor-video\"><\/div>\t\t<\/div>\n\t\t\t\t\t\t<\/div>\n\t\t\t\t<\/div>\n\t\t\t\t<div class=\"elementor-element elementor-element-4d0e92e elementor-widget elementor-widget-heading\" data-id=\"4d0e92e\" data-element_type=\"widget\" data-e-type=\"widget\" data-widget_type=\"heading.default\">\n\t\t\t\t<div class=\"elementor-widget-container\">\n\t\t\t\t\t<h2 class=\"elementor-heading-title elementor-size-small\">V\u00eddeo em Stop Motion produzido para a 3\u00ba edi\u00e7\u00e3o do Concurso do Minuto da CGU - Controladoria Geral da Uni\u00e3o, acerca do tema \"Informa\u00e7\u00e3o P\u00fablica: direito de todos. Sem desculpas, sem segredos.\"<\/h2>\t\t\t\t<\/div>\n\t\t\t\t<\/div>\n\t\t\t\t\t<\/div>\n\t\t<\/div>\n\t\t\t\t<div class=\"elementor-column elementor-col-33 elementor-top-column elementor-element elementor-element-1b409c1\" data-id=\"1b409c1\" data-element_type=\"column\" data-e-type=\"column\">\n\t\t\t<div class=\"elementor-widget-wrap elementor-element-populated\">\n\t\t\t\t\t\t<div class=\"elementor-element elementor-element-53798de elementor-widget elementor-widget-video\" data-id=\"53798de\" data-element_type=\"widget\" data-e-type=\"widget\" data-settings=\"{&quot;youtube_url&quot;:&quot;https:\\\/\\\/www.youtube.com\\\/watch?v=xZIMXBgGuuE&amp;t=31s&quot;,&quot;video_type&quot;:&quot;youtube&quot;,&quot;controls&quot;:&quot;yes&quot;}\" data-widget_type=\"video.default\">\n\t\t\t\t<div class=\"elementor-widget-container\">\n\t\t\t\t\t\t\t<div class=\"elementor-wrapper elementor-open-inline\">\n\t\t\t<div class=\"elementor-video\"><\/div>\t\t<\/div>\n\t\t\t\t\t\t<\/div>\n\t\t\t\t<\/div>\n\t\t\t\t<div class=\"elementor-element elementor-element-94a3916 elementor-widget elementor-widget-heading\" data-id=\"94a3916\" data-element_type=\"widget\" data-e-type=\"widget\" data-widget_type=\"heading.default\">\n\t\t\t\t<div class=\"elementor-widget-container\">\n\t\t\t\t\t<h2 class=\"elementor-heading-title elementor-size-small\">Hi! This is our message for the \"It Gets Better\" project, which we admire as anamazing initiative and thought we might also contribute. There were involved: 25 eggs, 491 photos and many failures with the audio takes. We're brazilians, so sorry if the english isn't perfect \ud83d\ude42 the subtitles are in portuguese (better in HD), hope you like it!  <\/h2>\t\t\t\t<\/div>\n\t\t\t\t<\/div>\n\t\t\t\t\t<\/div>\n\t\t<\/div>\n\t\t\t\t<div class=\"elementor-column elementor-col-33 elementor-top-column elementor-element elementor-element-e7b2925\" data-id=\"e7b2925\" data-element_type=\"column\" data-e-type=\"column\">\n\t\t\t<div class=\"elementor-widget-wrap elementor-element-populated\">\n\t\t\t\t\t\t<div class=\"elementor-element elementor-element-8c50784 elementor-widget elementor-widget-video\" data-id=\"8c50784\" data-element_type=\"widget\" data-e-type=\"widget\" data-settings=\"{&quot;youtube_url&quot;:&quot;https:\\\/\\\/www.youtube.com\\\/watch?v=mdoKizcLJPQ&quot;,&quot;video_type&quot;:&quot;youtube&quot;,&quot;controls&quot;:&quot;yes&quot;}\" data-widget_type=\"video.default\">\n\t\t\t\t<div class=\"elementor-widget-container\">\n\t\t\t\t\t\t\t<div class=\"elementor-wrapper elementor-open-inline\">\n\t\t\t<div class=\"elementor-video\"><\/div>\t\t<\/div>\n\t\t\t\t\t\t<\/div>\n\t\t\t\t<\/div>\n\t\t\t\t<div class=\"elementor-element elementor-element-0412fd8 elementor-widget elementor-widget-heading\" data-id=\"0412fd8\" data-element_type=\"widget\" data-e-type=\"widget\" data-widget_type=\"heading.default\">\n\t\t\t\t<div class=\"elementor-widget-container\">\n\t\t\t\t\t<h2 class=\"elementor-heading-title elementor-size-small\">A short preview of the stop motion animations produced by As Tr\u00eas G\u00eameas.<\/h2>\t\t\t\t<\/div>\n\t\t\t\t<\/div>\n\t\t\t\t\t<\/div>\n\t\t<\/div>\n\t\t\t\t\t<\/div>\n\t\t<\/section>\n\t\t\t\t<section class=\"elementor-section elementor-top-section elementor-element elementor-element-12355fc elementor-section-boxed elementor-section-height-default elementor-section-height-default\" data-id=\"12355fc\" data-element_type=\"section\" data-e-type=\"section\">\n\t\t\t\t\t\t<div class=\"elementor-container elementor-column-gap-default\">\n\t\t\t\t\t<div class=\"elementor-column elementor-col-100 elementor-top-column elementor-element elementor-element-93a7354\" data-id=\"93a7354\" data-element_type=\"column\" data-e-type=\"column\">\n\t\t\t<div class=\"elementor-widget-wrap elementor-element-populated\">\n\t\t\t\t\t\t\t<\/div>\n\t\t<\/div>\n\t\t\t\t\t<\/div>\n\t\t<\/section>\n\t\t\t\t<\/div>\n\t\t","protected":false},"excerpt":{"rendered":"<p>As Tr\u00eas G\u00eameas &#8211; Produtora de Stop Motion Tr\u00eas G\u00eameas \u00e9 uma iniciativa criada por um trio de amigas, todas profissionais de diferentes \u00e1reas: a jornalista Melissa de Miranda; a sua irm\u00e3 g\u00eamea, a psic\u00f3loga \u00cdris de Miranda; e a amiga fot\u00f3grafa Noelly Castro, que completa a parceria como a &#8220;terceira g\u00eamea&#8221;. Nossa primeira produ\u00e7\u00e3o&hellip;&nbsp;<a href=\"https:\/\/camirim.com.br\/?page_id=692\" rel=\"bookmark\">Read More &raquo;<span class=\"screen-reader-text\">Stop Motions<\/span><\/a><\/p>\n","protected":false},"author":1,"featured_media":0,"parent":0,"menu_order":0,"comment_status":"closed","ping_status":"closed","template":"","meta":{"neve_meta_sidebar":"","neve_meta_container":"","neve_meta_enable_content_width":"","neve_meta_content_width":0,"neve_meta_title_alignment":"","neve_meta_author_avatar":"","neve_post_elements_order":"","neve_meta_disable_header":"","neve_meta_disable_footer":"","neve_meta_disable_title":"","_themeisle_gutenberg_block_has_review":false,"footnotes":""},"class_list":["post-692","page","type-page","status-publish","hentry"],"_links":{"self":[{"href":"https:\/\/camirim.com.br\/index.php?rest_route=\/wp\/v2\/pages\/692","targetHints":{"allow":["GET"]}}],"collection":[{"href":"https:\/\/camirim.com.br\/index.php?rest_route=\/wp\/v2\/pages"}],"about":[{"href":"https:\/\/camirim.com.br\/index.php?rest_route=\/wp\/v2\/types\/page"}],"author":[{"embeddable":true,"href":"https:\/\/camirim.com.br\/index.php?rest_route=\/wp\/v2\/users\/1"}],"replies":[{"embeddable":true,"href":"https:\/\/camirim.com.br\/index.php?rest_route=%2Fwp%2Fv2%2Fcomments&post=692"}],"version-history":[{"count":89,"href":"https:\/\/camirim.com.br\/index.php?rest_route=\/wp\/v2\/pages\/692\/revisions"}],"predecessor-version":[{"id":4532,"href":"https:\/\/camirim.com.br\/index.php?rest_route=\/wp\/v2\/pages\/692\/revisions\/4532"}],"wp:attachment":[{"href":"https:\/\/camirim.com.br\/index.php?rest_route=%2Fwp%2Fv2%2Fmedia&parent=692"}],"curies":[{"name":"wp","href":"https:\/\/api.w.org\/{rel}","templated":true}]}}