{"id":5585,"date":"2026-05-08T11:51:17","date_gmt":"2026-05-08T14:51:17","guid":{"rendered":"https:\/\/camirim.com.br\/?page_id=5585"},"modified":"2026-05-08T14:28:40","modified_gmt":"2026-05-08T17:28:40","slug":"fundacao-mauricio-grabois","status":"publish","type":"page","link":"https:\/\/camirim.com.br\/?page_id=5585","title":{"rendered":"Funda\u00e7\u00e3o Maur\u00edcio Grabois"},"content":{"rendered":"\t\t<div data-elementor-type=\"wp-page\" data-elementor-id=\"5585\" class=\"elementor elementor-5585\">\n\t\t\t\t\t\t<section class=\"elementor-section elementor-top-section elementor-element elementor-element-c2c6531 elementor-section-boxed elementor-section-height-default elementor-section-height-default\" data-id=\"c2c6531\" data-element_type=\"section\" data-e-type=\"section\">\n\t\t\t\t\t\t<div class=\"elementor-container elementor-column-gap-default\">\n\t\t\t\t\t<div class=\"elementor-column elementor-col-100 elementor-top-column elementor-element elementor-element-8bbc227\" data-id=\"8bbc227\" data-element_type=\"column\" data-e-type=\"column\">\n\t\t\t<div class=\"elementor-widget-wrap elementor-element-populated\">\n\t\t\t\t\t\t<div class=\"elementor-element elementor-element-52720e2 elementor-widget elementor-widget-text-editor\" data-id=\"52720e2\" data-element_type=\"widget\" data-e-type=\"widget\" data-widget_type=\"text-editor.default\">\n\t\t\t\t<div class=\"elementor-widget-container\">\n\t\t\t\t\t\t\t\t\t<h1>Funda\u00e7\u00e3o Maur\u00edcio Grabois\u00a0<\/h1>\t\t\t\t\t\t\t\t<\/div>\n\t\t\t\t<\/div>\n\t\t\t\t\t<\/div>\n\t\t<\/div>\n\t\t\t\t\t<\/div>\n\t\t<\/section>\n\t\t\t\t<section class=\"elementor-section elementor-top-section elementor-element elementor-element-8f86259 elementor-section-boxed elementor-section-height-default elementor-section-height-default\" data-id=\"8f86259\" data-element_type=\"section\" data-e-type=\"section\">\n\t\t\t\t\t\t<div class=\"elementor-container elementor-column-gap-default\">\n\t\t\t\t\t<div class=\"elementor-column elementor-col-100 elementor-top-column elementor-element elementor-element-adaa6e8\" data-id=\"adaa6e8\" data-element_type=\"column\" data-e-type=\"column\">\n\t\t\t<div class=\"elementor-widget-wrap elementor-element-populated\">\n\t\t\t\t\t\t<div class=\"elementor-element elementor-element-53d9ecb elementor-widget elementor-widget-text-editor\" data-id=\"53d9ecb\" data-element_type=\"widget\" data-e-type=\"widget\" data-widget_type=\"text-editor.default\">\n\t\t\t\t<div class=\"elementor-widget-container\">\n\t\t\t\t\t\t\t\t\t<p>Clique para conferir os artigos de Evaristo de Miranda, publicados periodicamente no site da Funda\u00e7\u00e3o Maur\u00edcio Grabois.\u00a0<\/p>\t\t\t\t\t\t\t\t<\/div>\n\t\t\t\t<\/div>\n\t\t\t\t\t<\/div>\n\t\t<\/div>\n\t\t\t\t\t<\/div>\n\t\t<\/section>\n\t\t\t\t<section class=\"elementor-section elementor-top-section elementor-element elementor-element-5e8dd99 elementor-section-boxed elementor-section-height-default elementor-section-height-default\" data-id=\"5e8dd99\" data-element_type=\"section\" data-e-type=\"section\">\n\t\t\t\t\t\t<div class=\"elementor-container elementor-column-gap-default\">\n\t\t\t\t\t<div class=\"elementor-column elementor-col-100 elementor-top-column elementor-element elementor-element-b2796a5\" data-id=\"b2796a5\" data-element_type=\"column\" data-e-type=\"column\">\n\t\t\t<div class=\"elementor-widget-wrap elementor-element-populated\">\n\t\t\t\t\t\t<div class=\"elementor-element elementor-element-48a7643 elementor-widget elementor-widget-text-editor\" data-id=\"48a7643\" data-element_type=\"widget\" data-e-type=\"widget\" data-widget_type=\"text-editor.default\">\n\t\t\t\t<div class=\"elementor-widget-container\">\n\t\t\t\t\t\t\t\t\t<p><a href=\"https:\/\/grabois.org.br\/pesquisa\/?search=Evaristo%20de%20Miranda\" target=\"_blank\" rel=\"noopener\">Clique aqui para acessar o site oficial da Funda\u00e7\u00e3o.<\/a><\/p>\t\t\t\t\t\t\t\t<\/div>\n\t\t\t\t<\/div>\n\t\t\t\t\t<\/div>\n\t\t<\/div>\n\t\t\t\t\t<\/div>\n\t\t<\/section>\n\t\t\t\t<section class=\"elementor-section elementor-top-section elementor-element elementor-element-46ea3ac elementor-section-boxed elementor-section-height-default elementor-section-height-default\" data-id=\"46ea3ac\" data-element_type=\"section\" data-e-type=\"section\">\n\t\t\t\t\t\t<div class=\"elementor-container elementor-column-gap-default\">\n\t\t\t\t\t<div class=\"elementor-column elementor-col-20 elementor-top-column elementor-element elementor-element-b2febc8\" data-id=\"b2febc8\" data-element_type=\"column\" data-e-type=\"column\">\n\t\t\t<div class=\"elementor-widget-wrap elementor-element-populated\">\n\t\t\t\t\t\t<div class=\"elementor-element elementor-element-d06fa85 elementor-widget elementor-widget-image\" data-id=\"d06fa85\" data-element_type=\"widget\" data-e-type=\"widget\" data-widget_type=\"image.default\">\n\t\t\t\t<div class=\"elementor-widget-container\">\n\t\t\t\t\t\t\t\t\t\t\t\t\t\t\t\t<a href=\"http:\/\/camirim.com.br\/wp-content\/uploads\/2026\/05\/Agricultores-da-Amazonia-invisiveis-ameacados-de-extincao-e-ausentes-na-COP30.pdf\" target=\"_blank\">\n\t\t\t\t\t\t\t<img fetchpriority=\"high\" decoding=\"async\" width=\"257\" height=\"344\" src=\"https:\/\/camirim.com.br\/wp-content\/uploads\/2026\/05\/Captura-de-tela-2026-05-08-141741.png\" class=\"attachment-large size-large wp-image-5611\" alt=\"\" srcset=\"https:\/\/camirim.com.br\/wp-content\/uploads\/2026\/05\/Captura-de-tela-2026-05-08-141741.png 257w, https:\/\/camirim.com.br\/wp-content\/uploads\/2026\/05\/Captura-de-tela-2026-05-08-141741-224x300.png 224w\" sizes=\"(max-width: 257px) 100vw, 257px\" \/>\t\t\t\t\t\t\t\t<\/a>\n\t\t\t\t\t\t\t\t\t\t\t\t\t\t\t<\/div>\n\t\t\t\t<\/div>\n\t\t\t\t<div class=\"elementor-element elementor-element-67ba704 elementor-widget elementor-widget-text-editor\" data-id=\"67ba704\" data-element_type=\"widget\" data-e-type=\"widget\" data-widget_type=\"text-editor.default\">\n\t\t\t\t<div class=\"elementor-widget-container\">\n\t\t\t\t\t\t\t\t\t<h6>Agricultores da Amaz\u00f4nia: invis\u00edveis, amea\u00e7ados de extin\u00e7\u00e3o e ausentes na COP30<\/h6>\t\t\t\t\t\t\t\t<\/div>\n\t\t\t\t<\/div>\n\t\t\t\t\t<\/div>\n\t\t<\/div>\n\t\t\t\t<div class=\"elementor-column elementor-col-20 elementor-top-column elementor-element elementor-element-8e580f9\" data-id=\"8e580f9\" data-element_type=\"column\" data-e-type=\"column\">\n\t\t\t<div class=\"elementor-widget-wrap elementor-element-populated\">\n\t\t\t\t\t\t<div class=\"elementor-element elementor-element-5a7b9f0 elementor-widget elementor-widget-image\" data-id=\"5a7b9f0\" data-element_type=\"widget\" data-e-type=\"widget\" data-widget_type=\"image.default\">\n\t\t\t\t<div class=\"elementor-widget-container\">\n\t\t\t\t\t\t\t\t\t\t\t\t\t\t\t\t<a href=\"http:\/\/camirim.com.br\/wp-content\/uploads\/2026\/05\/Dia-da-Caatinga-avanco-do-agro-moderno-e-limites-das-politicas-sociais-1.pdf\" target=\"_blank\">\n\t\t\t\t\t\t\t<img decoding=\"async\" width=\"258\" height=\"343\" src=\"https:\/\/camirim.com.br\/wp-content\/uploads\/2026\/05\/Captura-de-tela-2026-05-08-142027.png\" class=\"attachment-large size-large wp-image-5613\" alt=\"\" srcset=\"https:\/\/camirim.com.br\/wp-content\/uploads\/2026\/05\/Captura-de-tela-2026-05-08-142027.png 258w, https:\/\/camirim.com.br\/wp-content\/uploads\/2026\/05\/Captura-de-tela-2026-05-08-142027-226x300.png 226w\" sizes=\"(max-width: 258px) 100vw, 258px\" \/>\t\t\t\t\t\t\t\t<\/a>\n\t\t\t\t\t\t\t\t\t\t\t\t\t\t\t<\/div>\n\t\t\t\t<\/div>\n\t\t\t\t<div class=\"elementor-element elementor-element-f406081 elementor-widget elementor-widget-text-editor\" data-id=\"f406081\" data-element_type=\"widget\" data-e-type=\"widget\" data-widget_type=\"text-editor.default\">\n\t\t\t\t<div class=\"elementor-widget-container\">\n\t\t\t\t\t\t\t\t\t<h6>Dia da Caatinga: avan\u00e7o do agro moderno e limites das pol\u00edticas sociais<\/h6>\t\t\t\t\t\t\t\t<\/div>\n\t\t\t\t<\/div>\n\t\t\t\t\t<\/div>\n\t\t<\/div>\n\t\t\t\t<div class=\"elementor-column elementor-col-20 elementor-top-column elementor-element elementor-element-18cfe4a\" data-id=\"18cfe4a\" data-element_type=\"column\" data-e-type=\"column\">\n\t\t\t<div class=\"elementor-widget-wrap elementor-element-populated\">\n\t\t\t\t\t\t<div class=\"elementor-element elementor-element-be55955 elementor-widget elementor-widget-image\" data-id=\"be55955\" data-element_type=\"widget\" data-e-type=\"widget\" data-widget_type=\"image.default\">\n\t\t\t\t<div class=\"elementor-widget-container\">\n\t\t\t\t\t\t\t\t\t\t\t\t\t\t\t\t<a href=\"http:\/\/camirim.com.br\/wp-content\/uploads\/2026\/05\/Navegar-e-preciso-cultivar-tambem.pdf\" target=\"_blank\">\n\t\t\t\t\t\t\t<img decoding=\"async\" width=\"258\" height=\"345\" src=\"https:\/\/camirim.com.br\/wp-content\/uploads\/2026\/05\/Captura-de-tela-2026-05-08-142228.png\" class=\"attachment-large size-large wp-image-5615\" alt=\"\" srcset=\"https:\/\/camirim.com.br\/wp-content\/uploads\/2026\/05\/Captura-de-tela-2026-05-08-142228.png 258w, https:\/\/camirim.com.br\/wp-content\/uploads\/2026\/05\/Captura-de-tela-2026-05-08-142228-224x300.png 224w\" sizes=\"(max-width: 258px) 100vw, 258px\" \/>\t\t\t\t\t\t\t\t<\/a>\n\t\t\t\t\t\t\t\t\t\t\t\t\t\t\t<\/div>\n\t\t\t\t<\/div>\n\t\t\t\t<div class=\"elementor-element elementor-element-07607e4 elementor-widget elementor-widget-text-editor\" data-id=\"07607e4\" data-element_type=\"widget\" data-e-type=\"widget\" data-widget_type=\"text-editor.default\">\n\t\t\t\t<div class=\"elementor-widget-container\">\n\t\t\t\t\t\t\t\t\t<h6>Navegar \u00e9 preciso, cultivar tamb\u00e9m<\/h6>\t\t\t\t\t\t\t\t<\/div>\n\t\t\t\t<\/div>\n\t\t\t\t\t<\/div>\n\t\t<\/div>\n\t\t\t\t<div class=\"elementor-column elementor-col-20 elementor-top-column elementor-element elementor-element-72e5221\" data-id=\"72e5221\" data-element_type=\"column\" data-e-type=\"column\">\n\t\t\t<div class=\"elementor-widget-wrap elementor-element-populated\">\n\t\t\t\t\t\t<div class=\"elementor-element elementor-element-b94c43e elementor-widget elementor-widget-image\" data-id=\"b94c43e\" data-element_type=\"widget\" data-e-type=\"widget\" data-widget_type=\"image.default\">\n\t\t\t\t<div class=\"elementor-widget-container\">\n\t\t\t\t\t\t\t\t\t\t\t\t\t\t\t\t<a href=\"http:\/\/camirim.com.br\/wp-content\/uploads\/2026\/05\/A-guerra-chegou-na-agricultura-brasileira.pdf\" target=\"_blank\">\n\t\t\t\t\t\t\t<img loading=\"lazy\" decoding=\"async\" width=\"256\" height=\"346\" src=\"https:\/\/camirim.com.br\/wp-content\/uploads\/2026\/05\/Captura-de-tela-2026-05-08-142419.png\" class=\"attachment-large size-large wp-image-5617\" alt=\"\" srcset=\"https:\/\/camirim.com.br\/wp-content\/uploads\/2026\/05\/Captura-de-tela-2026-05-08-142419.png 256w, https:\/\/camirim.com.br\/wp-content\/uploads\/2026\/05\/Captura-de-tela-2026-05-08-142419-222x300.png 222w\" sizes=\"(max-width: 256px) 100vw, 256px\" \/>\t\t\t\t\t\t\t\t<\/a>\n\t\t\t\t\t\t\t\t\t\t\t\t\t\t\t<\/div>\n\t\t\t\t<\/div>\n\t\t\t\t<div class=\"elementor-element elementor-element-2488688 elementor-widget elementor-widget-text-editor\" data-id=\"2488688\" data-element_type=\"widget\" data-e-type=\"widget\" data-widget_type=\"text-editor.default\">\n\t\t\t\t<div class=\"elementor-widget-container\">\n\t\t\t\t\t\t\t\t\t<h6>A guerra chegou na agricultura brasileira<\/h6>\t\t\t\t\t\t\t\t<\/div>\n\t\t\t\t<\/div>\n\t\t\t\t\t<\/div>\n\t\t<\/div>\n\t\t\t\t<div class=\"elementor-column elementor-col-20 elementor-top-column elementor-element elementor-element-9ccd4f9\" data-id=\"9ccd4f9\" data-element_type=\"column\" data-e-type=\"column\">\n\t\t\t<div class=\"elementor-widget-wrap elementor-element-populated\">\n\t\t\t\t\t\t<div class=\"elementor-element elementor-element-fe95f52 elementor-widget elementor-widget-image\" data-id=\"fe95f52\" data-element_type=\"widget\" data-e-type=\"widget\" data-widget_type=\"image.default\">\n\t\t\t\t<div class=\"elementor-widget-container\">\n\t\t\t\t\t\t\t\t\t\t\t\t\t\t\t\t<a href=\"http:\/\/camirim.com.br\/wp-content\/uploads\/2026\/05\/Vantagens-para-empresas-e-agricultura-no-Acordo-Uniao-Europeia\u2013Mercosul.pdf\" target=\"_blank\">\n\t\t\t\t\t\t\t<img loading=\"lazy\" decoding=\"async\" width=\"256\" height=\"346\" src=\"https:\/\/camirim.com.br\/wp-content\/uploads\/2026\/05\/Captura-de-tela-2026-05-08-142940.png\" class=\"attachment-large size-large wp-image-5619\" alt=\"\" srcset=\"https:\/\/camirim.com.br\/wp-content\/uploads\/2026\/05\/Captura-de-tela-2026-05-08-142940.png 256w, https:\/\/camirim.com.br\/wp-content\/uploads\/2026\/05\/Captura-de-tela-2026-05-08-142940-222x300.png 222w\" sizes=\"(max-width: 256px) 100vw, 256px\" \/>\t\t\t\t\t\t\t\t<\/a>\n\t\t\t\t\t\t\t\t\t\t\t\t\t\t\t<\/div>\n\t\t\t\t<\/div>\n\t\t\t\t<div class=\"elementor-element elementor-element-19423a1 elementor-widget elementor-widget-text-editor\" data-id=\"19423a1\" data-element_type=\"widget\" data-e-type=\"widget\" data-widget_type=\"text-editor.default\">\n\t\t\t\t<div class=\"elementor-widget-container\">\n\t\t\t\t\t\t\t\t\t<h6>Vantagens para empresas e agricultura no Acordo Uni\u00e3o Europeia\u2013Mercosul<\/h6>\t\t\t\t\t\t\t\t<\/div>\n\t\t\t\t<\/div>\n\t\t\t\t\t<\/div>\n\t\t<\/div>\n\t\t\t\t\t<\/div>\n\t\t<\/section>\n\t\t\t\t<section class=\"elementor-section elementor-top-section elementor-element elementor-element-e38d760 elementor-section-boxed elementor-section-height-default elementor-section-height-default\" data-id=\"e38d760\" data-element_type=\"section\" data-e-type=\"section\">\n\t\t\t\t\t\t<div class=\"elementor-container elementor-column-gap-default\">\n\t\t\t\t\t<div class=\"elementor-column elementor-col-100 elementor-top-column elementor-element elementor-element-52edb86\" data-id=\"52edb86\" data-element_type=\"column\" data-e-type=\"column\">\n\t\t\t<div class=\"elementor-widget-wrap elementor-element-populated\">\n\t\t\t\t\t\t<div class=\"elementor-element elementor-element-577b9f5 elementor-widget elementor-widget-text-editor\" data-id=\"577b9f5\" data-element_type=\"widget\" data-e-type=\"widget\" data-widget_type=\"text-editor.default\">\n\t\t\t\t<div class=\"elementor-widget-container\">\n\t\t\t\t\t\t\t\t\t<p><em>(em constru\u00e7\u00e3o)\u00a0<\/em><\/p>\t\t\t\t\t\t\t\t<\/div>\n\t\t\t\t<\/div>\n\t\t\t\t\t<\/div>\n\t\t<\/div>\n\t\t\t\t\t<\/div>\n\t\t<\/section>\n\t\t\t\t<\/div>\n\t\t","protected":false},"excerpt":{"rendered":"<p>Funda\u00e7\u00e3o Maur\u00edcio Grabois\u00a0 Clique para conferir os artigos de Evaristo de Miranda, publicados periodicamente no site da Funda\u00e7\u00e3o Maur\u00edcio Grabois.\u00a0 Clique aqui para acessar o site oficial da Funda\u00e7\u00e3o. Agricultores da Amaz\u00f4nia: invis\u00edveis, amea\u00e7ados de extin\u00e7\u00e3o e ausentes na COP30 Dia da Caatinga: avan\u00e7o do agro moderno e limites das pol\u00edticas sociais Navegar \u00e9 preciso,&hellip;&nbsp;<a href=\"https:\/\/camirim.com.br\/?page_id=5585\" rel=\"bookmark\">Read More &raquo;<span class=\"screen-reader-text\">Funda\u00e7\u00e3o Maur\u00edcio Grabois<\/span><\/a><\/p>\n","protected":false},"author":1,"featured_media":0,"parent":0,"menu_order":0,"comment_status":"closed","ping_status":"closed","template":"page-templates\/template-pagebuilder-full-width.php","meta":{"neve_meta_sidebar":"","neve_meta_container":"","neve_meta_enable_content_width":"","neve_meta_content_width":0,"neve_meta_title_alignment":"","neve_meta_author_avatar":"","neve_post_elements_order":"","neve_meta_disable_header":"","neve_meta_disable_footer":"","neve_meta_disable_title":"","_themeisle_gutenberg_block_has_review":false,"footnotes":""},"class_list":["post-5585","page","type-page","status-publish","hentry"],"_links":{"self":[{"href":"https:\/\/camirim.com.br\/index.php?rest_route=\/wp\/v2\/pages\/5585","targetHints":{"allow":["GET"]}}],"collection":[{"href":"https:\/\/camirim.com.br\/index.php?rest_route=\/wp\/v2\/pages"}],"about":[{"href":"https:\/\/camirim.com.br\/index.php?rest_route=\/wp\/v2\/types\/page"}],"author":[{"embeddable":true,"href":"https:\/\/camirim.com.br\/index.php?rest_route=\/wp\/v2\/users\/1"}],"replies":[{"embeddable":true,"href":"https:\/\/camirim.com.br\/index.php?rest_route=%2Fwp%2Fv2%2Fcomments&post=5585"}],"version-history":[{"count":10,"href":"https:\/\/camirim.com.br\/index.php?rest_route=\/wp\/v2\/pages\/5585\/revisions"}],"predecessor-version":[{"id":5626,"href":"https:\/\/camirim.com.br\/index.php?rest_route=\/wp\/v2\/pages\/5585\/revisions\/5626"}],"wp:attachment":[{"href":"https:\/\/camirim.com.br\/index.php?rest_route=%2Fwp%2Fv2%2Fmedia&parent=5585"}],"curies":[{"name":"wp","href":"https:\/\/api.w.org\/{rel}","templated":true}]}}