{"id":4598,"date":"2024-12-13T09:40:11","date_gmt":"2024-12-13T12:40:11","guid":{"rendered":"https:\/\/camirim.com.br\/?page_id=4598"},"modified":"2026-04-22T14:44:38","modified_gmt":"2026-04-22T17:44:38","slug":"sociedade-nacional-de-agricultura","status":"publish","type":"page","link":"https:\/\/camirim.com.br\/?page_id=4598","title":{"rendered":"Sociedade Nacional de Agricultura"},"content":{"rendered":"\t\t<div data-elementor-type=\"wp-page\" data-elementor-id=\"4598\" class=\"elementor elementor-4598\">\n\t\t\t\t\t\t<section class=\"elementor-section elementor-top-section elementor-element elementor-element-8e10328 elementor-section-boxed elementor-section-height-default elementor-section-height-default\" data-id=\"8e10328\" data-element_type=\"section\" data-e-type=\"section\">\n\t\t\t\t\t\t<div class=\"elementor-container elementor-column-gap-default\">\n\t\t\t\t\t<div class=\"elementor-column elementor-col-100 elementor-top-column elementor-element elementor-element-3cc1a26\" data-id=\"3cc1a26\" data-element_type=\"column\" data-e-type=\"column\">\n\t\t\t<div class=\"elementor-widget-wrap elementor-element-populated\">\n\t\t\t\t\t\t<div class=\"elementor-element elementor-element-fc7551b elementor-widget elementor-widget-text-editor\" data-id=\"fc7551b\" data-element_type=\"widget\" data-e-type=\"widget\" data-widget_type=\"text-editor.default\">\n\t\t\t\t<div class=\"elementor-widget-container\">\n\t\t\t\t\t\t\t\t\t<h1>Sociedade Nacional de Agricultura<\/h1>\t\t\t\t\t\t\t\t<\/div>\n\t\t\t\t<\/div>\n\t\t\t\t<div class=\"elementor-element elementor-element-53252d0 elementor-widget elementor-widget-text-editor\" data-id=\"53252d0\" data-element_type=\"widget\" data-e-type=\"widget\" data-widget_type=\"text-editor.default\">\n\t\t\t\t<div class=\"elementor-widget-container\">\n\t\t\t\t\t\t\t\t\t<p>Clique para conferir os artigos de Evaristo de Miranda, publicados no site da Sociedade Nacional de Agricultura.<\/p><p><a href=\"https:\/\/sna.agr.br\/?s=Evaristo+de+Miranda\" target=\"_blank\" rel=\"noopener\">Clique aqui para acessar o site oficial<\/a>.<\/p>\t\t\t\t\t\t\t\t<\/div>\n\t\t\t\t<\/div>\n\t\t\t\t\t<\/div>\n\t\t<\/div>\n\t\t\t\t\t<\/div>\n\t\t<\/section>\n\t\t\t\t<section class=\"elementor-section elementor-top-section elementor-element elementor-element-d0e8da7 elementor-section-boxed elementor-section-height-default elementor-section-height-default\" data-id=\"d0e8da7\" data-element_type=\"section\" data-e-type=\"section\">\n\t\t\t\t\t\t<div class=\"elementor-container elementor-column-gap-default\">\n\t\t\t\t\t<div class=\"elementor-column elementor-col-20 elementor-top-column elementor-element elementor-element-995877a\" data-id=\"995877a\" data-element_type=\"column\" data-e-type=\"column\">\n\t\t\t<div class=\"elementor-widget-wrap elementor-element-populated\">\n\t\t\t\t\t\t<div class=\"elementor-element elementor-element-5c3d1d8 elementor-widget elementor-widget-image\" data-id=\"5c3d1d8\" data-element_type=\"widget\" data-e-type=\"widget\" data-widget_type=\"image.default\">\n\t\t\t\t<div class=\"elementor-widget-container\">\n\t\t\t\t\t\t\t\t\t\t\t\t\t\t\t\t<a href=\"http:\/\/camirim.com.br\/wp-content\/uploads\/2026\/04\/22-ABRIL_-NAVEGAR-E-PRECISO.-Por-Evaristo-de-Miranda-Sociedade-Nacional-de-Agricultura.pdf\" target=\"_blank\">\n\t\t\t\t\t\t\t<img fetchpriority=\"high\" decoding=\"async\" width=\"640\" height=\"360\" src=\"https:\/\/camirim.com.br\/wp-content\/uploads\/2026\/04\/Novo-Site-Camirim.png\" class=\"attachment-large size-large wp-image-5246\" alt=\"\" srcset=\"https:\/\/camirim.com.br\/wp-content\/uploads\/2026\/04\/Novo-Site-Camirim.png 640w, https:\/\/camirim.com.br\/wp-content\/uploads\/2026\/04\/Novo-Site-Camirim-300x169.png 300w\" sizes=\"(max-width: 640px) 100vw, 640px\" \/>\t\t\t\t\t\t\t\t<\/a>\n\t\t\t\t\t\t\t\t\t\t\t\t\t\t\t<\/div>\n\t\t\t\t<\/div>\n\t\t\t\t<div class=\"elementor-element elementor-element-4b76f7c elementor-widget elementor-widget-text-editor\" data-id=\"4b76f7c\" data-element_type=\"widget\" data-e-type=\"widget\" data-widget_type=\"text-editor.default\">\n\t\t\t\t<div class=\"elementor-widget-container\">\n\t\t\t\t\t\t\t\t\t<h6 class=\"elementor-heading-title elementor-size-default\">22 abril: navegar \u00e9 preciso<\/h6>\t\t\t\t\t\t\t\t<\/div>\n\t\t\t\t<\/div>\n\t\t\t\t\t<\/div>\n\t\t<\/div>\n\t\t\t\t<div class=\"elementor-column elementor-col-20 elementor-top-column elementor-element elementor-element-de1f9ec\" data-id=\"de1f9ec\" data-element_type=\"column\" data-e-type=\"column\">\n\t\t\t<div class=\"elementor-widget-wrap elementor-element-populated\">\n\t\t\t\t\t\t<div class=\"elementor-element elementor-element-0fea4e8 elementor-widget elementor-widget-image\" data-id=\"0fea4e8\" data-element_type=\"widget\" data-e-type=\"widget\" data-widget_type=\"image.default\">\n\t\t\t\t<div class=\"elementor-widget-container\">\n\t\t\t\t\t\t\t\t\t\t\t\t\t\t\t\t<a href=\"http:\/\/camirim.com.br\/wp-content\/uploads\/2026\/04\/A-Guerra-Chegou-na-Agricultura-Brasileira.-Por-Evaristo-de-Miranda-Sociedade-Nacional-de-Agricultura.pdf\" target=\"_blank\">\n\t\t\t\t\t\t\t<img decoding=\"async\" width=\"640\" height=\"360\" src=\"https:\/\/camirim.com.br\/wp-content\/uploads\/2026\/04\/Novo-Site-Camirim-1.png\" class=\"attachment-large size-large wp-image-5247\" alt=\"\" srcset=\"https:\/\/camirim.com.br\/wp-content\/uploads\/2026\/04\/Novo-Site-Camirim-1.png 640w, https:\/\/camirim.com.br\/wp-content\/uploads\/2026\/04\/Novo-Site-Camirim-1-300x169.png 300w\" sizes=\"(max-width: 640px) 100vw, 640px\" \/>\t\t\t\t\t\t\t\t<\/a>\n\t\t\t\t\t\t\t\t\t\t\t\t\t\t\t<\/div>\n\t\t\t\t<\/div>\n\t\t\t\t<div class=\"elementor-element elementor-element-de0961e elementor-widget elementor-widget-text-editor\" data-id=\"de0961e\" data-element_type=\"widget\" data-e-type=\"widget\" data-widget_type=\"text-editor.default\">\n\t\t\t\t<div class=\"elementor-widget-container\">\n\t\t\t\t\t\t\t\t\t<h6 class=\"elementor-heading-title elementor-size-default\">A Guerra Chegou na Agricultura Brasileira<\/h6>\t\t\t\t\t\t\t\t<\/div>\n\t\t\t\t<\/div>\n\t\t\t\t\t<\/div>\n\t\t<\/div>\n\t\t\t\t<div class=\"elementor-column elementor-col-20 elementor-top-column elementor-element elementor-element-d054620\" data-id=\"d054620\" data-element_type=\"column\" data-e-type=\"column\">\n\t\t\t<div class=\"elementor-widget-wrap elementor-element-populated\">\n\t\t\t\t\t\t<div class=\"elementor-element elementor-element-a92746d elementor-widget elementor-widget-image\" data-id=\"a92746d\" data-element_type=\"widget\" data-e-type=\"widget\" data-widget_type=\"image.default\">\n\t\t\t\t<div class=\"elementor-widget-container\">\n\t\t\t\t\t\t\t\t\t\t\t\t\t\t\t\t<a href=\"http:\/\/camirim.com.br\/wp-content\/uploads\/2026\/04\/O-Agro-festeja-o-aniversario-de-Cuiaba.-Por-Evaristo-de-Miranda-Sociedade-Nacional-de-Agricultura.pdf\" target=\"_blank\">\n\t\t\t\t\t\t\t<img decoding=\"async\" width=\"640\" height=\"360\" src=\"https:\/\/camirim.com.br\/wp-content\/uploads\/2026\/04\/Novo-Site-Camirim-2.png\" class=\"attachment-large size-large wp-image-5248\" alt=\"\" srcset=\"https:\/\/camirim.com.br\/wp-content\/uploads\/2026\/04\/Novo-Site-Camirim-2.png 640w, https:\/\/camirim.com.br\/wp-content\/uploads\/2026\/04\/Novo-Site-Camirim-2-300x169.png 300w\" sizes=\"(max-width: 640px) 100vw, 640px\" \/>\t\t\t\t\t\t\t\t<\/a>\n\t\t\t\t\t\t\t\t\t\t\t\t\t\t\t<\/div>\n\t\t\t\t<\/div>\n\t\t\t\t<div class=\"elementor-element elementor-element-331cd62 elementor-widget elementor-widget-text-editor\" data-id=\"331cd62\" data-element_type=\"widget\" data-e-type=\"widget\" data-widget_type=\"text-editor.default\">\n\t\t\t\t<div class=\"elementor-widget-container\">\n\t\t\t\t\t\t\t\t\t<h6 class=\"elementor-heading-title elementor-size-default\">O Agro festeja o anivers\u00e1rio de Cuiab\u00e1<\/h6>\t\t\t\t\t\t\t\t<\/div>\n\t\t\t\t<\/div>\n\t\t\t\t\t<\/div>\n\t\t<\/div>\n\t\t\t\t<div class=\"elementor-column elementor-col-20 elementor-top-column elementor-element elementor-element-c766f84\" data-id=\"c766f84\" data-element_type=\"column\" data-e-type=\"column\">\n\t\t\t<div class=\"elementor-widget-wrap elementor-element-populated\">\n\t\t\t\t\t\t<div class=\"elementor-element elementor-element-cb7e69a elementor-widget elementor-widget-image\" data-id=\"cb7e69a\" data-element_type=\"widget\" data-e-type=\"widget\" data-widget_type=\"image.default\">\n\t\t\t\t<div class=\"elementor-widget-container\">\n\t\t\t\t\t\t\t\t\t\t\t\t\t\t\t\t<a href=\"http:\/\/camirim.com.br\/wp-content\/uploads\/2026\/04\/Sem-soja-nao-ha-file-de-peixe.-Por-Evaristo-de-Miranda-Sociedade-Nacional-de-Agricultura.pdf\" target=\"_blank\">\n\t\t\t\t\t\t\t<img loading=\"lazy\" decoding=\"async\" width=\"640\" height=\"360\" src=\"https:\/\/camirim.com.br\/wp-content\/uploads\/2026\/04\/Novo-Site-Camirim-3.png\" class=\"attachment-large size-large wp-image-5249\" alt=\"\" srcset=\"https:\/\/camirim.com.br\/wp-content\/uploads\/2026\/04\/Novo-Site-Camirim-3.png 640w, https:\/\/camirim.com.br\/wp-content\/uploads\/2026\/04\/Novo-Site-Camirim-3-300x169.png 300w\" sizes=\"(max-width: 640px) 100vw, 640px\" \/>\t\t\t\t\t\t\t\t<\/a>\n\t\t\t\t\t\t\t\t\t\t\t\t\t\t\t<\/div>\n\t\t\t\t<\/div>\n\t\t\t\t<div class=\"elementor-element elementor-element-ef6534e elementor-widget elementor-widget-text-editor\" data-id=\"ef6534e\" data-element_type=\"widget\" data-e-type=\"widget\" data-widget_type=\"text-editor.default\">\n\t\t\t\t<div class=\"elementor-widget-container\">\n\t\t\t\t\t\t\t\t\t<h6 class=\"elementor-heading-title elementor-size-default\">Sem soja, n\u00e3o h\u00e1 fil\u00e9 de peixe<\/h6>\t\t\t\t\t\t\t\t<\/div>\n\t\t\t\t<\/div>\n\t\t\t\t\t<\/div>\n\t\t<\/div>\n\t\t\t\t<div class=\"elementor-column elementor-col-20 elementor-top-column elementor-element elementor-element-c23c95c\" data-id=\"c23c95c\" data-element_type=\"column\" data-e-type=\"column\">\n\t\t\t<div class=\"elementor-widget-wrap elementor-element-populated\">\n\t\t\t\t\t\t<div class=\"elementor-element elementor-element-bb0e9ef elementor-widget elementor-widget-image\" data-id=\"bb0e9ef\" data-element_type=\"widget\" data-e-type=\"widget\" data-widget_type=\"image.default\">\n\t\t\t\t<div class=\"elementor-widget-container\">\n\t\t\t\t\t\t\t\t\t\t\t\t\t\t\t\t<a href=\"http:\/\/camirim.com.br\/wp-content\/uploads\/2026\/04\/Tem-cacau-no-seu-chocolate_-Por-Evaristo-de-Miranda-Sociedade-Nacional-de-Agricultura.pdf\" target=\"_blank\">\n\t\t\t\t\t\t\t<img loading=\"lazy\" decoding=\"async\" width=\"640\" height=\"360\" src=\"https:\/\/camirim.com.br\/wp-content\/uploads\/2026\/04\/Novo-Site-Camirim-4.png\" class=\"attachment-large size-large wp-image-5250\" alt=\"\" srcset=\"https:\/\/camirim.com.br\/wp-content\/uploads\/2026\/04\/Novo-Site-Camirim-4.png 640w, https:\/\/camirim.com.br\/wp-content\/uploads\/2026\/04\/Novo-Site-Camirim-4-300x169.png 300w\" sizes=\"(max-width: 640px) 100vw, 640px\" \/>\t\t\t\t\t\t\t\t<\/a>\n\t\t\t\t\t\t\t\t\t\t\t\t\t\t\t<\/div>\n\t\t\t\t<\/div>\n\t\t\t\t<div class=\"elementor-element elementor-element-bcea604 elementor-widget elementor-widget-text-editor\" data-id=\"bcea604\" data-element_type=\"widget\" data-e-type=\"widget\" data-widget_type=\"text-editor.default\">\n\t\t\t\t<div class=\"elementor-widget-container\">\n\t\t\t\t\t\t\t\t\t<h6 class=\"elementor-heading-title elementor-size-default\">Tem cacau no seu chocolate?<\/h6>\t\t\t\t\t\t\t\t<\/div>\n\t\t\t\t<\/div>\n\t\t\t\t\t<\/div>\n\t\t<\/div>\n\t\t\t\t\t<\/div>\n\t\t<\/section>\n\t\t\t\t<section class=\"elementor-section elementor-top-section elementor-element elementor-element-10b0d07 elementor-section-boxed elementor-section-height-default elementor-section-height-default\" data-id=\"10b0d07\" data-element_type=\"section\" data-e-type=\"section\">\n\t\t\t\t\t\t<div class=\"elementor-container elementor-column-gap-default\">\n\t\t\t\t\t<div class=\"elementor-column elementor-col-20 elementor-top-column elementor-element elementor-element-ad5a099\" data-id=\"ad5a099\" data-element_type=\"column\" data-e-type=\"column\">\n\t\t\t<div class=\"elementor-widget-wrap elementor-element-populated\">\n\t\t\t\t\t\t<div class=\"elementor-element elementor-element-ac03e61 elementor-widget elementor-widget-image\" data-id=\"ac03e61\" data-element_type=\"widget\" data-e-type=\"widget\" data-widget_type=\"image.default\">\n\t\t\t\t<div class=\"elementor-widget-container\">\n\t\t\t\t\t\t\t\t\t\t\t\t\t\t\t\t<a href=\"http:\/\/camirim.com.br\/wp-content\/uploads\/2026\/04\/Agro-Equinocio-e-Sao-Jose.-Por-Evaristo-de-Miranda-Sociedade-Nacional-de-Agricultura.pdf\" target=\"_blank\">\n\t\t\t\t\t\t\t<img loading=\"lazy\" decoding=\"async\" width=\"640\" height=\"360\" src=\"https:\/\/camirim.com.br\/wp-content\/uploads\/2026\/04\/Novo-Site-Camirim-1-1.png\" class=\"attachment-large size-large wp-image-5252\" alt=\"\" srcset=\"https:\/\/camirim.com.br\/wp-content\/uploads\/2026\/04\/Novo-Site-Camirim-1-1.png 640w, https:\/\/camirim.com.br\/wp-content\/uploads\/2026\/04\/Novo-Site-Camirim-1-1-300x169.png 300w\" sizes=\"(max-width: 640px) 100vw, 640px\" \/>\t\t\t\t\t\t\t\t<\/a>\n\t\t\t\t\t\t\t\t\t\t\t\t\t\t\t<\/div>\n\t\t\t\t<\/div>\n\t\t\t\t<div class=\"elementor-element elementor-element-f1a22d5 elementor-widget elementor-widget-text-editor\" data-id=\"f1a22d5\" data-element_type=\"widget\" data-e-type=\"widget\" data-widget_type=\"text-editor.default\">\n\t\t\t\t<div class=\"elementor-widget-container\">\n\t\t\t\t\t\t\t\t\t<h6 class=\"elementor-heading-title elementor-size-default\">Agro, Equin\u00f3cio e S\u00e3o Jos\u00e9<\/h6>\t\t\t\t\t\t\t\t<\/div>\n\t\t\t\t<\/div>\n\t\t\t\t\t<\/div>\n\t\t<\/div>\n\t\t\t\t<div class=\"elementor-column elementor-col-20 elementor-top-column elementor-element elementor-element-fe1660b\" data-id=\"fe1660b\" data-element_type=\"column\" data-e-type=\"column\">\n\t\t\t<div class=\"elementor-widget-wrap elementor-element-populated\">\n\t\t\t\t\t\t<div class=\"elementor-element elementor-element-25d46cd elementor-widget elementor-widget-image\" data-id=\"25d46cd\" data-element_type=\"widget\" data-e-type=\"widget\" data-widget_type=\"image.default\">\n\t\t\t\t<div class=\"elementor-widget-container\">\n\t\t\t\t\t\t\t\t\t\t\t\t\t\t\t\t<a href=\"http:\/\/camirim.com.br\/wp-content\/uploads\/2026\/04\/O-Agronegocio-Salvou-o-PIB.-Quem-Salva-o-Agronegocio_-Por-Evaristo-de-Miranda-Sociedade-Nacional-de-Agricultura.pdf\" target=\"_blank\">\n\t\t\t\t\t\t\t<img loading=\"lazy\" decoding=\"async\" width=\"640\" height=\"360\" src=\"https:\/\/camirim.com.br\/wp-content\/uploads\/2026\/04\/Novo-Site-Camirim-2-1.png\" class=\"attachment-large size-large wp-image-5255\" alt=\"\" srcset=\"https:\/\/camirim.com.br\/wp-content\/uploads\/2026\/04\/Novo-Site-Camirim-2-1.png 640w, https:\/\/camirim.com.br\/wp-content\/uploads\/2026\/04\/Novo-Site-Camirim-2-1-300x169.png 300w\" sizes=\"(max-width: 640px) 100vw, 640px\" \/>\t\t\t\t\t\t\t\t<\/a>\n\t\t\t\t\t\t\t\t\t\t\t\t\t\t\t<\/div>\n\t\t\t\t<\/div>\n\t\t\t\t<div class=\"elementor-element elementor-element-96f9cfa elementor-widget elementor-widget-text-editor\" data-id=\"96f9cfa\" data-element_type=\"widget\" data-e-type=\"widget\" data-widget_type=\"text-editor.default\">\n\t\t\t\t<div class=\"elementor-widget-container\">\n\t\t\t\t\t\t\t\t\t<h6 class=\"elementor-heading-title elementor-size-default\">O Agroneg\u00f3cio Salvou o PIB. Quem Salva o Agroneg\u00f3cio?<\/h6>\t\t\t\t\t\t\t\t<\/div>\n\t\t\t\t<\/div>\n\t\t\t\t\t<\/div>\n\t\t<\/div>\n\t\t\t\t<div class=\"elementor-column elementor-col-20 elementor-top-column elementor-element elementor-element-b427ece\" data-id=\"b427ece\" data-element_type=\"column\" data-e-type=\"column\">\n\t\t\t<div class=\"elementor-widget-wrap elementor-element-populated\">\n\t\t\t\t\t\t<div class=\"elementor-element elementor-element-5505a6b elementor-widget elementor-widget-image\" data-id=\"5505a6b\" data-element_type=\"widget\" data-e-type=\"widget\" data-widget_type=\"image.default\">\n\t\t\t\t<div class=\"elementor-widget-container\">\n\t\t\t\t\t\t\t\t\t\t\t\t\t\t\t\t<a href=\"http:\/\/camirim.com.br\/wp-content\/uploads\/2026\/04\/Gauchos-Morrem-Saudaveis_-Por-Evaristo-de-Miranda-Sociedade-Nacional-de-Agricultura.pdf\" target=\"_blank\">\n\t\t\t\t\t\t\t<img loading=\"lazy\" decoding=\"async\" width=\"640\" height=\"360\" src=\"https:\/\/camirim.com.br\/wp-content\/uploads\/2026\/04\/Novo-Site-Camirim-3-1.png\" class=\"attachment-large size-large wp-image-5257\" alt=\"\" srcset=\"https:\/\/camirim.com.br\/wp-content\/uploads\/2026\/04\/Novo-Site-Camirim-3-1.png 640w, https:\/\/camirim.com.br\/wp-content\/uploads\/2026\/04\/Novo-Site-Camirim-3-1-300x169.png 300w\" sizes=\"(max-width: 640px) 100vw, 640px\" \/>\t\t\t\t\t\t\t\t<\/a>\n\t\t\t\t\t\t\t\t\t\t\t\t\t\t\t<\/div>\n\t\t\t\t<\/div>\n\t\t\t\t<div class=\"elementor-element elementor-element-c0cb034 elementor-widget elementor-widget-text-editor\" data-id=\"c0cb034\" data-element_type=\"widget\" data-e-type=\"widget\" data-widget_type=\"text-editor.default\">\n\t\t\t\t<div class=\"elementor-widget-container\">\n\t\t\t\t\t\t\t\t\t<h5 class=\"elementor-heading-title elementor-size-default\">Ga\u00fachos Morrem Saud\u00e1veis?<\/h5>\t\t\t\t\t\t\t\t<\/div>\n\t\t\t\t<\/div>\n\t\t\t\t\t<\/div>\n\t\t<\/div>\n\t\t\t\t<div class=\"elementor-column elementor-col-20 elementor-top-column elementor-element elementor-element-724f2b9\" data-id=\"724f2b9\" data-element_type=\"column\" data-e-type=\"column\">\n\t\t\t<div class=\"elementor-widget-wrap elementor-element-populated\">\n\t\t\t\t\t\t<div class=\"elementor-element elementor-element-fdb76d1 elementor-widget elementor-widget-image\" data-id=\"fdb76d1\" data-element_type=\"widget\" data-e-type=\"widget\" data-widget_type=\"image.default\">\n\t\t\t\t<div class=\"elementor-widget-container\">\n\t\t\t\t\t\t\t\t\t\t\t\t\t\t\t\t<a href=\"http:\/\/camirim.com.br\/wp-content\/uploads\/2026\/04\/Razoes-para-Festejar-o-Agronegocio.-Por-Evaristo-de-Miranda-Sociedade-Nacional-de-Agricultura.pdf\" target=\"_blank\">\n\t\t\t\t\t\t\t<img loading=\"lazy\" decoding=\"async\" width=\"640\" height=\"360\" src=\"https:\/\/camirim.com.br\/wp-content\/uploads\/2026\/04\/Novo-Site-Camirim-4-1.png\" class=\"attachment-large size-large wp-image-5259\" alt=\"\" srcset=\"https:\/\/camirim.com.br\/wp-content\/uploads\/2026\/04\/Novo-Site-Camirim-4-1.png 640w, https:\/\/camirim.com.br\/wp-content\/uploads\/2026\/04\/Novo-Site-Camirim-4-1-300x169.png 300w\" sizes=\"(max-width: 640px) 100vw, 640px\" \/>\t\t\t\t\t\t\t\t<\/a>\n\t\t\t\t\t\t\t\t\t\t\t\t\t\t\t<\/div>\n\t\t\t\t<\/div>\n\t\t\t\t<div class=\"elementor-element elementor-element-8036039 elementor-widget elementor-widget-text-editor\" data-id=\"8036039\" data-element_type=\"widget\" data-e-type=\"widget\" data-widget_type=\"text-editor.default\">\n\t\t\t\t<div class=\"elementor-widget-container\">\n\t\t\t\t\t\t\t\t\t<h6 class=\"elementor-heading-title elementor-size-default\">Raz\u00f5es para Festejar o Agroneg\u00f3cio<\/h6>\t\t\t\t\t\t\t\t<\/div>\n\t\t\t\t<\/div>\n\t\t\t\t\t<\/div>\n\t\t<\/div>\n\t\t\t\t<div class=\"elementor-column elementor-col-20 elementor-top-column elementor-element elementor-element-cd5fc2a\" data-id=\"cd5fc2a\" data-element_type=\"column\" data-e-type=\"column\">\n\t\t\t<div class=\"elementor-widget-wrap elementor-element-populated\">\n\t\t\t\t\t\t<div class=\"elementor-element elementor-element-89a7d09 elementor-widget elementor-widget-image\" data-id=\"89a7d09\" data-element_type=\"widget\" data-e-type=\"widget\" data-widget_type=\"image.default\">\n\t\t\t\t<div class=\"elementor-widget-container\">\n\t\t\t\t\t\t\t\t\t\t\t\t\t\t\t\t<a href=\"http:\/\/camirim.com.br\/wp-content\/uploads\/2026\/04\/Arroz-sem-feijao_-Por-Evaristo-de-Miranda-Sociedade-Nacional-de-Agricultura.pdf\" target=\"_blank\">\n\t\t\t\t\t\t\t<img loading=\"lazy\" decoding=\"async\" width=\"640\" height=\"360\" src=\"https:\/\/camirim.com.br\/wp-content\/uploads\/2026\/04\/Novo-Site-Camirim-5.png\" class=\"attachment-large size-large wp-image-5265\" alt=\"\" srcset=\"https:\/\/camirim.com.br\/wp-content\/uploads\/2026\/04\/Novo-Site-Camirim-5.png 640w, https:\/\/camirim.com.br\/wp-content\/uploads\/2026\/04\/Novo-Site-Camirim-5-300x169.png 300w\" sizes=\"(max-width: 640px) 100vw, 640px\" \/>\t\t\t\t\t\t\t\t<\/a>\n\t\t\t\t\t\t\t\t\t\t\t\t\t\t\t<\/div>\n\t\t\t\t<\/div>\n\t\t\t\t<div class=\"elementor-element elementor-element-3cfef80 elementor-widget elementor-widget-text-editor\" data-id=\"3cfef80\" data-element_type=\"widget\" data-e-type=\"widget\" data-widget_type=\"text-editor.default\">\n\t\t\t\t<div class=\"elementor-widget-container\">\n\t\t\t\t\t\t\t\t\t<h6 class=\"elementor-heading-title elementor-size-default\">Arroz sem feij\u00e3o?<\/h6>\t\t\t\t\t\t\t\t<\/div>\n\t\t\t\t<\/div>\n\t\t\t\t\t<\/div>\n\t\t<\/div>\n\t\t\t\t\t<\/div>\n\t\t<\/section>\n\t\t\t\t<section class=\"elementor-section elementor-top-section elementor-element elementor-element-d16e8e8 elementor-section-boxed elementor-section-height-default elementor-section-height-default\" data-id=\"d16e8e8\" data-element_type=\"section\" data-e-type=\"section\">\n\t\t\t\t\t\t<div class=\"elementor-container elementor-column-gap-default\">\n\t\t\t\t\t<div class=\"elementor-column elementor-col-20 elementor-top-column elementor-element elementor-element-e351a31\" data-id=\"e351a31\" data-element_type=\"column\" data-e-type=\"column\">\n\t\t\t<div class=\"elementor-widget-wrap\">\n\t\t\t\t\t\t\t<\/div>\n\t\t<\/div>\n\t\t\t\t<div class=\"elementor-column elementor-col-20 elementor-top-column elementor-element elementor-element-e865843\" data-id=\"e865843\" data-element_type=\"column\" data-e-type=\"column\">\n\t\t\t<div class=\"elementor-widget-wrap\">\n\t\t\t\t\t\t\t<\/div>\n\t\t<\/div>\n\t\t\t\t<div class=\"elementor-column elementor-col-20 elementor-top-column elementor-element elementor-element-4d8f359\" data-id=\"4d8f359\" data-element_type=\"column\" data-e-type=\"column\">\n\t\t\t<div class=\"elementor-widget-wrap\">\n\t\t\t\t\t\t\t<\/div>\n\t\t<\/div>\n\t\t\t\t<div class=\"elementor-column elementor-col-20 elementor-top-column elementor-element elementor-element-7e6ac51\" data-id=\"7e6ac51\" data-element_type=\"column\" data-e-type=\"column\">\n\t\t\t<div class=\"elementor-widget-wrap\">\n\t\t\t\t\t\t\t<\/div>\n\t\t<\/div>\n\t\t\t\t<div class=\"elementor-column elementor-col-20 elementor-top-column elementor-element elementor-element-b58e3bc\" data-id=\"b58e3bc\" data-element_type=\"column\" data-e-type=\"column\">\n\t\t\t<div class=\"elementor-widget-wrap\">\n\t\t\t\t\t\t\t<\/div>\n\t\t<\/div>\n\t\t\t\t\t<\/div>\n\t\t<\/section>\n\t\t\t\t<\/div>\n\t\t","protected":false},"excerpt":{"rendered":"<p>Sociedade Nacional de Agricultura Clique para conferir os artigos de Evaristo de Miranda, publicados no site da Sociedade Nacional de Agricultura. Clique aqui para acessar o site oficial. 22 abril: navegar \u00e9 preciso A Guerra Chegou na Agricultura Brasileira O Agro festeja o anivers\u00e1rio de Cuiab\u00e1 Sem soja, n\u00e3o h\u00e1 fil\u00e9 de peixe Tem cacau&hellip;&nbsp;<a href=\"https:\/\/camirim.com.br\/?page_id=4598\" rel=\"bookmark\">Read More &raquo;<span class=\"screen-reader-text\">Sociedade Nacional de Agricultura<\/span><\/a><\/p>\n","protected":false},"author":1,"featured_media":0,"parent":0,"menu_order":0,"comment_status":"closed","ping_status":"closed","template":"page-templates\/template-pagebuilder-full-width.php","meta":{"neve_meta_sidebar":"","neve_meta_container":"","neve_meta_enable_content_width":"","neve_meta_content_width":0,"neve_meta_title_alignment":"","neve_meta_author_avatar":"","neve_post_elements_order":"","neve_meta_disable_header":"","neve_meta_disable_footer":"","neve_meta_disable_title":"","_themeisle_gutenberg_block_has_review":false,"footnotes":""},"class_list":["post-4598","page","type-page","status-publish","hentry"],"_links":{"self":[{"href":"https:\/\/camirim.com.br\/index.php?rest_route=\/wp\/v2\/pages\/4598","targetHints":{"allow":["GET"]}}],"collection":[{"href":"https:\/\/camirim.com.br\/index.php?rest_route=\/wp\/v2\/pages"}],"about":[{"href":"https:\/\/camirim.com.br\/index.php?rest_route=\/wp\/v2\/types\/page"}],"author":[{"embeddable":true,"href":"https:\/\/camirim.com.br\/index.php?rest_route=\/wp\/v2\/users\/1"}],"replies":[{"embeddable":true,"href":"https:\/\/camirim.com.br\/index.php?rest_route=%2Fwp%2Fv2%2Fcomments&post=4598"}],"version-history":[{"count":20,"href":"https:\/\/camirim.com.br\/index.php?rest_route=\/wp\/v2\/pages\/4598\/revisions"}],"predecessor-version":[{"id":5271,"href":"https:\/\/camirim.com.br\/index.php?rest_route=\/wp\/v2\/pages\/4598\/revisions\/5271"}],"wp:attachment":[{"href":"https:\/\/camirim.com.br\/index.php?rest_route=%2Fwp%2Fv2%2Fmedia&parent=4598"}],"curies":[{"name":"wp","href":"https:\/\/api.w.org\/{rel}","templated":true}]}}