{"id":4537,"date":"2023-10-19T08:38:01","date_gmt":"2023-10-19T11:38:01","guid":{"rendered":"https:\/\/camirim.com.br\/?page_id=4537"},"modified":"2023-10-19T09:25:27","modified_gmt":"2023-10-19T12:25:27","slug":"capitulos-em-livros","status":"publish","type":"page","link":"https:\/\/camirim.com.br\/?page_id=4537","title":{"rendered":"Cap\u00edtulos em livros"},"content":{"rendered":"\t\t<div data-elementor-type=\"wp-page\" data-elementor-id=\"4537\" class=\"elementor elementor-4537\">\n\t\t\t\t\t\t<section class=\"elementor-section elementor-top-section elementor-element elementor-element-1df6a496 elementor-section-boxed elementor-section-height-default elementor-section-height-default\" data-id=\"1df6a496\" data-element_type=\"section\" data-e-type=\"section\">\n\t\t\t\t\t\t<div class=\"elementor-container elementor-column-gap-default\">\n\t\t\t\t\t<div class=\"elementor-column elementor-col-100 elementor-top-column elementor-element elementor-element-58e0a664\" data-id=\"58e0a664\" data-element_type=\"column\" data-e-type=\"column\">\n\t\t\t<div class=\"elementor-widget-wrap elementor-element-populated\">\n\t\t\t\t\t\t<div class=\"elementor-element elementor-element-1571d442 elementor-widget elementor-widget-text-editor\" data-id=\"1571d442\" data-element_type=\"widget\" data-e-type=\"widget\" data-widget_type=\"text-editor.default\">\n\t\t\t\t<div class=\"elementor-widget-container\">\n\t\t\t\t\t\t\t\t\t\n<p><\/p>\n\n\n\n<p class=\"has-text-align-center has-medium-font-size\"><strong>2020<\/strong><\/p>\n\n\n\n<div class=\"wp-block-media-text is-stacked-on-mobile\" style=\"grid-template-columns:24% auto\"><figure class=\"wp-block-media-text__media\"><img fetchpriority=\"high\" decoding=\"async\" width=\"341\" height=\"496\" src=\"https:\/\/camirim.com.br\/wp-content\/uploads\/2023\/10\/CapituloLivro_AEconomiaAgropecuriaBrasil.jpg\" alt=\"\" class=\"wp-image-4538 size-full\" srcset=\"https:\/\/camirim.com.br\/wp-content\/uploads\/2023\/10\/CapituloLivro_AEconomiaAgropecuriaBrasil.jpg 341w, https:\/\/camirim.com.br\/wp-content\/uploads\/2023\/10\/CapituloLivro_AEconomiaAgropecuriaBrasil-206x300.jpg 206w\" sizes=\"(max-width: 341px) 100vw, 341px\" \/><\/figure><div class=\"wp-block-media-text__content\">\n<p><a href=\"https:\/\/issuu.com\/editorabarauna\/docs\/ebook_-__a_economia_agropecu_ria_do_brasil\" target=\"_blank\" rel=\"noreferrer noopener\">A ECONOMIA AGROPECU\u00c1RIA DO BRASIL: A GRANDE TRANSFORMA\u00c7\u00c3O<\/a><\/p>\n\n\n\n<p>S\u00e3o Paulo: Bara\u00fana<\/p>\n\n\n\n<p>Cap\u00edtulo:<strong>&nbsp;<a href=\"http:\/\/ainfo.cnptia.embrapa.br\/digital\/bitstream\/item\/218669\/1\/5374.pdf\">Intensifica\u00e7\u00e3o produtiva da agricultura e regulariza\u00e7\u00e3o ambiental: encontros e desencontros territoriais entre o Censo Agropecu\u00e1rio e o Cadastro Ambiental Rural<\/a>&nbsp;<\/strong>p\u00e1g. (42-101)<\/p>\n<\/div><\/div>\n\n\n\n<p><\/p>\n\n\n\n<div class=\"wp-block-media-text is-stacked-on-mobile\" style=\"grid-template-columns:24% auto\"><figure class=\"wp-block-media-text__media\"><img decoding=\"async\" width=\"688\" height=\"807\" src=\"https:\/\/camirim.com.br\/wp-content\/uploads\/2023\/10\/CapituloLivro_umajornadabrasilcenso2.jpg\" alt=\"\" class=\"wp-image-4542 size-full\" srcset=\"https:\/\/camirim.com.br\/wp-content\/uploads\/2023\/10\/CapituloLivro_umajornadabrasilcenso2.jpg 688w, https:\/\/camirim.com.br\/wp-content\/uploads\/2023\/10\/CapituloLivro_umajornadabrasilcenso2-256x300.jpg 256w\" sizes=\"(max-width: 688px) 100vw, 688px\" \/><\/figure><div class=\"wp-block-media-text__content\">\n<p><a href=\"https:\/\/www.ipea.gov.br\/portal\/index.php?option=com_content&amp;view=article&amp;id=37147\" target=\"_blank\" rel=\"noreferrer noopener\"><br>UMA JORNADA PELOS CONTRASTES DO BRASIL: 100 ANOS DO CENSO AGROPECU\u00c1RIO<\/a><\/p>\n\n\n\n<p>Bras\u00edlia: IPEA<\/p>\n\n\n\n<p>Cap\u00edtulo:&nbsp;<strong><a href=\"https:\/\/www.ipea.gov.br\/portal\/images\/stories\/PDFs\/livros\/livros\/201201_livro_uma_jornada_pelos_contrastes_do_brasil_cap06.pdf\" target=\"_blank\" rel=\"noreferrer noopener\">O mundo rural do Censo Agropecu\u00e1rio n\u00e3o \u00e9 o do Cadastro Ambiental Rural?<\/a><\/strong>&nbsp;p\u00e1g. (91-106)<\/p>\n<\/div><\/div>\n\n\n\n<p><\/p>\n\n\n\n<div class=\"wp-block-media-text is-stacked-on-mobile\" style=\"grid-template-columns:24% auto\"><figure class=\"wp-block-media-text__media\"><img decoding=\"async\" width=\"409\" height=\"616\" src=\"https:\/\/camirim.com.br\/wp-content\/uploads\/2023\/10\/CapituloLivro_sugarcanebiorefinery.jpg\" alt=\"\" class=\"wp-image-4546 size-full\" srcset=\"https:\/\/camirim.com.br\/wp-content\/uploads\/2023\/10\/CapituloLivro_sugarcanebiorefinery.jpg 409w, https:\/\/camirim.com.br\/wp-content\/uploads\/2023\/10\/CapituloLivro_sugarcanebiorefinery-199x300.jpg 199w\" sizes=\"(max-width: 409px) 100vw, 409px\" \/><\/figure><div class=\"wp-block-media-text__content\">\n<p><a href=\"https:\/\/books.google.com.br\/books?id=ite_DwAAQBAJ&amp;dq=SUGARCANE+BIOREFINERY,+TECHNOLOGY+AND+PERSPECTIVES&amp;hl=pt-BR&amp;source=gbs_navlinks_s\" target=\"_blank\" rel=\"noreferrer noopener\">SUGARCANE BIOREFINERY, TECHNOLOGY AND PERSPECTIVES<\/a><\/p>\n\n\n\n<p>New York: Elsevier<\/p>\n\n\n\n<p>Cap\u00edtulo:&nbsp;<a href=\"https:\/\/books.google.com.br\/books?id=ite_DwAAQBAJ&amp;lpg=PP1&amp;hl=pt-BR&amp;pg=PA67#v=onepage&amp;q&amp;f=false\" target=\"_blank\" rel=\"noreferrer noopener\"><strong>Sugarcane: food production, energy, and environment<\/strong><\/a>&nbsp;(p\u00e1g. 67-88)<\/p>\n<\/div><\/div>\n\n\n\n<p><\/p>\n\n\n\n<p class=\"has-text-align-center has-medium-font-size\"><strong>2019<\/strong><\/p>\n\n\n\n<div class=\"wp-block-media-text is-stacked-on-mobile\" style=\"grid-template-columns:24% auto\"><figure class=\"wp-block-media-text__media\"><img loading=\"lazy\" decoding=\"async\" width=\"543\" height=\"818\" src=\"https:\/\/camirim.com.br\/wp-content\/uploads\/2023\/10\/CapituloLivro_biomaseagricultura.jpg\" alt=\"\" class=\"wp-image-4549 size-full\" srcset=\"https:\/\/camirim.com.br\/wp-content\/uploads\/2023\/10\/CapituloLivro_biomaseagricultura.jpg 543w, https:\/\/camirim.com.br\/wp-content\/uploads\/2023\/10\/CapituloLivro_biomaseagricultura-199x300.jpg 199w\" sizes=\"(max-width: 543px) 100vw, 543px\" \/><\/figure><div class=\"wp-block-media-text__content\">\n<p><a href=\"http:\/\/www.abc.org.br\/wp-content\/uploads\/2019\/11\/Livro-Biomas-e-Agricultura-Site.pdf\" target=\"_blank\" rel=\"noreferrer noopener\">BIOMAS E AGRICULTURA: OPORTUNIDADES E DESAFIOS<\/a><\/p>\n\n\n\n<p>Rio de Janeiro: Academia Brasileira de Ci\u00eancia \/ FAPEMIG<br><br>Cap\u00edtulo:&nbsp;<strong><a href=\"https:\/\/evaristodemiranda.com.br\/wp-content\/uploads\/2020\/06\/Livro-Biomas_CapituloMiranda.pdf\" target=\"_blank\" rel=\"noreferrer noopener\">Biomas e agricultura no Brasil<\/a><\/strong>&nbsp;(p\u00e1g. 23-30)<\/p>\n<\/div><\/div>\n\n\n\n<p><\/p>\n\n\n\n<p class=\"has-text-align-center has-medium-font-size\"><strong>2015<\/strong><\/p>\n\n\n\n<div class=\"wp-block-media-text is-stacked-on-mobile\" style=\"grid-template-columns:24% auto\"><figure class=\"wp-block-media-text__media\"><img loading=\"lazy\" decoding=\"async\" width=\"417\" height=\"594\" src=\"https:\/\/camirim.com.br\/wp-content\/uploads\/2023\/10\/CapituloLivro_CO2Aquecimento.jpg\" alt=\"\" class=\"wp-image-4550 size-full\" srcset=\"https:\/\/camirim.com.br\/wp-content\/uploads\/2023\/10\/CapituloLivro_CO2Aquecimento.jpg 417w, https:\/\/camirim.com.br\/wp-content\/uploads\/2023\/10\/CapituloLivro_CO2Aquecimento-211x300.jpg 211w\" sizes=\"(max-width: 417px) 100vw, 417px\" \/><\/figure><div class=\"wp-block-media-text__content\">\n<p>CO2 AQUECIMENTO E MUDAN\u00c7AS CLIM\u00c1TICAS:&nbsp;EST\u00c3O NOS ENGANANDO?<\/p>\n\n\n\n<p>S\u00e3o Paulo: DBO Editores Associados<\/p>\n\n\n\n<p>Cap\u00edtulo:&nbsp;<strong><a href=\"https:\/\/evaristodemiranda.com.br\/wp-content\/uploads\/2020\/08\/LivroCO2-questao.fundiaria.pdf\" target=\"_blank\" rel=\"noreferrer noopener\">A quest\u00e3o fundi\u00e1ria. O Brasil acabou?<\/a>&nbsp;<\/strong>(p\u00e1g. 212-214)<\/p>\n\n\n\n<p>Cap\u00edtulo:&nbsp;<strong><a href=\"https:\/\/evaristodemiranda.com.br\/wp-content\/uploads\/2020\/08\/LivroCO2-agricultura.guardia.pdf\" target=\"_blank\" rel=\"noreferrer noopener\">Agricultura, guardi\u00e3 do meio ambiente<\/a>&nbsp;<\/strong>(p\u00e1g. 217-220)<\/p>\n\n\n\n<p>Cap\u00edtulo:&nbsp;<strong><a href=\"https:\/\/evaristodemiranda.com.br\/wp-content\/uploads\/2020\/08\/LivroCO2-10.destaques.pdf\" target=\"_blank\" rel=\"noreferrer noopener\">10 destaques ambientais do Brasil<\/a>&nbsp;<\/strong>(p\u00e1g. 221-225)<\/p>\n<\/div><\/div>\n\n\n\n<p><\/p>\n\n\n\n<div class=\"wp-block-media-text is-stacked-on-mobile\" style=\"grid-template-columns:24% auto\"><figure class=\"wp-block-media-text__media\"><img loading=\"lazy\" decoding=\"async\" width=\"324\" height=\"500\" src=\"https:\/\/camirim.com.br\/wp-content\/uploads\/2023\/10\/CapituloLivro_PapaFrancisco.jpg\" alt=\"\" class=\"wp-image-4553 size-full\" srcset=\"https:\/\/camirim.com.br\/wp-content\/uploads\/2023\/10\/CapituloLivro_PapaFrancisco.jpg 324w, https:\/\/camirim.com.br\/wp-content\/uploads\/2023\/10\/CapituloLivro_PapaFrancisco-194x300.jpg 194w\" sizes=\"(max-width: 324px) 100vw, 324px\" \/><\/figure><div class=\"wp-block-media-text__content\">\n<p><em><a href=\"https:\/\/books.google.com.br\/books?id=k367DgAAQBAJ&amp;dq=PAPA+FRANCISCO+PERSPECTIVAS+Y+EXPECTATIVAS+DE+UN+PAPADO&amp;hl=pt-BR&amp;sa=X&amp;ved=0ahUKEwizrJvk_PfpAhXnUd8KHZE0D0cQ6AEIKzAA\" target=\"_blank\" rel=\"noreferrer noopener\">PAPA FRANCISCO PERSPECTIVAS Y EXPECTATIVAS DE UN PAPADO<\/a><\/em><\/p>\n\n\n\n<p>Barcelona: Herder Editorial<\/p>\n\n\n\n<p>Cap\u00edtulo:&nbsp;<strong><em><a href=\"https:\/\/evaristodemiranda.com.br\/wp-content\/uploads\/2020\/08\/LivroPAPA-como.vivir_.pdf\" target=\"_blank\" rel=\"noreferrer noopener\">C\u00f3mo vivir, o de qu\u00e9 vivir? El mensaje del papa Francisco a los j\u00f3venes<\/a><\/em><\/strong>&nbsp;(p\u00e1g. 77-91)<\/p>\n<\/div><\/div>\n\n\n\n<p><\/p>\n\n\n\n<p class=\"has-text-align-center has-medium-font-size\"><strong>2014<\/strong><\/p>\n\n\n\n<div class=\"wp-block-media-text is-stacked-on-mobile\" style=\"grid-template-columns:24% auto\"><figure class=\"wp-block-media-text__media\"><img loading=\"lazy\" decoding=\"async\" width=\"725\" height=\"1024\" src=\"https:\/\/camirim.com.br\/wp-content\/uploads\/2023\/10\/CapituloLivro_GAF2014.jpg\" alt=\"\" class=\"wp-image-4557 size-full\" srcset=\"https:\/\/camirim.com.br\/wp-content\/uploads\/2023\/10\/CapituloLivro_GAF2014.jpg 725w, https:\/\/camirim.com.br\/wp-content\/uploads\/2023\/10\/CapituloLivro_GAF2014-212x300.jpg 212w\" sizes=\"(max-width: 725px) 100vw, 725px\" \/><\/figure><div class=\"wp-block-media-text__content\">\n<p><a href=\"http:\/\/docplayer.com.br\/3541938-Global-agribusiness-forum-gaf-academy-original-articles-various-authors-1st-edition-2014-sao-paulo-brazil-isbn-978-85-68740-002.html\" target=\"_blank\" rel=\"noreferrer noopener\">GLOBAL AGRIBUSINESS FORUM GAF ACADEMY. Global Agribusiness Forum 2014<\/a><\/p>\n\n\n\n<p>S\u00e3o Paulo: GAF Academy<\/p>\n\n\n\n<p>Cap\u00edtulo:&nbsp;<a href=\"http:\/\/www.globalagribusinessforum.com\/pt-br\/Artigo\/a-agricultura-tropical-frente-as-incertezas-climaricas\" target=\"_blank\" rel=\"noreferrer noopener\"><strong>A agricultura tropical frente \u00e0s incertezas clim\u00e1ticas<\/strong><\/a>&nbsp;(p\u00e1g. 136-144)<\/p>\n<\/div><\/div>\n\n\n\n<p><\/p>\n\n\n\n<div class=\"wp-block-media-text is-stacked-on-mobile\" style=\"grid-template-columns:24% auto\"><figure class=\"wp-block-media-text__media\"><img loading=\"lazy\" decoding=\"async\" width=\"655\" height=\"999\" src=\"http:\/\/camirim.com.br\/wp-content\/uploads\/2023\/10\/CapituloLivro_PapaFranciscoPapado.jpg\" alt=\"\" class=\"wp-image-4558 size-full\" srcset=\"https:\/\/camirim.com.br\/wp-content\/uploads\/2023\/10\/CapituloLivro_PapaFranciscoPapado.jpg 655w, https:\/\/camirim.com.br\/wp-content\/uploads\/2023\/10\/CapituloLivro_PapaFranciscoPapado-197x300.jpg 197w\" sizes=\"(max-width: 655px) 100vw, 655px\" \/><\/figure><div class=\"wp-block-media-text__content\">\n<p>PAPA FRANCISCO<br>PERSPECTIVAS E EXPECTATIVAS DE UM PAPADO<\/p>\n\n\n\n<p>Petr\u00f3polis: Vozes<\/p>\n\n\n\n<p>Cap\u00edtulo:&nbsp;<a href=\"https:\/\/evaristodemiranda.com.br\/wp-content\/uploads\/2020\/08\/LivroPAPA-Como.viver_.pdf\" target=\"_blank\" rel=\"noreferrer noopener\"><strong>Como viver ou do que viver?<\/strong>&nbsp;<\/a>(p\u00e1g. 51-61)<\/p>\n<\/div><\/div>\n\n\n\n<p><\/p>\n\n\n\n<p class=\"has-text-align-center has-medium-font-size\"><strong>2013<\/strong><\/p>\n\n\n\n<div class=\"wp-block-media-text is-stacked-on-mobile\" style=\"grid-template-columns:24% auto\"><figure class=\"wp-block-media-text__media\"><img loading=\"lazy\" decoding=\"async\" width=\"520\" height=\"742\" src=\"http:\/\/camirim.com.br\/wp-content\/uploads\/2023\/10\/LivroCapitulo_bioenergia.jpg\" alt=\"\" class=\"wp-image-4559 size-full\" srcset=\"https:\/\/camirim.com.br\/wp-content\/uploads\/2023\/10\/LivroCapitulo_bioenergia.jpg 520w, https:\/\/camirim.com.br\/wp-content\/uploads\/2023\/10\/LivroCapitulo_bioenergia-210x300.jpg 210w\" sizes=\"(max-width: 520px) 100vw, 520px\" \/><\/figure><div class=\"wp-block-media-text__content\">\n<p>BIOENERGIA &amp; BIORREFINARIA&nbsp;\u2013 CANA-DE-A\u00c7\u00daCAR &amp; ESP\u00c9CIES FLORESTAIS.<\/p>\n\n\n\n<p>Vi\u00e7osa: UFV<\/p>\n\n\n\n<p>Cap\u00edtulo:&nbsp;<a href=\"https:\/\/evaristodemiranda.com.br\/wp-content\/uploads\/2020\/06\/CapituloLivro_LivroBioenergia-SeparataCapitulo5.pdf\" target=\"_blank\" rel=\"noreferrer noopener\"><strong>O etanol combust\u00edvel: solu\u00e7\u00e3o ou problema nacional?<\/strong><\/a>&nbsp;(p\u00e1g. 167-188)<\/p>\n\n\n\n<p>Cap\u00edtulo:&nbsp;<strong><a href=\"https:\/\/evaristodemiranda.com.br\/wp-content\/uploads\/2020\/08\/LivroBIOENERGIA-Aspectos.ambientais.cana_.pdf\" target=\"_blank\" rel=\"noreferrer noopener\">Aspectos ambientais da cana-de-a\u00e7\u00facar.<\/a><\/strong>&nbsp;(p\u00e1g. 189-202)<\/p>\n<\/div><\/div>\n\n\n\n<p><\/p>\n\n\n\n<div class=\"wp-block-media-text is-stacked-on-mobile\" style=\"grid-template-columns:24% auto\"><figure class=\"wp-block-media-text__media\"><img loading=\"lazy\" decoding=\"async\" width=\"334\" height=\"500\" src=\"https:\/\/camirim.com.br\/wp-content\/uploads\/2023\/10\/LivroCapitulo_TeologiaCriacao.jpg\" alt=\"\" class=\"wp-image-4560 size-full\" srcset=\"https:\/\/camirim.com.br\/wp-content\/uploads\/2023\/10\/LivroCapitulo_TeologiaCriacao.jpg 334w, https:\/\/camirim.com.br\/wp-content\/uploads\/2023\/10\/LivroCapitulo_TeologiaCriacao-200x300.jpg 200w\" sizes=\"(max-width: 334px) 100vw, 334px\" \/><\/figure><div class=\"wp-block-media-text__content\">\n<p>TEOLOGIA DA CRIA\u00c7\u00c3O E MARCOS DO MAGIST\u00c9RIO DE BENTO XVI<br>POR UMA AUT\u00caNTICA MATURIDADE ECLESIAL<\/p>\n\n\n\n<p>S\u00e3o Paulo: Paulinas \/ UNISAL<\/p>\n\n\n\n<p>Cap\u00edtulo:&nbsp;<strong><a href=\"https:\/\/evaristodemiranda.com.br\/wp-content\/uploads\/2020\/08\/LivroTEOLOGIA-criacao.pdf\">A cria\u00e7\u00e3o: crer, compreender, cooperar<\/a>.&nbsp;<\/strong>(p\u00e1g. 75-85)<\/p>\n<\/div><\/div>\n\n\n\n<p><\/p>\n\n\n\n<p class=\"has-text-align-center has-medium-font-size\"><strong>2010<\/strong><\/p>\n\n\n\n<div class=\"wp-block-media-text is-stacked-on-mobile\" style=\"grid-template-columns:24% auto\"><figure class=\"wp-block-media-text__media\"><img loading=\"lazy\" decoding=\"async\" width=\"325\" height=\"500\" src=\"http:\/\/camirim.com.br\/wp-content\/uploads\/2023\/10\/LivroCapitulo_Bioetanol.jpg\" alt=\"\" class=\"wp-image-4561 size-full\" srcset=\"https:\/\/camirim.com.br\/wp-content\/uploads\/2023\/10\/LivroCapitulo_Bioetanol.jpg 325w, https:\/\/camirim.com.br\/wp-content\/uploads\/2023\/10\/LivroCapitulo_Bioetanol-195x300.jpg 195w\" sizes=\"(max-width: 325px) 100vw, 325px\" \/><\/figure><div class=\"wp-block-media-text__content\">\n<p><a href=\"https:\/\/books.google.com.br\/books?id=UneucQAACAAJ&amp;dq=BIOETANOL+DE+CANA+DE+A%C3%87%C3%9ACAR:+P%26D+PARA+PRODUTIVIDADE+E+SUSTENTABILIDADE&amp;hl=pt-BR&amp;sa=X&amp;ved=0ahUKEwi4gdaq_ffpAhVydt8KHfmbBXIQ6AEIKDAA\" target=\"_blank\" rel=\"noreferrer noopener\"><br>BIOETANOL DE CANA DE A\u00c7\u00daCAR: P&amp;D PARA PRODUTIVIDADE E SUSTENTABILIDADE<\/a><\/p>\n\n\n\n<p>S\u00e3o Paulo: Blucher<\/p>\n\n\n\n<p>Cap\u00edtulo:&nbsp;<strong><a href=\"https:\/\/evaristodemiranda.com.br\/wp-content\/uploads\/2020\/08\/LivroBIOETANOL-Questoes.ambientais.pdf\" target=\"_blank\" rel=\"noreferrer noopener\">Quest\u00f5es ambientais (impactos locais e globais) e energ\u00e9ticas: a expans\u00e3o da cana de a\u00e7\u00facar e a ocupa\u00e7\u00e3o das terras no estado de S\u00e3o Paulo<\/a><\/strong>&nbsp;(p\u00e1g. 41-51)<\/p>\n<\/div><\/div>\n\n\n\n<p><\/p>\n\n\n\n<div class=\"wp-block-media-text is-stacked-on-mobile\" style=\"grid-template-columns:24% auto\"><figure class=\"wp-block-media-text__media\"><img loading=\"lazy\" decoding=\"async\" width=\"649\" height=\"1024\" src=\"http:\/\/camirim.com.br\/wp-content\/uploads\/2023\/10\/CapituloLivro_IndicadoresSustentabilidadeEPAMIG-1-649x1024-1.jpg\" alt=\"\" class=\"wp-image-4562 size-full\" srcset=\"https:\/\/camirim.com.br\/wp-content\/uploads\/2023\/10\/CapituloLivro_IndicadoresSustentabilidadeEPAMIG-1-649x1024-1.jpg 649w, https:\/\/camirim.com.br\/wp-content\/uploads\/2023\/10\/CapituloLivro_IndicadoresSustentabilidadeEPAMIG-1-649x1024-1-190x300.jpg 190w\" sizes=\"(max-width: 649px) 100vw, 649px\" \/><\/figure><div class=\"wp-block-media-text__content\">\n<p><a href=\"http:\/\/189.80.133.54:8080\/consulta\/busca?b=ad&amp;id=3319&amp;biblioteca=vazio&amp;busca=assunto:Agricultura&amp;qFacets=assunto:Agricultura&amp;sort=ano-publicacao&amp;paginacao=t&amp;paginaAtual=10\" target=\"_blank\" rel=\"noreferrer noopener\">INDICADORES DE SUSTENTABILIDADE EM SISTEMAS DE PRODU\u00c7\u00c3O AGR\u00cdCOLA<\/a><\/p>\n\n\n\n<p>Belo Horizonte: EPAMIG<\/p>\n\n\n\n<p>Cap\u00edtulo:&nbsp;<strong><a href=\"https:\/\/evaristodemiranda.com.br\/wp-content\/uploads\/2020\/08\/LivroINDICADORES-alcance.territorial-.pdf\" target=\"_blank\" rel=\"noreferrer noopener\">O alcance territorial da legisla\u00e7\u00e3o ambiental e indigenista: implica\u00e7\u00f5es para a agricultura<\/a><\/strong>&nbsp;(p\u00e1g. 379-395)<\/p>\n<\/div><\/div>\n\n\n\n<p><\/p>\n\n\n\n<div class=\"wp-block-media-text is-stacked-on-mobile\" style=\"grid-template-columns:24% auto\"><figure class=\"wp-block-media-text__media\"><img loading=\"lazy\" decoding=\"async\" width=\"664\" height=\"876\" src=\"https:\/\/camirim.com.br\/wp-content\/uploads\/2023\/10\/CapituloLivro_agrandenergia.jpg\" alt=\"\" class=\"wp-image-4563 size-full\" srcset=\"https:\/\/camirim.com.br\/wp-content\/uploads\/2023\/10\/CapituloLivro_agrandenergia.jpg 664w, https:\/\/camirim.com.br\/wp-content\/uploads\/2023\/10\/CapituloLivro_agrandenergia-227x300.jpg 227w\" sizes=\"(max-width: 664px) 100vw, 664px\" \/><\/figure><div class=\"wp-block-media-text__content\">\n<p><a href=\"https:\/\/www.itaipu.gov.br\/sites\/default\/files\/publicacoes\/BX_agrandeenergia_links.pdf\" target=\"_blank\" rel=\"noreferrer noopener\">A GRANDE ENERGIA \u2013 M\u00daLTIPLAS VIS\u00d5ES SOBRE A HIDRELETRICIDADE<\/a><\/p>\n\n\n\n<p>Foz do Igua\u00e7u: Itaipu Binacional<\/p>\n\n\n\n<p>Cap\u00edtulo:&nbsp;<strong><a href=\"https:\/\/evaristodemiranda.com.br\/wp-content\/uploads\/2020\/06\/Livro_AgrandeEnergia_capituloMiranda.pdf\" target=\"_blank\" rel=\"noreferrer noopener\">Voc\u00ea tem sede de qu\u00ea? A heran\u00e7a das \u00e1guas ind\u00edgenas no Brasil<\/a><\/strong>&nbsp;(p\u00e1g. 53-55)<\/p>\n<\/div><\/div>\n\n\n\n<p><\/p>\n\n\n\n<p class=\"has-text-align-center has-medium-font-size\"><strong>2009<\/strong><\/p>\n\n\n\n<div class=\"wp-block-media-text is-stacked-on-mobile\" style=\"grid-template-columns:24% auto\"><figure class=\"wp-block-media-text__media\"><img loading=\"lazy\" decoding=\"async\" width=\"680\" height=\"1024\" src=\"http:\/\/camirim.com.br\/wp-content\/uploads\/2023\/10\/LivroCapitulo_ReligiaoCiencia.jpg\" alt=\"\" class=\"wp-image-4564 size-full\" srcset=\"https:\/\/camirim.com.br\/wp-content\/uploads\/2023\/10\/LivroCapitulo_ReligiaoCiencia.jpg 680w, https:\/\/camirim.com.br\/wp-content\/uploads\/2023\/10\/LivroCapitulo_ReligiaoCiencia-199x300.jpg 199w\" sizes=\"(max-width: 680px) 100vw, 680px\" \/><\/figure><div class=\"wp-block-media-text__content\">\n<p>RELIGI\u00c3O, CI\u00caNCIA E TECNOLOGIA<\/p>\n\n\n\n<p>S\u00e3o Paulo: Paulinas<\/p>\n\n\n\n<p>Cap\u00edtulo:&nbsp;<strong>Do fim do mundo \u00e0 origem do universo. Quest\u00f5es filos\u00f3ficas, cient\u00edficas e teol\u00f3gicas sobre a salva\u00e7\u00e3o do planeta<\/strong>&nbsp;(p\u00e1g. 143-169)<\/p>\n<\/div><\/div>\n\n\n\n<p><\/p>\n\t\t\t\t\t\t\t\t<\/div>\n\t\t\t\t<\/div>\n\t\t\t\t\t<\/div>\n\t\t<\/div>\n\t\t\t\t\t<\/div>\n\t\t<\/section>\n\t\t\t\t<\/div>\n\t\t","protected":false},"excerpt":{"rendered":"<p>2020 A ECONOMIA AGROPECU\u00c1RIA DO BRASIL: A GRANDE TRANSFORMA\u00c7\u00c3O S\u00e3o Paulo: Bara\u00fana Cap\u00edtulo:&nbsp;Intensifica\u00e7\u00e3o produtiva da agricultura e regulariza\u00e7\u00e3o ambiental: encontros e desencontros territoriais entre o Censo Agropecu\u00e1rio e o Cadastro Ambiental Rural&nbsp;p\u00e1g. (42-101) UMA JORNADA PELOS CONTRASTES DO BRASIL: 100 ANOS DO CENSO AGROPECU\u00c1RIO Bras\u00edlia: IPEA Cap\u00edtulo:&nbsp;O mundo rural do Censo Agropecu\u00e1rio n\u00e3o \u00e9 o&hellip;&nbsp;<a href=\"https:\/\/camirim.com.br\/?page_id=4537\" rel=\"bookmark\">Read More &raquo;<span class=\"screen-reader-text\">Cap\u00edtulos em livros<\/span><\/a><\/p>\n","protected":false},"author":1,"featured_media":0,"parent":0,"menu_order":0,"comment_status":"closed","ping_status":"closed","template":"","meta":{"neve_meta_sidebar":"","neve_meta_container":"","neve_meta_enable_content_width":"","neve_meta_content_width":0,"neve_meta_title_alignment":"","neve_meta_author_avatar":"","neve_post_elements_order":"","neve_meta_disable_header":"","neve_meta_disable_footer":"","neve_meta_disable_title":"","_themeisle_gutenberg_block_has_review":false,"footnotes":""},"class_list":["post-4537","page","type-page","status-publish","hentry"],"_links":{"self":[{"href":"https:\/\/camirim.com.br\/index.php?rest_route=\/wp\/v2\/pages\/4537","targetHints":{"allow":["GET"]}}],"collection":[{"href":"https:\/\/camirim.com.br\/index.php?rest_route=\/wp\/v2\/pages"}],"about":[{"href":"https:\/\/camirim.com.br\/index.php?rest_route=\/wp\/v2\/types\/page"}],"author":[{"embeddable":true,"href":"https:\/\/camirim.com.br\/index.php?rest_route=\/wp\/v2\/users\/1"}],"replies":[{"embeddable":true,"href":"https:\/\/camirim.com.br\/index.php?rest_route=%2Fwp%2Fv2%2Fcomments&post=4537"}],"version-history":[{"count":16,"href":"https:\/\/camirim.com.br\/index.php?rest_route=\/wp\/v2\/pages\/4537\/revisions"}],"predecessor-version":[{"id":4572,"href":"https:\/\/camirim.com.br\/index.php?rest_route=\/wp\/v2\/pages\/4537\/revisions\/4572"}],"wp:attachment":[{"href":"https:\/\/camirim.com.br\/index.php?rest_route=%2Fwp%2Fv2%2Fmedia&parent=4537"}],"curies":[{"name":"wp","href":"https:\/\/api.w.org\/{rel}","templated":true}]}}