{"id":4185,"date":"2023-07-27T16:00:27","date_gmt":"2023-07-27T19:00:27","guid":{"rendered":"https:\/\/camirim.com.br\/?page_id=4185"},"modified":"2023-07-27T16:24:10","modified_gmt":"2023-07-27T19:24:10","slug":"folhetos","status":"publish","type":"page","link":"https:\/\/camirim.com.br\/?page_id=4185","title":{"rendered":"Folhetos"},"content":{"rendered":"\t\t<div data-elementor-type=\"wp-page\" data-elementor-id=\"4185\" class=\"elementor elementor-4185\">\n\t\t\t\t\t\t<section class=\"elementor-section elementor-top-section elementor-element elementor-element-0443ed9 elementor-section-boxed elementor-section-height-default elementor-section-height-default\" data-id=\"0443ed9\" data-element_type=\"section\" data-e-type=\"section\">\n\t\t\t\t\t\t<div class=\"elementor-container elementor-column-gap-default\">\n\t\t\t\t\t<div class=\"elementor-column elementor-col-100 elementor-top-column elementor-element elementor-element-db97876\" data-id=\"db97876\" data-element_type=\"column\" data-e-type=\"column\">\n\t\t\t<div class=\"elementor-widget-wrap elementor-element-populated\">\n\t\t\t\t\t\t<div class=\"elementor-element elementor-element-d0abfe9 elementor-widget elementor-widget-heading\" data-id=\"d0abfe9\" data-element_type=\"widget\" data-e-type=\"widget\" data-widget_type=\"heading.default\">\n\t\t\t\t<div class=\"elementor-widget-container\">\n\t\t\t\t\t<h2 class=\"elementor-heading-title elementor-size-xl\">Folhetos<\/h2>\t\t\t\t<\/div>\n\t\t\t\t<\/div>\n\t\t\t\t<div class=\"elementor-element elementor-element-09d6716 elementor-widget elementor-widget-text-editor\" data-id=\"09d6716\" data-element_type=\"widget\" data-e-type=\"widget\" data-widget_type=\"text-editor.default\">\n\t\t\t\t<div class=\"elementor-widget-container\">\n\t\t\t\t\t\t\t\t\t<p>Veja a seguir uma sele\u00e7\u00e3o de folhetos concebidos e criados pela jornalista Liana John.<\/p><p>Clique para visualizar o conte\u00fado completo:<\/p>\t\t\t\t\t\t\t\t<\/div>\n\t\t\t\t<\/div>\n\t\t\t\t\t<\/div>\n\t\t<\/div>\n\t\t\t\t\t<\/div>\n\t\t<\/section>\n\t\t\t\t<section class=\"elementor-section elementor-top-section elementor-element elementor-element-8046724 elementor-section-boxed elementor-section-height-default elementor-section-height-default\" data-id=\"8046724\" data-element_type=\"section\" data-e-type=\"section\">\n\t\t\t\t\t\t<div class=\"elementor-container elementor-column-gap-default\">\n\t\t\t\t\t<div class=\"elementor-column elementor-col-20 elementor-top-column elementor-element elementor-element-28b936b\" data-id=\"28b936b\" data-element_type=\"column\" data-e-type=\"column\">\n\t\t\t<div class=\"elementor-widget-wrap elementor-element-populated\">\n\t\t\t\t\t\t<div class=\"elementor-element elementor-element-f359b64 elementor-widget elementor-widget-image\" data-id=\"f359b64\" data-element_type=\"widget\" data-e-type=\"widget\" data-widget_type=\"image.default\">\n\t\t\t\t<div class=\"elementor-widget-container\">\n\t\t\t\t\t\t\t\t\t\t\t\t\t\t\t\t<a href=\"http:\/\/camirim.com.br\/wp-content\/uploads\/2023\/07\/UmaParceriaProdutiva.pdf\">\n\t\t\t\t\t\t\t<img fetchpriority=\"high\" decoding=\"async\" width=\"250\" height=\"330\" src=\"https:\/\/camirim.com.br\/wp-content\/uploads\/2023\/07\/3-Liana-John-Folheto-Native-Cana-Fauna-silvestre-1.png\" class=\"attachment-large size-large wp-image-4188\" alt=\"\" srcset=\"https:\/\/camirim.com.br\/wp-content\/uploads\/2023\/07\/3-Liana-John-Folheto-Native-Cana-Fauna-silvestre-1.png 250w, https:\/\/camirim.com.br\/wp-content\/uploads\/2023\/07\/3-Liana-John-Folheto-Native-Cana-Fauna-silvestre-1-227x300.png 227w\" sizes=\"(max-width: 250px) 100vw, 250px\" \/>\t\t\t\t\t\t\t\t<\/a>\n\t\t\t\t\t\t\t\t\t\t\t\t\t\t\t<\/div>\n\t\t\t\t<\/div>\n\t\t\t\t\t<\/div>\n\t\t<\/div>\n\t\t\t\t<div class=\"elementor-column elementor-col-20 elementor-top-column elementor-element elementor-element-37aa52a\" data-id=\"37aa52a\" data-element_type=\"column\" data-e-type=\"column\">\n\t\t\t<div class=\"elementor-widget-wrap elementor-element-populated\">\n\t\t\t\t\t\t<div class=\"elementor-element elementor-element-deb8c0b elementor-widget elementor-widget-image\" data-id=\"deb8c0b\" data-element_type=\"widget\" data-e-type=\"widget\" data-widget_type=\"image.default\">\n\t\t\t\t<div class=\"elementor-widget-container\">\n\t\t\t\t\t\t\t\t\t\t\t\t\t\t\t\t<a href=\"http:\/\/camirim.com.br\/wp-content\/uploads\/2023\/07\/BiodiversidadeVerdeASeuServico.pdf\">\n\t\t\t\t\t\t\t<img decoding=\"async\" width=\"250\" height=\"330\" src=\"https:\/\/camirim.com.br\/wp-content\/uploads\/2023\/07\/4-Liana-John-Folheto-Native-biodiversidade-verde-1.png\" class=\"attachment-large size-large wp-image-4193\" alt=\"\" srcset=\"https:\/\/camirim.com.br\/wp-content\/uploads\/2023\/07\/4-Liana-John-Folheto-Native-biodiversidade-verde-1.png 250w, https:\/\/camirim.com.br\/wp-content\/uploads\/2023\/07\/4-Liana-John-Folheto-Native-biodiversidade-verde-1-227x300.png 227w\" sizes=\"(max-width: 250px) 100vw, 250px\" \/>\t\t\t\t\t\t\t\t<\/a>\n\t\t\t\t\t\t\t\t\t\t\t\t\t\t\t<\/div>\n\t\t\t\t<\/div>\n\t\t\t\t\t<\/div>\n\t\t<\/div>\n\t\t\t\t<div class=\"elementor-column elementor-col-20 elementor-top-column elementor-element elementor-element-ad1eb78\" data-id=\"ad1eb78\" data-element_type=\"column\" data-e-type=\"column\">\n\t\t\t<div class=\"elementor-widget-wrap elementor-element-populated\">\n\t\t\t\t\t\t<div class=\"elementor-element elementor-element-04b6d97 elementor-widget elementor-widget-image\" data-id=\"04b6d97\" data-element_type=\"widget\" data-e-type=\"widget\" data-widget_type=\"image.default\">\n\t\t\t\t<div class=\"elementor-widget-container\">\n\t\t\t\t\t\t\t\t\t\t\t\t\t\t\t\t<a href=\"http:\/\/camirim.com.br\/wp-content\/uploads\/2023\/07\/Rastros-e-Vesti\u0301gios-do-Tatu-canastra.pdf\">\n\t\t\t\t\t\t\t<img decoding=\"async\" width=\"250\" height=\"330\" src=\"https:\/\/camirim.com.br\/wp-content\/uploads\/2023\/07\/5-Liana-John-Folheto-Tatu-canastra-1.png\" class=\"attachment-large size-large wp-image-4202\" alt=\"\" srcset=\"https:\/\/camirim.com.br\/wp-content\/uploads\/2023\/07\/5-Liana-John-Folheto-Tatu-canastra-1.png 250w, https:\/\/camirim.com.br\/wp-content\/uploads\/2023\/07\/5-Liana-John-Folheto-Tatu-canastra-1-227x300.png 227w\" sizes=\"(max-width: 250px) 100vw, 250px\" \/>\t\t\t\t\t\t\t\t<\/a>\n\t\t\t\t\t\t\t\t\t\t\t\t\t\t\t<\/div>\n\t\t\t\t<\/div>\n\t\t\t\t\t<\/div>\n\t\t<\/div>\n\t\t\t\t<div class=\"elementor-column elementor-col-20 elementor-top-column elementor-element elementor-element-5017761\" data-id=\"5017761\" data-element_type=\"column\" data-e-type=\"column\">\n\t\t\t<div class=\"elementor-widget-wrap elementor-element-populated\">\n\t\t\t\t\t\t<div class=\"elementor-element elementor-element-4e9255a elementor-widget elementor-widget-image\" data-id=\"4e9255a\" data-element_type=\"widget\" data-e-type=\"widget\" data-widget_type=\"image.default\">\n\t\t\t\t<div class=\"elementor-widget-container\">\n\t\t\t\t\t\t\t\t\t\t\t\t\t\t\t\t<a href=\"http:\/\/camirim.com.br\/wp-content\/uploads\/2023\/07\/Atropelamentos.pdf\">\n\t\t\t\t\t\t\t<img loading=\"lazy\" decoding=\"async\" width=\"250\" height=\"330\" src=\"https:\/\/camirim.com.br\/wp-content\/uploads\/2023\/07\/1-Liana-John-Folheto-Atropelamento-de-Fauna.png\" class=\"attachment-large size-large wp-image-4206\" alt=\"\" srcset=\"https:\/\/camirim.com.br\/wp-content\/uploads\/2023\/07\/1-Liana-John-Folheto-Atropelamento-de-Fauna.png 250w, https:\/\/camirim.com.br\/wp-content\/uploads\/2023\/07\/1-Liana-John-Folheto-Atropelamento-de-Fauna-227x300.png 227w\" sizes=\"(max-width: 250px) 100vw, 250px\" \/>\t\t\t\t\t\t\t\t<\/a>\n\t\t\t\t\t\t\t\t\t\t\t\t\t\t\t<\/div>\n\t\t\t\t<\/div>\n\t\t\t\t\t<\/div>\n\t\t<\/div>\n\t\t\t\t<div class=\"elementor-column elementor-col-20 elementor-top-column elementor-element elementor-element-ea4b2ef\" data-id=\"ea4b2ef\" data-element_type=\"column\" data-e-type=\"column\">\n\t\t\t<div class=\"elementor-widget-wrap elementor-element-populated\">\n\t\t\t\t\t\t<div class=\"elementor-element elementor-element-cb6a1d2 elementor-widget elementor-widget-image\" data-id=\"cb6a1d2\" data-element_type=\"widget\" data-e-type=\"widget\" data-widget_type=\"image.default\">\n\t\t\t\t<div class=\"elementor-widget-container\">\n\t\t\t\t\t\t\t\t\t\t\t\t\t\t\t\t<a href=\"http:\/\/camirim.com.br\/wp-content\/uploads\/2023\/07\/Bem-me-quer.pdf\">\n\t\t\t\t\t\t\t<img loading=\"lazy\" decoding=\"async\" width=\"250\" height=\"330\" src=\"https:\/\/camirim.com.br\/wp-content\/uploads\/2023\/07\/2-Liana-John-Folheto-Bem-me-quer-Down-1.png\" class=\"attachment-large size-large wp-image-4208\" alt=\"\" srcset=\"https:\/\/camirim.com.br\/wp-content\/uploads\/2023\/07\/2-Liana-John-Folheto-Bem-me-quer-Down-1.png 250w, https:\/\/camirim.com.br\/wp-content\/uploads\/2023\/07\/2-Liana-John-Folheto-Bem-me-quer-Down-1-227x300.png 227w\" sizes=\"(max-width: 250px) 100vw, 250px\" \/>\t\t\t\t\t\t\t\t<\/a>\n\t\t\t\t\t\t\t\t\t\t\t\t\t\t\t<\/div>\n\t\t\t\t<\/div>\n\t\t\t\t\t<\/div>\n\t\t<\/div>\n\t\t\t\t\t<\/div>\n\t\t<\/section>\n\t\t\t\t<\/div>\n\t\t","protected":false},"excerpt":{"rendered":"<p>Folhetos Veja a seguir uma sele\u00e7\u00e3o de folhetos concebidos e criados pela jornalista Liana John. Clique para visualizar o conte\u00fado completo:<\/p>\n","protected":false},"author":1,"featured_media":0,"parent":4042,"menu_order":0,"comment_status":"closed","ping_status":"closed","template":"page-templates\/template-pagebuilder-full-width.php","meta":{"neve_meta_sidebar":"","neve_meta_container":"","neve_meta_enable_content_width":"","neve_meta_content_width":0,"neve_meta_title_alignment":"","neve_meta_author_avatar":"","neve_post_elements_order":"","neve_meta_disable_header":"","neve_meta_disable_footer":"","neve_meta_disable_title":"","_themeisle_gutenberg_block_has_review":false,"footnotes":""},"class_list":["post-4185","page","type-page","status-publish","hentry"],"_links":{"self":[{"href":"https:\/\/camirim.com.br\/index.php?rest_route=\/wp\/v2\/pages\/4185","targetHints":{"allow":["GET"]}}],"collection":[{"href":"https:\/\/camirim.com.br\/index.php?rest_route=\/wp\/v2\/pages"}],"about":[{"href":"https:\/\/camirim.com.br\/index.php?rest_route=\/wp\/v2\/types\/page"}],"author":[{"embeddable":true,"href":"https:\/\/camirim.com.br\/index.php?rest_route=\/wp\/v2\/users\/1"}],"replies":[{"embeddable":true,"href":"https:\/\/camirim.com.br\/index.php?rest_route=%2Fwp%2Fv2%2Fcomments&post=4185"}],"version-history":[{"count":19,"href":"https:\/\/camirim.com.br\/index.php?rest_route=\/wp\/v2\/pages\/4185\/revisions"}],"predecessor-version":[{"id":4216,"href":"https:\/\/camirim.com.br\/index.php?rest_route=\/wp\/v2\/pages\/4185\/revisions\/4216"}],"up":[{"embeddable":true,"href":"https:\/\/camirim.com.br\/index.php?rest_route=\/wp\/v2\/pages\/4042"}],"wp:attachment":[{"href":"https:\/\/camirim.com.br\/index.php?rest_route=%2Fwp%2Fv2%2Fmedia&parent=4185"}],"curies":[{"name":"wp","href":"https:\/\/api.w.org\/{rel}","templated":true}]}}