{"id":269,"date":"2023-04-24T13:48:42","date_gmt":"2023-04-24T16:48:42","guid":{"rendered":"https:\/\/camirim.com.br\/?page_id=269"},"modified":"2023-07-26T17:54:35","modified_gmt":"2023-07-26T20:54:35","slug":"projetos","status":"publish","type":"page","link":"https:\/\/camirim.com.br\/?page_id=269","title":{"rendered":"Projetos"},"content":{"rendered":"\n<p class=\"has-medium-font-size\"><\/p>\n\n\n\n<div class=\"wp-block-media-text is-stacked-on-mobile is-vertically-aligned-top\"><figure class=\"wp-block-media-text__media\"><img fetchpriority=\"high\" decoding=\"async\" width=\"768\" height=\"574\" src=\"http:\/\/camirim.com.br\/wp-content\/uploads\/2023\/07\/Projeto-Anta.jpg\" alt=\"\" class=\"wp-image-4051 size-full\" srcset=\"https:\/\/camirim.com.br\/wp-content\/uploads\/2023\/07\/Projeto-Anta.jpg 768w, https:\/\/camirim.com.br\/wp-content\/uploads\/2023\/07\/Projeto-Anta-300x224.jpg 300w\" sizes=\"(max-width: 768px) 100vw, 768px\" \/><\/figure><div class=\"wp-block-media-text__content\">\n<p class=\"has-text-align-center\"><strong>ANTA &#8211; A JARDINEIRA DA FLORESTA <\/strong><\/p>\n\n\n\n<p><strong><a rel=\"noreferrer noopener\" href=\"http:\/\/camirim.com.br\/wp-content\/uploads\/2023\/04\/Anta-Livro-2011_PORTUGUES.pdf\" target=\"_blank\">LIVRO EM PDF<\/a><\/strong><\/p>\n\n\n\n<p>(Projeto de livro em fase de conclus\u00e3o de edi\u00e7\u00e3o e capta\u00e7\u00e3o de patroc\u00ednio)<\/p>\n\n\n\n<p>Livro de mesa em duas vers\u00f5es (portugu\u00eas e ingl\u00eas) sobre a anta brasileira (Tapirus terrestris), enfocando aspectos biol\u00f3gicos, desafios de conserva\u00e7\u00e3o e representa\u00e7\u00f5es culturais (lendas, hist\u00f3rias, pinturas rupestres, esculturas, cer\u00e1micas). Os textos s\u00e3o assinados pela pesquisadora\u00a0<a rel=\"noreferrer noopener\" href=\"https:\/\/pt.wikipedia.org\/wiki\/Patr%C3%ADcia_Medici\" target=\"_blank\">Patr\u00edcia M\u00e9dici<\/a>, a maior especialista brasileira em antas, e pela jornalista\u00a0<a rel=\"noreferrer noopener\" href=\"https:\/\/lianajohn.com.br\/\" target=\"_blank\">Liana John<\/a>. As fotos s\u00e3o das duas autoras e de diversos outros fot\u00f3grafos de natureza.<\/p>\n\n\n\n<p><br>Tiragem: mil exemplares em portugu\u00eas e 2 mil em ingl\u00eas.<\/p>\n\n\n\n<p>Mais detalhes sobre o projeto?&nbsp;<a href=\"https:\/\/camirim.com.br\/?page_id=272\">Fale conosco.<\/a><\/p>\n\n\n\n<p><\/p>\n<\/div><\/div>\n\n\n\n<p><\/p>\n\n\n\n<div class=\"wp-block-media-text is-stacked-on-mobile\"><figure class=\"wp-block-media-text__media\"><a href=\"https:\/\/lianajohn.com.br\/wp-content\/uploads\/2023\/07\/DE%CC%82-PASSAGEM-PARA-A-VIDA.pdf\"><img decoding=\"async\" width=\"828\" height=\"649\" src=\"http:\/\/camirim.com.br\/wp-content\/uploads\/2023\/07\/CapaProjetoDePassagemParaAVida-1.jpeg\" alt=\"\" class=\"wp-image-4056 size-full\" srcset=\"https:\/\/camirim.com.br\/wp-content\/uploads\/2023\/07\/CapaProjetoDePassagemParaAVida-1.jpeg 828w, https:\/\/camirim.com.br\/wp-content\/uploads\/2023\/07\/CapaProjetoDePassagemParaAVida-1-300x235.jpeg 300w, https:\/\/camirim.com.br\/wp-content\/uploads\/2023\/07\/CapaProjetoDePassagemParaAVida-1-768x602.jpeg 768w\" sizes=\"(max-width: 828px) 100vw, 828px\" \/><\/a><\/figure><div class=\"wp-block-media-text__content\">\n<p class=\"has-text-align-center\"><strong>D\u00ca PASSAGEM PARA A VIDA <\/strong><\/p>\n\n\n\n<p>Projeto sem fins lucrativos desenvolvido por Alex Bager e Liana John.<\/p>\n\n\n\n<p><a href=\"https:\/\/lianajohn.com.br\/wp-content\/uploads\/2023\/07\/DE%CC%82-PASSAGEM-PARA-A-VIDA.pdf\" data-type=\"URL\" data-id=\"https:\/\/lianajohn.com.br\/wp-content\/uploads\/2023\/07\/DE%CC%82-PASSAGEM-PARA-A-VIDA.pdf\">Confira!<\/a><\/p>\n<\/div><\/div>\n\n\n\n<p><\/p>\n\n\n\n<p><\/p>\n\n\n\n<p><\/p>\n\n\n\n<div class=\"wp-block-media-text is-stacked-on-mobile\"><figure class=\"wp-block-media-text__media\"><a href=\"https:\/\/lianajohn.com.br\/wp-content\/uploads\/2023\/07\/Projeto-Bem-me-quer.pdf\"><img decoding=\"async\" width=\"1024\" height=\"600\" src=\"http:\/\/camirim.com.br\/wp-content\/uploads\/2023\/07\/Bem-me-quer-capa1-1024x600.jpg\" alt=\"\" class=\"wp-image-4062 size-full\" srcset=\"https:\/\/camirim.com.br\/wp-content\/uploads\/2023\/07\/Bem-me-quer-capa1-1024x600.jpg 1024w, https:\/\/camirim.com.br\/wp-content\/uploads\/2023\/07\/Bem-me-quer-capa1-300x176.jpg 300w, https:\/\/camirim.com.br\/wp-content\/uploads\/2023\/07\/Bem-me-quer-capa1-768x450.jpg 768w, https:\/\/camirim.com.br\/wp-content\/uploads\/2023\/07\/Bem-me-quer-capa1.jpg 1203w\" sizes=\"(max-width: 1024px) 100vw, 1024px\" \/><\/a><\/figure><div class=\"wp-block-media-text__content\">\n<p class=\"has-text-align-center\"><strong>BEM-ME-QUER<\/strong><\/p>\n\n\n\n<p>Grupo de boas vindas a beb\u00eas Down.\u00a0<\/p>\n\n\n\n<p><a href=\"https:\/\/lianajohn.com.br\/wp-content\/uploads\/2023\/07\/Projeto-Bem-me-quer.pdf\" data-type=\"URL\" data-id=\"https:\/\/lianajohn.com.br\/wp-content\/uploads\/2023\/07\/Projeto-Bem-me-quer.pdf\">Confira!<\/a><\/p>\n<\/div><\/div>\n","protected":false},"excerpt":{"rendered":"<p>ANTA &#8211; A JARDINEIRA DA FLORESTA LIVRO EM PDF (Projeto de livro em fase de conclus\u00e3o de edi\u00e7\u00e3o e capta\u00e7\u00e3o de patroc\u00ednio) Livro de mesa em duas vers\u00f5es (portugu\u00eas e ingl\u00eas) sobre a anta brasileira (Tapirus terrestris), enfocando aspectos biol\u00f3gicos, desafios de conserva\u00e7\u00e3o e representa\u00e7\u00f5es culturais (lendas, hist\u00f3rias, pinturas rupestres, esculturas, cer\u00e1micas). Os textos s\u00e3o&hellip;&nbsp;<a href=\"https:\/\/camirim.com.br\/?page_id=269\" rel=\"bookmark\">Read More &raquo;<span class=\"screen-reader-text\">Projetos<\/span><\/a><\/p>\n","protected":false},"author":1,"featured_media":0,"parent":4042,"menu_order":0,"comment_status":"closed","ping_status":"closed","template":"","meta":{"neve_meta_sidebar":"","neve_meta_container":"","neve_meta_enable_content_width":"","neve_meta_content_width":0,"neve_meta_title_alignment":"","neve_meta_author_avatar":"","neve_post_elements_order":"","neve_meta_disable_header":"","neve_meta_disable_footer":"","neve_meta_disable_title":"","_themeisle_gutenberg_block_has_review":false,"footnotes":""},"class_list":["post-269","page","type-page","status-publish","hentry"],"_links":{"self":[{"href":"https:\/\/camirim.com.br\/index.php?rest_route=\/wp\/v2\/pages\/269","targetHints":{"allow":["GET"]}}],"collection":[{"href":"https:\/\/camirim.com.br\/index.php?rest_route=\/wp\/v2\/pages"}],"about":[{"href":"https:\/\/camirim.com.br\/index.php?rest_route=\/wp\/v2\/types\/page"}],"author":[{"embeddable":true,"href":"https:\/\/camirim.com.br\/index.php?rest_route=\/wp\/v2\/users\/1"}],"replies":[{"embeddable":true,"href":"https:\/\/camirim.com.br\/index.php?rest_route=%2Fwp%2Fv2%2Fcomments&post=269"}],"version-history":[{"count":25,"href":"https:\/\/camirim.com.br\/index.php?rest_route=\/wp\/v2\/pages\/269\/revisions"}],"predecessor-version":[{"id":4071,"href":"https:\/\/camirim.com.br\/index.php?rest_route=\/wp\/v2\/pages\/269\/revisions\/4071"}],"up":[{"embeddable":true,"href":"https:\/\/camirim.com.br\/index.php?rest_route=\/wp\/v2\/pages\/4042"}],"wp:attachment":[{"href":"https:\/\/camirim.com.br\/index.php?rest_route=%2Fwp%2Fv2%2Fmedia&parent=269"}],"curies":[{"name":"wp","href":"https:\/\/api.w.org\/{rel}","templated":true}]}}