{"id":249,"date":"2023-04-24T13:43:49","date_gmt":"2023-04-24T16:43:49","guid":{"rendered":"https:\/\/camirim.com.br\/?page_id=249"},"modified":"2023-06-20T16:46:25","modified_gmt":"2023-06-20T19:46:25","slug":"biodiversidade","status":"publish","type":"page","link":"https:\/\/camirim.com.br\/?page_id=249","title":{"rendered":"Biodiversidade"},"content":{"rendered":"\t\t<div data-elementor-type=\"wp-page\" data-elementor-id=\"249\" class=\"elementor elementor-249\">\n\t\t\t\t\t\t<section class=\"elementor-section elementor-top-section elementor-element elementor-element-aba93f6 elementor-section-boxed elementor-section-height-default elementor-section-height-default\" data-id=\"aba93f6\" data-element_type=\"section\" data-e-type=\"section\">\n\t\t\t\t\t\t<div class=\"elementor-container elementor-column-gap-default\">\n\t\t\t\t\t<div class=\"elementor-column elementor-col-100 elementor-top-column elementor-element elementor-element-94bbb60\" data-id=\"94bbb60\" data-element_type=\"column\" data-e-type=\"column\">\n\t\t\t<div class=\"elementor-widget-wrap elementor-element-populated\">\n\t\t\t\t\t\t<div class=\"elementor-element elementor-element-c3c604b elementor-widget elementor-widget-text-editor\" data-id=\"c3c604b\" data-element_type=\"widget\" data-e-type=\"widget\" data-widget_type=\"text-editor.default\">\n\t\t\t\t<div class=\"elementor-widget-container\">\n\t\t\t\t\t\t\t\t\t<h1><strong>Biodiversidade<\/strong><\/h1>\t\t\t\t\t\t\t\t<\/div>\n\t\t\t\t<\/div>\n\t\t\t\t<div class=\"elementor-element elementor-element-6915a49 elementor-widget elementor-widget-text-editor\" data-id=\"6915a49\" data-element_type=\"widget\" data-e-type=\"widget\" data-widget_type=\"text-editor.default\">\n\t\t\t\t<div class=\"elementor-widget-container\">\n\t\t\t\t\t\t\t\t\t<p>De 08 a 19\/10, a cidade de Hyderabad, ao sul da \u00cdndia, abriga a 11\u00aa Confer\u00eancia da Conven\u00e7\u00e3o das Partes sobre Diversidade Biol\u00f3gica (COP11), organizada pela Organiza\u00e7\u00e3o das Na\u00e7\u00f5es Unidas (ONU). Neste blog, voc\u00ea acompanha as an\u00e1lises da jornalista ambiental, Liana John, que tamb\u00e9m \u00e9 autora do blog Biodiversa, lan\u00e7ado neste site por ocasi\u00e3o da COP10; as movimenta\u00e7\u00f5es da confer\u00eancia e side events acompanhados pela jornalista Sucena Shkrada Resk, que colabora com a gente h\u00e1 quatro anos, e por D\u00e9bora Spitzcovsky, rep\u00f3rter do Planeta Sustent\u00e1vel. Direto de Hyderabad, Matthew Shirts, redator-chefe da National Geographic Brasil e coordenador do nosso movimento, e Maria Bitarello, enviam relatos di\u00e1rios e inusitados de sua passagem pela confer\u00eancia. Coordena\u00e7\u00e3o: M\u00f4nica Nunes<\/p>\t\t\t\t\t\t\t\t<\/div>\n\t\t\t\t<\/div>\n\t\t\t\t\t<\/div>\n\t\t<\/div>\n\t\t\t\t\t<\/div>\n\t\t<\/section>\n\t\t\t\t<section class=\"elementor-section elementor-top-section elementor-element elementor-element-bc92cee elementor-section-boxed elementor-section-height-default elementor-section-height-default\" data-id=\"bc92cee\" data-element_type=\"section\" data-e-type=\"section\">\n\t\t\t\t\t\t<div class=\"elementor-container elementor-column-gap-default\">\n\t\t\t\t\t<div class=\"elementor-column elementor-col-25 elementor-top-column elementor-element elementor-element-6ab50a2\" data-id=\"6ab50a2\" data-element_type=\"column\" data-e-type=\"column\">\n\t\t\t<div class=\"elementor-widget-wrap elementor-element-populated\">\n\t\t\t\t\t\t<div class=\"elementor-element elementor-element-ab98fef elementor-widget elementor-widget-text-editor\" data-id=\"ab98fef\" data-element_type=\"widget\" data-e-type=\"widget\" data-widget_type=\"text-editor.default\">\n\t\t\t\t<div class=\"elementor-widget-container\">\n\t\t\t\t\t\t\t\t\t<p><strong><a href=\"http:\/\/camirim.com.br\/wp-content\/uploads\/2023\/06\/Conservar-biodiversidade-melhora-a-seguranca-alimentar-_-Exame.pdf\"> Conservar biodiversidade melhora a seguran\u00e7a alimentar &#8211; COP11<\/a><\/strong><\/p>\t\t\t\t\t\t\t\t<\/div>\n\t\t\t\t<\/div>\n\t\t\t\t\t<\/div>\n\t\t<\/div>\n\t\t\t\t<div class=\"elementor-column elementor-col-25 elementor-top-column elementor-element elementor-element-5098924\" data-id=\"5098924\" data-element_type=\"column\" data-e-type=\"column\">\n\t\t\t<div class=\"elementor-widget-wrap elementor-element-populated\">\n\t\t\t\t\t\t<div class=\"elementor-element elementor-element-a93d9f3 elementor-widget elementor-widget-text-editor\" data-id=\"a93d9f3\" data-element_type=\"widget\" data-e-type=\"widget\" data-widget_type=\"text-editor.default\">\n\t\t\t\t<div class=\"elementor-widget-container\">\n\t\t\t\t\t\t\t\t\t<p class=\"sc-c4a67c2e-0 bEYuXH\"><a href=\"http:\/\/camirim.com.br\/wp-content\/uploads\/2023\/06\/COP11-da-Biodiversidade_-metas-e-ritmo-_-Exame.pdf\"><strong>COP11 da Biodiversidade: metas e ritmo<\/strong><\/a><\/p>\t\t\t\t\t\t\t\t<\/div>\n\t\t\t\t<\/div>\n\t\t\t\t\t<\/div>\n\t\t<\/div>\n\t\t\t\t<div class=\"elementor-column elementor-col-25 elementor-top-column elementor-element elementor-element-f413091\" data-id=\"f413091\" data-element_type=\"column\" data-e-type=\"column\">\n\t\t\t<div class=\"elementor-widget-wrap elementor-element-populated\">\n\t\t\t\t\t\t<div class=\"elementor-element elementor-element-30495fa elementor-widget elementor-widget-text-editor\" data-id=\"30495fa\" data-element_type=\"widget\" data-e-type=\"widget\" data-widget_type=\"text-editor.default\">\n\t\t\t\t<div class=\"elementor-widget-container\">\n\t\t\t\t\t\t\t\t\t<p><a href=\"http:\/\/camirim.com.br\/wp-content\/uploads\/2023\/06\/COP11_-mais-informacao-na-guerra-contra-especies-invasoras-_-Exame.pdf\"><strong>Mais informa\u00e7\u00e3o contra esp\u00e9cies invasoras<\/strong><\/a><\/p>\t\t\t\t\t\t\t\t<\/div>\n\t\t\t\t<\/div>\n\t\t\t\t\t<\/div>\n\t\t<\/div>\n\t\t\t\t<div class=\"elementor-column elementor-col-25 elementor-top-column elementor-element elementor-element-8daec14\" data-id=\"8daec14\" data-element_type=\"column\" data-e-type=\"column\">\n\t\t\t<div class=\"elementor-widget-wrap\">\n\t\t\t\t\t\t\t<\/div>\n\t\t<\/div>\n\t\t\t\t\t<\/div>\n\t\t<\/section>\n\t\t\t\t<\/div>\n\t\t","protected":false},"excerpt":{"rendered":"<p>Biodiversidade De 08 a 19\/10, a cidade de Hyderabad, ao sul da \u00cdndia, abriga a 11\u00aa Confer\u00eancia da Conven\u00e7\u00e3o das Partes sobre Diversidade Biol\u00f3gica (COP11), organizada pela Organiza\u00e7\u00e3o das Na\u00e7\u00f5es Unidas (ONU). Neste blog, voc\u00ea acompanha as an\u00e1lises da jornalista ambiental, Liana John, que tamb\u00e9m \u00e9 autora do blog Biodiversa, lan\u00e7ado neste site por ocasi\u00e3o&hellip;&nbsp;<a href=\"https:\/\/camirim.com.br\/?page_id=249\" rel=\"bookmark\">Read More &raquo;<span class=\"screen-reader-text\">Biodiversidade<\/span><\/a><\/p>\n","protected":false},"author":1,"featured_media":0,"parent":0,"menu_order":0,"comment_status":"closed","ping_status":"closed","template":"page-templates\/template-pagebuilder-full-width.php","meta":{"neve_meta_sidebar":"","neve_meta_container":"","neve_meta_enable_content_width":"","neve_meta_content_width":0,"neve_meta_title_alignment":"","neve_meta_author_avatar":"","neve_post_elements_order":"","neve_meta_disable_header":"","neve_meta_disable_footer":"","neve_meta_disable_title":"","_themeisle_gutenberg_block_has_review":false,"footnotes":""},"class_list":["post-249","page","type-page","status-publish","hentry"],"_links":{"self":[{"href":"https:\/\/camirim.com.br\/index.php?rest_route=\/wp\/v2\/pages\/249","targetHints":{"allow":["GET"]}}],"collection":[{"href":"https:\/\/camirim.com.br\/index.php?rest_route=\/wp\/v2\/pages"}],"about":[{"href":"https:\/\/camirim.com.br\/index.php?rest_route=\/wp\/v2\/types\/page"}],"author":[{"embeddable":true,"href":"https:\/\/camirim.com.br\/index.php?rest_route=\/wp\/v2\/users\/1"}],"replies":[{"embeddable":true,"href":"https:\/\/camirim.com.br\/index.php?rest_route=%2Fwp%2Fv2%2Fcomments&post=249"}],"version-history":[{"count":4,"href":"https:\/\/camirim.com.br\/index.php?rest_route=\/wp\/v2\/pages\/249\/revisions"}],"predecessor-version":[{"id":3854,"href":"https:\/\/camirim.com.br\/index.php?rest_route=\/wp\/v2\/pages\/249\/revisions\/3854"}],"wp:attachment":[{"href":"https:\/\/camirim.com.br\/index.php?rest_route=%2Fwp%2Fv2%2Fmedia&parent=249"}],"curies":[{"name":"wp","href":"https:\/\/api.w.org\/{rel}","templated":true}]}}