{"id":239,"date":"2023-04-24T13:41:42","date_gmt":"2023-04-24T16:41:42","guid":{"rendered":"https:\/\/camirim.com.br\/?page_id=239"},"modified":"2023-06-20T16:07:13","modified_gmt":"2023-06-20T19:07:13","slug":"noticias","status":"publish","type":"page","link":"https:\/\/camirim.com.br\/?page_id=239","title":{"rendered":"Not\u00edcias"},"content":{"rendered":"\t\t<div data-elementor-type=\"wp-page\" data-elementor-id=\"239\" class=\"elementor elementor-239\">\n\t\t\t\t\t\t<section class=\"elementor-section elementor-top-section elementor-element elementor-element-b5be31a elementor-section-boxed elementor-section-height-default elementor-section-height-default\" data-id=\"b5be31a\" data-element_type=\"section\" data-e-type=\"section\">\n\t\t\t\t\t\t<div class=\"elementor-container elementor-column-gap-default\">\n\t\t\t\t\t<div class=\"elementor-column elementor-col-100 elementor-top-column elementor-element elementor-element-2f9a299\" data-id=\"2f9a299\" data-element_type=\"column\" data-e-type=\"column\">\n\t\t\t<div class=\"elementor-widget-wrap elementor-element-populated\">\n\t\t\t\t\t\t<div class=\"elementor-element elementor-element-eb7288e elementor-widget elementor-widget-text-editor\" data-id=\"eb7288e\" data-element_type=\"widget\" data-e-type=\"widget\" data-widget_type=\"text-editor.default\">\n\t\t\t\t<div class=\"elementor-widget-container\">\n\t\t\t\t\t\t\t\t\t<h1><strong>Not\u00edcias<\/strong>\u00a0<\/h1>\t\t\t\t\t\t\t\t<\/div>\n\t\t\t\t<\/div>\n\t\t\t\t\t<\/div>\n\t\t<\/div>\n\t\t\t\t\t<\/div>\n\t\t<\/section>\n\t\t\t\t<section class=\"elementor-section elementor-top-section elementor-element elementor-element-d83e533 elementor-section-boxed elementor-section-height-default elementor-section-height-default\" data-id=\"d83e533\" data-element_type=\"section\" data-e-type=\"section\">\n\t\t\t\t\t\t<div class=\"elementor-container elementor-column-gap-default\">\n\t\t\t\t\t<div class=\"elementor-column elementor-col-100 elementor-top-column elementor-element elementor-element-ba75349\" data-id=\"ba75349\" data-element_type=\"column\" data-e-type=\"column\">\n\t\t\t<div class=\"elementor-widget-wrap elementor-element-populated\">\n\t\t\t\t\t\t<div class=\"elementor-element elementor-element-0077dee elementor-widget elementor-widget-image\" data-id=\"0077dee\" data-element_type=\"widget\" data-e-type=\"widget\" data-widget_type=\"image.default\">\n\t\t\t\t<div class=\"elementor-widget-container\">\n\t\t\t\t\t\t\t\t\t\t\t\t\t\t\t<img fetchpriority=\"high\" decoding=\"async\" width=\"995\" height=\"230\" src=\"https:\/\/camirim.com.br\/wp-content\/uploads\/2023\/06\/NOTICIAS.jpg\" class=\"attachment-large size-large wp-image-3828\" alt=\"\" srcset=\"https:\/\/camirim.com.br\/wp-content\/uploads\/2023\/06\/NOTICIAS.jpg 995w, https:\/\/camirim.com.br\/wp-content\/uploads\/2023\/06\/NOTICIAS-300x69.jpg 300w, https:\/\/camirim.com.br\/wp-content\/uploads\/2023\/06\/NOTICIAS-768x178.jpg 768w\" sizes=\"(max-width: 995px) 100vw, 995px\" \/>\t\t\t\t\t\t\t\t\t\t\t\t\t\t\t<\/div>\n\t\t\t\t<\/div>\n\t\t\t\t\t<\/div>\n\t\t<\/div>\n\t\t\t\t\t<\/div>\n\t\t<\/section>\n\t\t\t\t<section class=\"elementor-section elementor-top-section elementor-element elementor-element-56dd543 elementor-section-boxed elementor-section-height-default elementor-section-height-default\" data-id=\"56dd543\" data-element_type=\"section\" data-e-type=\"section\">\n\t\t\t\t\t\t<div class=\"elementor-container elementor-column-gap-default\">\n\t\t\t\t\t<div class=\"elementor-column elementor-col-50 elementor-top-column elementor-element elementor-element-a54c15f\" data-id=\"a54c15f\" data-element_type=\"column\" data-e-type=\"column\">\n\t\t\t<div class=\"elementor-widget-wrap elementor-element-populated\">\n\t\t\t\t\t\t<div class=\"elementor-element elementor-element-b1442bb elementor-widget elementor-widget-heading\" data-id=\"b1442bb\" data-element_type=\"widget\" data-e-type=\"widget\" data-widget_type=\"heading.default\">\n\t\t\t\t<div class=\"elementor-widget-container\">\n\t\t\t\t\t<h2 class=\"elementor-heading-title elementor-size-medium\">Um cafezal para apalpar, cheirar e degustar<\/h2>\t\t\t\t<\/div>\n\t\t\t\t<\/div>\n\t\t\t\t<div class=\"elementor-element elementor-element-2d5d273 elementor-widget elementor-widget-image\" data-id=\"2d5d273\" data-element_type=\"widget\" data-e-type=\"widget\" data-widget_type=\"image.default\">\n\t\t\t\t<div class=\"elementor-widget-container\">\n\t\t\t\t\t\t\t\t\t\t\t\t\t\t\t\t<a href=\"http:\/\/camirim.com.br\/wp-content\/uploads\/2023\/06\/Um-cafezal-para-apalpar-cheirar-e-degustar.pdf\">\n\t\t\t\t\t\t\t<img decoding=\"async\" width=\"800\" height=\"445\" src=\"https:\/\/camirim.com.br\/wp-content\/uploads\/2023\/06\/Um-cafezal-para-apalpar-cheirar-e-degustar.jpg\" class=\"attachment-large size-large wp-image-3814\" alt=\"\" srcset=\"https:\/\/camirim.com.br\/wp-content\/uploads\/2023\/06\/Um-cafezal-para-apalpar-cheirar-e-degustar.jpg 800w, https:\/\/camirim.com.br\/wp-content\/uploads\/2023\/06\/Um-cafezal-para-apalpar-cheirar-e-degustar-300x167.jpg 300w, https:\/\/camirim.com.br\/wp-content\/uploads\/2023\/06\/Um-cafezal-para-apalpar-cheirar-e-degustar-768x427.jpg 768w\" sizes=\"(max-width: 800px) 100vw, 800px\" \/>\t\t\t\t\t\t\t\t<\/a>\n\t\t\t\t\t\t\t\t\t\t\t\t\t\t\t<\/div>\n\t\t\t\t<\/div>\n\t\t\t\t<div class=\"elementor-element elementor-element-ade8394 elementor-widget elementor-widget-text-editor\" data-id=\"ade8394\" data-element_type=\"widget\" data-e-type=\"widget\" data-widget_type=\"text-editor.default\">\n\t\t\t\t<div class=\"elementor-widget-container\">\n\t\t\t\t\t\t\t\t\t<p>Para concluir o curso t\u00e9cnico de guia de turismo, Audmara Veronese precisava criar um projeto inovador e integrador. E conseguiu! Sua iniciativa linda promove turismo sensorial para pessoas com defici\u00eancia visual ou baixa vis\u00e3o&#8230;<\/p>\t\t\t\t\t\t\t\t<\/div>\n\t\t\t\t<\/div>\n\t\t\t\t\t<\/div>\n\t\t<\/div>\n\t\t\t\t<div class=\"elementor-column elementor-col-50 elementor-top-column elementor-element elementor-element-d60b99f\" data-id=\"d60b99f\" data-element_type=\"column\" data-e-type=\"column\">\n\t\t\t<div class=\"elementor-widget-wrap elementor-element-populated\">\n\t\t\t\t\t\t<div class=\"elementor-element elementor-element-08c0a7d elementor-widget elementor-widget-heading\" data-id=\"08c0a7d\" data-element_type=\"widget\" data-e-type=\"widget\" data-widget_type=\"heading.default\">\n\t\t\t\t<div class=\"elementor-widget-container\">\n\t\t\t\t\t<h2 class=\"elementor-heading-title elementor-size-medium\">Guia facilita a identifica\u00e7\u00e3o de serpentes<\/h2>\t\t\t\t<\/div>\n\t\t\t\t<\/div>\n\t\t\t\t<div class=\"elementor-element elementor-element-9188b05 elementor-widget elementor-widget-image\" data-id=\"9188b05\" data-element_type=\"widget\" data-e-type=\"widget\" data-widget_type=\"image.default\">\n\t\t\t\t<div class=\"elementor-widget-container\">\n\t\t\t\t\t\t\t\t\t\t\t\t\t\t\t\t<a href=\"http:\/\/camirim.com.br\/wp-content\/uploads\/2023\/06\/Guia-facilita-a-identificacao-de-serpentes.pdf\">\n\t\t\t\t\t\t\t<img decoding=\"async\" width=\"800\" height=\"445\" src=\"https:\/\/camirim.com.br\/wp-content\/uploads\/2023\/06\/guia-facilita-identificacao-serpentes-800.jpg\" class=\"attachment-large size-large wp-image-3820\" alt=\"\" srcset=\"https:\/\/camirim.com.br\/wp-content\/uploads\/2023\/06\/guia-facilita-identificacao-serpentes-800.jpg 800w, https:\/\/camirim.com.br\/wp-content\/uploads\/2023\/06\/guia-facilita-identificacao-serpentes-800-300x167.jpg 300w, https:\/\/camirim.com.br\/wp-content\/uploads\/2023\/06\/guia-facilita-identificacao-serpentes-800-768x427.jpg 768w\" sizes=\"(max-width: 800px) 100vw, 800px\" \/>\t\t\t\t\t\t\t\t<\/a>\n\t\t\t\t\t\t\t\t\t\t\t\t\t\t\t<\/div>\n\t\t\t\t<\/div>\n\t\t\t\t<div class=\"elementor-element elementor-element-d58361b elementor-widget elementor-widget-text-editor\" data-id=\"d58361b\" data-element_type=\"widget\" data-e-type=\"widget\" data-widget_type=\"text-editor.default\">\n\t\t\t\t<div class=\"elementor-widget-container\">\n\t\t\t\t\t\t\t\t\t<p>Depois da Mata Atl\u00e2ntica e do Pantanal, agora \u00e9 a vez do Cerrado ter seu guia de campo para identifica\u00e7\u00e3o de serpentes. As informa\u00e7\u00f5es foram reunidas por quatro especialistas brasileiros Ot\u00e1vio Marques, Andr\u00e9 Eterovic, Ivan Sazima e Cristiano Nogueira &#8211; e s\u00e3o apresentadas&#8230;<\/p>\t\t\t\t\t\t\t\t<\/div>\n\t\t\t\t<\/div>\n\t\t\t\t\t<\/div>\n\t\t<\/div>\n\t\t\t\t\t<\/div>\n\t\t<\/section>\n\t\t\t\t<\/div>\n\t\t","protected":false},"excerpt":{"rendered":"<p>Not\u00edcias\u00a0 Um cafezal para apalpar, cheirar e degustar Para concluir o curso t\u00e9cnico de guia de turismo, Audmara Veronese precisava criar um projeto inovador e integrador. E conseguiu! Sua iniciativa linda promove turismo sensorial para pessoas com defici\u00eancia visual ou baixa vis\u00e3o&#8230; Guia facilita a identifica\u00e7\u00e3o de serpentes Depois da Mata Atl\u00e2ntica e do Pantanal,&hellip;&nbsp;<a href=\"https:\/\/camirim.com.br\/?page_id=239\" rel=\"bookmark\">Read More &raquo;<span class=\"screen-reader-text\">Not\u00edcias<\/span><\/a><\/p>\n","protected":false},"author":1,"featured_media":0,"parent":0,"menu_order":0,"comment_status":"closed","ping_status":"closed","template":"page-templates\/template-pagebuilder-full-width.php","meta":{"neve_meta_sidebar":"","neve_meta_container":"","neve_meta_enable_content_width":"","neve_meta_content_width":0,"neve_meta_title_alignment":"","neve_meta_author_avatar":"","neve_post_elements_order":"","neve_meta_disable_header":"","neve_meta_disable_footer":"","neve_meta_disable_title":"","_themeisle_gutenberg_block_has_review":false,"footnotes":""},"class_list":["post-239","page","type-page","status-publish","hentry"],"_links":{"self":[{"href":"https:\/\/camirim.com.br\/index.php?rest_route=\/wp\/v2\/pages\/239","targetHints":{"allow":["GET"]}}],"collection":[{"href":"https:\/\/camirim.com.br\/index.php?rest_route=\/wp\/v2\/pages"}],"about":[{"href":"https:\/\/camirim.com.br\/index.php?rest_route=\/wp\/v2\/types\/page"}],"author":[{"embeddable":true,"href":"https:\/\/camirim.com.br\/index.php?rest_route=\/wp\/v2\/users\/1"}],"replies":[{"embeddable":true,"href":"https:\/\/camirim.com.br\/index.php?rest_route=%2Fwp%2Fv2%2Fcomments&post=239"}],"version-history":[{"count":16,"href":"https:\/\/camirim.com.br\/index.php?rest_route=\/wp\/v2\/pages\/239\/revisions"}],"predecessor-version":[{"id":3831,"href":"https:\/\/camirim.com.br\/index.php?rest_route=\/wp\/v2\/pages\/239\/revisions\/3831"}],"wp:attachment":[{"href":"https:\/\/camirim.com.br\/index.php?rest_route=%2Fwp%2Fv2%2Fmedia&parent=239"}],"curies":[{"name":"wp","href":"https:\/\/api.w.org\/{rel}","templated":true}]}}