{"id":218,"date":"2023-04-24T13:30:18","date_gmt":"2023-04-24T16:30:18","guid":{"rendered":"https:\/\/camirim.com.br\/?page_id=218"},"modified":"2026-04-22T10:56:17","modified_gmt":"2026-04-22T13:56:17","slug":"national-geographic-brasil","status":"publish","type":"page","link":"https:\/\/camirim.com.br\/?page_id=218","title":{"rendered":"National Geographic &#8211; Brasil"},"content":{"rendered":"\t\t<div data-elementor-type=\"wp-page\" data-elementor-id=\"218\" class=\"elementor elementor-218\">\n\t\t\t\t\t\t<section class=\"elementor-section elementor-top-section elementor-element elementor-element-c387e6c elementor-section-boxed elementor-section-height-default elementor-section-height-default\" data-id=\"c387e6c\" data-element_type=\"section\" data-e-type=\"section\">\n\t\t\t\t\t\t<div class=\"elementor-container elementor-column-gap-default\">\n\t\t\t\t\t<div class=\"elementor-column elementor-col-100 elementor-top-column elementor-element elementor-element-f210315\" data-id=\"f210315\" data-element_type=\"column\" data-e-type=\"column\">\n\t\t\t<div class=\"elementor-widget-wrap elementor-element-populated\">\n\t\t\t\t\t\t<div class=\"elementor-element elementor-element-666b87a elementor-widget elementor-widget-text-editor\" data-id=\"666b87a\" data-element_type=\"widget\" data-e-type=\"widget\" data-widget_type=\"text-editor.default\">\n\t\t\t\t<div class=\"elementor-widget-container\">\n\t\t\t\t\t\t\t\t\t<h1>National Geographic &#8211; Brasil<\/h1>\t\t\t\t\t\t\t\t<\/div>\n\t\t\t\t<\/div>\n\t\t\t\t<div class=\"elementor-element elementor-element-376d2b5 elementor-widget elementor-widget-text-editor\" data-id=\"376d2b5\" data-element_type=\"widget\" data-e-type=\"widget\" data-widget_type=\"text-editor.default\">\n\t\t\t\t<div class=\"elementor-widget-container\">\n\t\t\t\t\t\t\t\t\t<p>Artigos escritos por Liana John e Evaristo de Miranda.\u00a0<\/p>\t\t\t\t\t\t\t\t<\/div>\n\t\t\t\t<\/div>\n\t\t\t\t\t<\/div>\n\t\t<\/div>\n\t\t\t\t\t<\/div>\n\t\t<\/section>\n\t\t\t\t<section class=\"elementor-section elementor-top-section elementor-element elementor-element-7a8ecbb elementor-section-boxed elementor-section-height-default elementor-section-height-default\" data-id=\"7a8ecbb\" data-element_type=\"section\" data-e-type=\"section\">\n\t\t\t\t\t\t<div class=\"elementor-container elementor-column-gap-default\">\n\t\t\t\t\t<div class=\"elementor-column elementor-col-33 elementor-top-column elementor-element elementor-element-51476b7\" data-id=\"51476b7\" data-element_type=\"column\" data-e-type=\"column\">\n\t\t\t<div class=\"elementor-widget-wrap elementor-element-populated\">\n\t\t\t\t\t\t<div class=\"elementor-element elementor-element-fcbcbfa elementor-widget elementor-widget-image\" data-id=\"fcbcbfa\" data-element_type=\"widget\" data-e-type=\"widget\" data-widget_type=\"image.default\">\n\t\t\t\t<div class=\"elementor-widget-container\">\n\t\t\t\t\t\t\t\t\t\t\t\t\t\t\t\t<a href=\"http:\/\/camirim.com.br\/wp-content\/uploads\/2023\/06\/ArtigosNationalGeographic2014.pdf\">\n\t\t\t\t\t\t\t<img fetchpriority=\"high\" decoding=\"async\" width=\"709\" height=\"1024\" src=\"https:\/\/camirim.com.br\/wp-content\/uploads\/2023\/06\/NationalGeographicNovaAgricultura-709x1024-1.jpg\" class=\"attachment-large size-large wp-image-3012\" alt=\"\" srcset=\"https:\/\/camirim.com.br\/wp-content\/uploads\/2023\/06\/NationalGeographicNovaAgricultura-709x1024-1.jpg 709w, https:\/\/camirim.com.br\/wp-content\/uploads\/2023\/06\/NationalGeographicNovaAgricultura-709x1024-1-208x300.jpg 208w\" sizes=\"(max-width: 709px) 100vw, 709px\" \/>\t\t\t\t\t\t\t\t<\/a>\n\t\t\t\t\t\t\t\t\t\t\t\t\t\t\t<\/div>\n\t\t\t\t<\/div>\n\t\t\t\t<div class=\"elementor-element elementor-element-01b2173 elementor-widget elementor-widget-text-editor\" data-id=\"01b2173\" data-element_type=\"widget\" data-e-type=\"widget\" data-widget_type=\"text-editor.default\">\n\t\t\t\t<div class=\"elementor-widget-container\">\n\t\t\t\t\t\t\t\t\t<p><strong>Revista National Geographic. Edi\u00e7\u00e3o 170-A. 2014.\u00a0<\/strong><\/p><p><strong>Artigos:<\/strong><\/p><ul><li><strong>Biog\u00e1s feito em casa.<\/strong>\u00a0<\/li><li><strong>Caf\u00e9 com fungo.<\/strong><\/li><li><strong>Pesca, n\u00e3o. Despesca, sim.<\/strong><\/li><li><strong>Reciclagem rural.<\/strong><\/li><li><strong>De olho na terra.<\/strong><\/li><li><strong>Fazendeiros de \u00e1gua boa.<\/strong><\/li><li><strong>O menu da diversidade.\u00a0\u00a0<\/strong><\/li><li><strong>O poder da sombra.\u00a0<\/strong><\/li><li><strong>Os tr\u00f3picos s\u00e3o um modelo.\u00a0<\/strong><\/li><li><strong><a href=\"http:\/\/camirim.com.br\/wp-content\/uploads\/2023\/06\/NatGeo_comcapa.pdf\">Revista completa.\u00a0<\/a><\/strong><\/li><\/ul>\t\t\t\t\t\t\t\t<\/div>\n\t\t\t\t<\/div>\n\t\t\t\t\t<\/div>\n\t\t<\/div>\n\t\t\t\t<div class=\"elementor-column elementor-col-33 elementor-top-column elementor-element elementor-element-0940d90\" data-id=\"0940d90\" data-element_type=\"column\" data-e-type=\"column\">\n\t\t\t<div class=\"elementor-widget-wrap elementor-element-populated\">\n\t\t\t\t\t\t<div class=\"elementor-element elementor-element-97ae40c elementor-widget elementor-widget-image\" data-id=\"97ae40c\" data-element_type=\"widget\" data-e-type=\"widget\" data-widget_type=\"image.default\">\n\t\t\t\t<div class=\"elementor-widget-container\">\n\t\t\t\t\t\t\t\t\t\t\t\t\t\t\t\t<a href=\"http:\/\/camirim.com.br\/wp-content\/uploads\/2023\/06\/OsBonsFrutosDaEconomiaVerde-NationalGeographic2012.pdf\">\n\t\t\t\t\t\t\t<img decoding=\"async\" width=\"706\" height=\"1024\" src=\"https:\/\/camirim.com.br\/wp-content\/uploads\/2023\/06\/NationalGeographicSuperSol-706x1024-1.jpg\" class=\"attachment-large size-large wp-image-3028\" alt=\"\" srcset=\"https:\/\/camirim.com.br\/wp-content\/uploads\/2023\/06\/NationalGeographicSuperSol-706x1024-1.jpg 706w, https:\/\/camirim.com.br\/wp-content\/uploads\/2023\/06\/NationalGeographicSuperSol-706x1024-1-207x300.jpg 207w\" sizes=\"(max-width: 706px) 100vw, 706px\" \/>\t\t\t\t\t\t\t\t<\/a>\n\t\t\t\t\t\t\t\t\t\t\t\t\t\t\t<\/div>\n\t\t\t\t<\/div>\n\t\t\t\t<div class=\"elementor-element elementor-element-833e6eb elementor-widget elementor-widget-text-editor\" data-id=\"833e6eb\" data-element_type=\"widget\" data-e-type=\"widget\" data-widget_type=\"text-editor.default\">\n\t\t\t\t<div class=\"elementor-widget-container\">\n\t\t\t\t\t\t\t\t\t<p><strong>Revista National Geographic. Ano 13. N\u00ba 147. Junho de 2012.\u00a0<\/strong><\/p><p><strong>Artigo: Os bons frutos da economia verde.\u00a0<\/strong><\/p><p>O camar\u00e3o que vira rem\u00e9dio. A brom\u00e9lia que vira pe\u00e7a. O peixe que vira roupa. Ao conciliar a produ\u00e7\u00e3o e biodiversidade, o Brasil tem excelentes exemplos a dar na Rio+20.\u00a0<\/p>\t\t\t\t\t\t\t\t<\/div>\n\t\t\t\t<\/div>\n\t\t\t\t\t<\/div>\n\t\t<\/div>\n\t\t\t\t<div class=\"elementor-column elementor-col-33 elementor-top-column elementor-element elementor-element-dc929ae\" data-id=\"dc929ae\" data-element_type=\"column\" data-e-type=\"column\">\n\t\t\t<div class=\"elementor-widget-wrap elementor-element-populated\">\n\t\t\t\t\t\t<div class=\"elementor-element elementor-element-561f895 elementor-widget elementor-widget-image\" data-id=\"561f895\" data-element_type=\"widget\" data-e-type=\"widget\" data-widget_type=\"image.default\">\n\t\t\t\t<div class=\"elementor-widget-container\">\n\t\t\t\t\t\t\t\t\t\t\t\t\t\t\t\t<a href=\"http:\/\/camirim.com.br\/wp-content\/uploads\/2023\/06\/ArtigosNationalGeographicAbril2011.pdf\">\n\t\t\t\t\t\t\t<img decoding=\"async\" width=\"705\" height=\"1024\" src=\"https:\/\/camirim.com.br\/wp-content\/uploads\/2023\/06\/NationalGeographicAgua-705x1024-1.jpg\" class=\"attachment-large size-large wp-image-3040\" alt=\"\" srcset=\"https:\/\/camirim.com.br\/wp-content\/uploads\/2023\/06\/NationalGeographicAgua-705x1024-1.jpg 705w, https:\/\/camirim.com.br\/wp-content\/uploads\/2023\/06\/NationalGeographicAgua-705x1024-1-207x300.jpg 207w\" sizes=\"(max-width: 705px) 100vw, 705px\" \/>\t\t\t\t\t\t\t\t<\/a>\n\t\t\t\t\t\t\t\t\t\t\t\t\t\t\t<\/div>\n\t\t\t\t<\/div>\n\t\t\t\t<div class=\"elementor-element elementor-element-209a3b3 elementor-widget elementor-widget-text-editor\" data-id=\"209a3b3\" data-element_type=\"widget\" data-e-type=\"widget\" data-widget_type=\"text-editor.default\">\n\t\t\t\t<div class=\"elementor-widget-container\">\n\t\t\t\t\t\t\t\t\t<p><strong>Revista National Geographic. Ano 11. N\u00ba 133. Abril de 2011.\u00a0<\/strong><\/p><p><strong>Artigos:\u00a0<\/strong><\/p><ul><li><strong>Faxina marinha.\u00a0<\/strong><\/li><li><strong>Mar plastificado.\u00a0<\/strong><\/li><li><strong>A viagem do lixo.\u00a0<\/strong><\/li><\/ul><p>\u00a0<\/p><p>Os res\u00edduos urbanos viajam pelos rios at\u00e9 o meio do oceano &#8211; um desastre que s\u00f3 agora come\u00e7a a ser estudado pela ci\u00eancia.\u00a0<\/p>\t\t\t\t\t\t\t\t<\/div>\n\t\t\t\t<\/div>\n\t\t\t\t\t<\/div>\n\t\t<\/div>\n\t\t\t\t\t<\/div>\n\t\t<\/section>\n\t\t\t\t<section class=\"elementor-section elementor-top-section elementor-element elementor-element-0be7a72 elementor-section-boxed elementor-section-height-default elementor-section-height-default\" data-id=\"0be7a72\" data-element_type=\"section\" data-e-type=\"section\">\n\t\t\t\t\t\t<div class=\"elementor-container elementor-column-gap-default\">\n\t\t\t\t\t<div class=\"elementor-column elementor-col-100 elementor-top-column elementor-element elementor-element-ed11987\" data-id=\"ed11987\" data-element_type=\"column\" data-e-type=\"column\">\n\t\t\t<div class=\"elementor-widget-wrap elementor-element-populated\">\n\t\t\t\t\t\t<div class=\"elementor-element elementor-element-e663ba7 elementor-widget elementor-widget-heading\" data-id=\"e663ba7\" data-element_type=\"widget\" data-e-type=\"widget\" data-widget_type=\"heading.default\">\n\t\t\t\t<div class=\"elementor-widget-container\">\n\t\t\t\t\t<h2 class=\"elementor-heading-title elementor-size-xl\"><br>Mais artigos: <\/h2>\t\t\t\t<\/div>\n\t\t\t\t<\/div>\n\t\t\t\t<div class=\"elementor-element elementor-element-4dc7fc2 elementor-widget elementor-widget-text-editor\" data-id=\"4dc7fc2\" data-element_type=\"widget\" data-e-type=\"widget\" data-widget_type=\"text-editor.default\">\n\t\t\t\t<div class=\"elementor-widget-container\">\n\t\t\t\t\t\t\t\t\t<p><strong>\u00a0<a href=\"http:\/\/lianajohn.com.br\/wp-content\/uploads\/2022\/11\/OEngenheiroOculto-NationalGeographicBrasil2014.pdf\" target=\"_blank\" rel=\"noreferrer noopener\" data-type=\"URL\" data-id=\"http:\/\/lianajohn.com.br\/wp-content\/uploads\/2022\/11\/OEngenheiroOculto-NationalGeographicBrasil2014.pdf\">O engenheiro oculto<\/a>.<\/strong> Revista National Geographic Brasil. Brasil, Maio de 2014.<\/p><p><strong><a href=\"http:\/\/camirim.com.br\/wp-content\/uploads\/2023\/07\/artigotecnico_2011_natgeo_cauboisdaagua-EvaristodeMiranda.pdf\">Caub\u00f3is da \u00c1gua.<\/a> <\/strong>Rev. National Geographic. S\u00e3o Paulo \u2013 SP, p. 88 \u2013 103, maio \u2013 2011.<\/p><p><strong><a href=\"http:\/\/camirim.com.br\/wp-content\/uploads\/2023\/07\/artigotecnico_2010_natgeo_quandoplantasvaliamouro-EvaristoDeMiranda.pdf\">Quando plantas valiam ouro.<\/a><\/strong> Rev. National Geographic. S\u00e3o Paulo \u2013 SP, ed. 128, p. 83 \u2013 97, novembro \u2013 2010.<\/p><p><strong><a href=\"http:\/\/camirim.com.br\/wp-content\/uploads\/2023\/07\/artigotecnico_2010_natgeo_umvelhocompanheiro-EvaristoDeMiranda.pdf\">Um velho companheiro.<\/a><\/strong> Rev. National Geographic. S\u00e3o Paulo \u2013 SP, p. 30 \u2013 43, mar\u00e7o \u2013 2010.<\/p><p><a href=\"http:\/\/camirim.com.br\/wp-content\/uploads\/2023\/07\/artigotecnico_2009_natgeo_eraumavezamataatlantica-EvaristoDeMiranda.pdf\"><strong>Era uma vez a Mata Atl\u00e2ntica.<\/strong><\/a> Rev. National Geographic. S\u00e3o Paulo \u2013 SP, p. 38 \u2013 55, janeiro \u2013 2009.<\/p>\t\t\t\t\t\t\t\t<\/div>\n\t\t\t\t<\/div>\n\t\t\t\t\t<\/div>\n\t\t<\/div>\n\t\t\t\t\t<\/div>\n\t\t<\/section>\n\t\t\t\t<\/div>\n\t\t","protected":false},"excerpt":{"rendered":"<p>National Geographic &#8211; Brasil Artigos escritos por Liana John e Evaristo de Miranda.\u00a0 Revista National Geographic. Edi\u00e7\u00e3o 170-A. 2014.\u00a0 Artigos: Biog\u00e1s feito em casa.\u00a0 Caf\u00e9 com fungo. Pesca, n\u00e3o. Despesca, sim. Reciclagem rural. De olho na terra. Fazendeiros de \u00e1gua boa. O menu da diversidade.\u00a0\u00a0 O poder da sombra.\u00a0 Os tr\u00f3picos s\u00e3o um modelo.\u00a0 Revista&hellip;&nbsp;<a href=\"https:\/\/camirim.com.br\/?page_id=218\" rel=\"bookmark\">Read More &raquo;<span class=\"screen-reader-text\">National Geographic &#8211; Brasil<\/span><\/a><\/p>\n","protected":false},"author":1,"featured_media":0,"parent":0,"menu_order":0,"comment_status":"closed","ping_status":"closed","template":"page-templates\/template-pagebuilder-full-width.php","meta":{"neve_meta_sidebar":"","neve_meta_container":"","neve_meta_enable_content_width":"","neve_meta_content_width":0,"neve_meta_title_alignment":"","neve_meta_author_avatar":"","neve_post_elements_order":"","neve_meta_disable_header":"","neve_meta_disable_footer":"","neve_meta_disable_title":"","_themeisle_gutenberg_block_has_review":false,"footnotes":""},"class_list":["post-218","page","type-page","status-publish","hentry"],"_links":{"self":[{"href":"https:\/\/camirim.com.br\/index.php?rest_route=\/wp\/v2\/pages\/218","targetHints":{"allow":["GET"]}}],"collection":[{"href":"https:\/\/camirim.com.br\/index.php?rest_route=\/wp\/v2\/pages"}],"about":[{"href":"https:\/\/camirim.com.br\/index.php?rest_route=\/wp\/v2\/types\/page"}],"author":[{"embeddable":true,"href":"https:\/\/camirim.com.br\/index.php?rest_route=\/wp\/v2\/users\/1"}],"replies":[{"embeddable":true,"href":"https:\/\/camirim.com.br\/index.php?rest_route=%2Fwp%2Fv2%2Fcomments&post=218"}],"version-history":[{"count":88,"href":"https:\/\/camirim.com.br\/index.php?rest_route=\/wp\/v2\/pages\/218\/revisions"}],"predecessor-version":[{"id":5215,"href":"https:\/\/camirim.com.br\/index.php?rest_route=\/wp\/v2\/pages\/218\/revisions\/5215"}],"wp:attachment":[{"href":"https:\/\/camirim.com.br\/index.php?rest_route=%2Fwp%2Fv2%2Fmedia&parent=218"}],"curies":[{"name":"wp","href":"https:\/\/api.w.org\/{rel}","templated":true}]}}