{"id":212,"date":"2023-04-24T13:28:58","date_gmt":"2023-04-24T16:28:58","guid":{"rendered":"https:\/\/camirim.com.br\/?page_id=212"},"modified":"2023-10-26T09:24:58","modified_gmt":"2023-10-26T12:24:58","slug":"brasileiros","status":"publish","type":"page","link":"https:\/\/camirim.com.br\/?page_id=212","title":{"rendered":"Brasileiros"},"content":{"rendered":"\t\t<div data-elementor-type=\"wp-page\" data-elementor-id=\"212\" class=\"elementor elementor-212\">\n\t\t\t\t\t\t<section class=\"elementor-section elementor-top-section elementor-element elementor-element-d6862e6 elementor-section-boxed elementor-section-height-default elementor-section-height-default\" data-id=\"d6862e6\" data-element_type=\"section\" data-e-type=\"section\">\n\t\t\t\t\t\t<div class=\"elementor-container elementor-column-gap-default\">\n\t\t\t\t\t<div class=\"elementor-column elementor-col-100 elementor-top-column elementor-element elementor-element-9f61b42\" data-id=\"9f61b42\" data-element_type=\"column\" data-e-type=\"column\">\n\t\t\t<div class=\"elementor-widget-wrap elementor-element-populated\">\n\t\t\t\t\t\t<div class=\"elementor-element elementor-element-90a8852 elementor-widget elementor-widget-text-editor\" data-id=\"90a8852\" data-element_type=\"widget\" data-e-type=\"widget\" data-widget_type=\"text-editor.default\">\n\t\t\t\t<div class=\"elementor-widget-container\">\n\t\t\t\t\t\t\t\t\t<h1>Revista Brasileiros\u00a0<\/h1>\t\t\t\t\t\t\t\t<\/div>\n\t\t\t\t<\/div>\n\t\t\t\t<div class=\"elementor-element elementor-element-b5fcb93 elementor-widget elementor-widget-text-editor\" data-id=\"b5fcb93\" data-element_type=\"widget\" data-e-type=\"widget\" data-widget_type=\"text-editor.default\">\n\t\t\t\t<div class=\"elementor-widget-container\">\n\t\t\t\t\t\t\t\t\t<p>Artigos escritos por Liana John.\u00a0\u00a0<\/p>\t\t\t\t\t\t\t\t<\/div>\n\t\t\t\t<\/div>\n\t\t\t\t\t<\/div>\n\t\t<\/div>\n\t\t\t\t\t<\/div>\n\t\t<\/section>\n\t\t\t\t<section class=\"elementor-section elementor-top-section elementor-element elementor-element-a900ead elementor-section-boxed elementor-section-height-default elementor-section-height-default\" data-id=\"a900ead\" data-element_type=\"section\" data-e-type=\"section\">\n\t\t\t\t\t\t<div class=\"elementor-container elementor-column-gap-default\">\n\t\t\t\t\t<div class=\"elementor-column elementor-col-20 elementor-top-column elementor-element elementor-element-3c3f716\" data-id=\"3c3f716\" data-element_type=\"column\" data-e-type=\"column\">\n\t\t\t<div class=\"elementor-widget-wrap elementor-element-populated\">\n\t\t\t\t\t\t<div class=\"elementor-element elementor-element-b345402 elementor-widget elementor-widget-image\" data-id=\"b345402\" data-element_type=\"widget\" data-e-type=\"widget\" data-widget_type=\"image.default\">\n\t\t\t\t<div class=\"elementor-widget-container\">\n\t\t\t\t\t\t\t\t\t\t\t\t\t\t\t\t<a href=\"http:\/\/camirim.com.br\/wp-content\/uploads\/2023\/06\/AMestraDosMangues-BrasileirosMaio2012.pdf\">\n\t\t\t\t\t\t\t<img fetchpriority=\"high\" decoding=\"async\" width=\"782\" height=\"1024\" src=\"https:\/\/camirim.com.br\/wp-content\/uploads\/2023\/06\/BrasileirosExclusivo-782x1024-1.jpg\" class=\"attachment-large size-large wp-image-2854\" alt=\"\" srcset=\"https:\/\/camirim.com.br\/wp-content\/uploads\/2023\/06\/BrasileirosExclusivo-782x1024-1.jpg 782w, https:\/\/camirim.com.br\/wp-content\/uploads\/2023\/06\/BrasileirosExclusivo-782x1024-1-229x300.jpg 229w, https:\/\/camirim.com.br\/wp-content\/uploads\/2023\/06\/BrasileirosExclusivo-782x1024-1-768x1006.jpg 768w\" sizes=\"(max-width: 782px) 100vw, 782px\" \/>\t\t\t\t\t\t\t\t<\/a>\n\t\t\t\t\t\t\t\t\t\t\t\t\t\t\t<\/div>\n\t\t\t\t<\/div>\n\t\t\t\t<div class=\"elementor-element elementor-element-7b7b4ef elementor-widget elementor-widget-text-editor\" data-id=\"7b7b4ef\" data-element_type=\"widget\" data-e-type=\"widget\" data-widget_type=\"text-editor.default\">\n\t\t\t\t<div class=\"elementor-widget-container\">\n\t\t\t\t\t\t\t\t\t<p><strong>Revista Brasileiros. N\u00ba 58. Maio de 2012.\u00a0\u00a0\u00a0\u00a0<\/strong><\/p>\n<p><strong>Artigo: A mestra dos mangues.<\/strong><\/p>\n<p>A ocean\u00f3grafa Yara Schaeffer Novelli mudou a vis\u00e3o do Brasil sobre os manguezais e colocou esses ecossistemas na pauta da conserva\u00e7\u00e3o ambiental.<\/p>\t\t\t\t\t\t\t\t<\/div>\n\t\t\t\t<\/div>\n\t\t\t\t\t<\/div>\n\t\t<\/div>\n\t\t\t\t<div class=\"elementor-column elementor-col-20 elementor-top-column elementor-element elementor-element-8b94117\" data-id=\"8b94117\" data-element_type=\"column\" data-e-type=\"column\">\n\t\t\t<div class=\"elementor-widget-wrap elementor-element-populated\">\n\t\t\t\t\t\t<div class=\"elementor-element elementor-element-a75328d elementor-widget elementor-widget-image\" data-id=\"a75328d\" data-element_type=\"widget\" data-e-type=\"widget\" data-widget_type=\"image.default\">\n\t\t\t\t<div class=\"elementor-widget-container\">\n\t\t\t\t\t\t\t\t\t\t\t\t\t\t\t\t<a href=\"http:\/\/camirim.com.br\/wp-content\/uploads\/2023\/06\/EleEOCaraDaGrana-BrasileirosNovembro2011.pdf\">\n\t\t\t\t\t\t\t<img decoding=\"async\" width=\"758\" height=\"986\" src=\"https:\/\/camirim.com.br\/wp-content\/uploads\/2023\/06\/BrasileirosMaioresChatosde2011-758x1024-1-1.jpg\" class=\"attachment-large size-large wp-image-2899\" alt=\"\" srcset=\"https:\/\/camirim.com.br\/wp-content\/uploads\/2023\/06\/BrasileirosMaioresChatosde2011-758x1024-1-1.jpg 758w, https:\/\/camirim.com.br\/wp-content\/uploads\/2023\/06\/BrasileirosMaioresChatosde2011-758x1024-1-1-231x300.jpg 231w\" sizes=\"(max-width: 758px) 100vw, 758px\" \/>\t\t\t\t\t\t\t\t<\/a>\n\t\t\t\t\t\t\t\t\t\t\t\t\t\t\t<\/div>\n\t\t\t\t<\/div>\n\t\t\t\t<div class=\"elementor-element elementor-element-269161d elementor-widget elementor-widget-text-editor\" data-id=\"269161d\" data-element_type=\"widget\" data-e-type=\"widget\" data-widget_type=\"text-editor.default\">\n\t\t\t\t<div class=\"elementor-widget-container\">\n\t\t\t\t\t\t\t\t\t<p><strong>Revista Brasileiros. N\u00ba 52. Novembro de 2011.<\/strong><\/p>\n<p><strong>Artigo: Ele \u00e9 o cara da grana.<\/strong><\/p>\n<p>Gustavo Alberto Bouchardet da Fonseca \u00e9, como todo mineiro, um ser discreto. Talvez por isso a maioria dos brasileiros ainda n\u00e3o tenha ouvido falar dele. Mas anote o nome desse bi\u00f3logo. Ele guarda a chave do cofre da maior institui\u00e7\u00e3o internacional de financiamento ambiental.<\/p>\t\t\t\t\t\t\t\t<\/div>\n\t\t\t\t<\/div>\n\t\t\t\t\t<\/div>\n\t\t<\/div>\n\t\t\t\t<div class=\"elementor-column elementor-col-20 elementor-top-column elementor-element elementor-element-20a4c5a\" data-id=\"20a4c5a\" data-element_type=\"column\" data-e-type=\"column\">\n\t\t\t<div class=\"elementor-widget-wrap elementor-element-populated\">\n\t\t\t\t\t\t<div class=\"elementor-element elementor-element-51197c0 elementor-widget elementor-widget-image\" data-id=\"51197c0\" data-element_type=\"widget\" data-e-type=\"widget\" data-widget_type=\"image.default\">\n\t\t\t\t<div class=\"elementor-widget-container\">\n\t\t\t\t\t\t\t\t\t\t\t\t\t\t\t\t<a href=\"http:\/\/camirim.com.br\/wp-content\/uploads\/2023\/06\/FocoNasAves-BrasileirosDezembro2011.pdf\">\n\t\t\t\t\t\t\t<img decoding=\"async\" width=\"778\" height=\"996\" src=\"https:\/\/camirim.com.br\/wp-content\/uploads\/2023\/06\/BrasileirosCampeaoBrasileiro-778x1024-1-1.jpg\" class=\"attachment-large size-large wp-image-2900\" alt=\"\" srcset=\"https:\/\/camirim.com.br\/wp-content\/uploads\/2023\/06\/BrasileirosCampeaoBrasileiro-778x1024-1-1.jpg 778w, https:\/\/camirim.com.br\/wp-content\/uploads\/2023\/06\/BrasileirosCampeaoBrasileiro-778x1024-1-1-234x300.jpg 234w, https:\/\/camirim.com.br\/wp-content\/uploads\/2023\/06\/BrasileirosCampeaoBrasileiro-778x1024-1-1-768x983.jpg 768w\" sizes=\"(max-width: 778px) 100vw, 778px\" \/>\t\t\t\t\t\t\t\t<\/a>\n\t\t\t\t\t\t\t\t\t\t\t\t\t\t\t<\/div>\n\t\t\t\t<\/div>\n\t\t\t\t<div class=\"elementor-element elementor-element-1336010 elementor-widget elementor-widget-text-editor\" data-id=\"1336010\" data-element_type=\"widget\" data-e-type=\"widget\" data-widget_type=\"text-editor.default\">\n\t\t\t\t<div class=\"elementor-widget-container\">\n\t\t\t\t\t\t\t\t\t<p><strong>Revista Brasileiros. N\u00ba 53. Dezembro de 2011.<\/strong><\/p>\n<p><strong>Artigo: Foco nas aves.\u00a0<\/strong><\/p>\n<p>Conhecimento sobre flashes, aprimorado em anos faz de Rudimar Narciso Cipriani um dos mais talentosos fot\u00f3grafos de p\u00e1ssaros do Brasil. Ele consegue revelar em detalhes a exuber\u00e2ncia de tons e texturas das plumagens.\u00a0\u00a0<\/p>\t\t\t\t\t\t\t\t<\/div>\n\t\t\t\t<\/div>\n\t\t\t\t\t<\/div>\n\t\t<\/div>\n\t\t\t\t<div class=\"elementor-column elementor-col-20 elementor-top-column elementor-element elementor-element-b71ce85\" data-id=\"b71ce85\" data-element_type=\"column\" data-e-type=\"column\">\n\t\t\t<div class=\"elementor-widget-wrap elementor-element-populated\">\n\t\t\t\t\t\t<div class=\"elementor-element elementor-element-9908040 elementor-widget elementor-widget-image\" data-id=\"9908040\" data-element_type=\"widget\" data-e-type=\"widget\" data-widget_type=\"image.default\">\n\t\t\t\t<div class=\"elementor-widget-container\">\n\t\t\t\t\t\t\t\t\t\t\t\t\t\t\t\t<a href=\"http:\/\/camirim.com.br\/wp-content\/uploads\/2023\/06\/LeontinoDaCanaVerde09.2011.pdf\">\n\t\t\t\t\t\t\t<img loading=\"lazy\" decoding=\"async\" width=\"768\" height=\"993\" src=\"https:\/\/camirim.com.br\/wp-content\/uploads\/2023\/06\/BrasileirosAloAloFernandinha-768x1024-2.jpg\" class=\"attachment-large size-large wp-image-2901\" alt=\"\" srcset=\"https:\/\/camirim.com.br\/wp-content\/uploads\/2023\/06\/BrasileirosAloAloFernandinha-768x1024-2.jpg 768w, https:\/\/camirim.com.br\/wp-content\/uploads\/2023\/06\/BrasileirosAloAloFernandinha-768x1024-2-232x300.jpg 232w\" sizes=\"(max-width: 768px) 100vw, 768px\" \/>\t\t\t\t\t\t\t\t<\/a>\n\t\t\t\t\t\t\t\t\t\t\t\t\t\t\t<\/div>\n\t\t\t\t<\/div>\n\t\t\t\t<div class=\"elementor-element elementor-element-6a67bff elementor-widget elementor-widget-text-editor\" data-id=\"6a67bff\" data-element_type=\"widget\" data-e-type=\"widget\" data-widget_type=\"text-editor.default\">\n\t\t\t\t<div class=\"elementor-widget-container\">\n\t\t\t\t\t\t\t\t\t<p><strong>Revista Brasileiros. N\u00ba 50. Setembro de 2011.<\/strong><\/p><p><strong>Artigo: Leontino da cana verde.\u00a0<\/strong><\/p><p>\u00c0 frente da maior produtora e exportadora de a\u00e7\u00facar org\u00e2nico do mundo, Leontino Balbo \u00e9 o pioneiro na elimina\u00e7\u00e3o de queimadas e de venenos qu\u00edmicos no cultivo da cana-de-a\u00e7\u00facar. \u00c9 tamb\u00e9m o maior produtor de \u00e1lcool org\u00e2nico usado pela Natura. Nossa rep\u00f3rter foi \u00e0 sua fazenda no interior paulista, onde pragas s\u00e3o combatidas com seus inimigos naturais, para mostrar como \u00e9 poss\u00edvel conciliar alta produtividade com preserva\u00e7\u00e3o ambiental.\u00a0<\/p>\t\t\t\t\t\t\t\t<\/div>\n\t\t\t\t<\/div>\n\t\t\t\t\t<\/div>\n\t\t<\/div>\n\t\t\t\t<div class=\"elementor-column elementor-col-20 elementor-top-column elementor-element elementor-element-f712534\" data-id=\"f712534\" data-element_type=\"column\" data-e-type=\"column\">\n\t\t\t<div class=\"elementor-widget-wrap elementor-element-populated\">\n\t\t\t\t\t\t<div class=\"elementor-element elementor-element-8597758 elementor-widget elementor-widget-image\" data-id=\"8597758\" data-element_type=\"widget\" data-e-type=\"widget\" data-widget_type=\"image.default\">\n\t\t\t\t<div class=\"elementor-widget-container\">\n\t\t\t\t\t\t\t\t\t\t\t\t\t\t\t\t<a href=\"http:\/\/camirim.com.br\/wp-content\/uploads\/2023\/06\/MarcosDosMarimbondo-BrasileirosOutubro2011.pdf\">\n\t\t\t\t\t\t\t<img loading=\"lazy\" decoding=\"async\" width=\"768\" height=\"993\" src=\"https:\/\/camirim.com.br\/wp-content\/uploads\/2023\/06\/BrasileirosAForcaDoRugby-768x1024-2.jpg\" class=\"attachment-large size-large wp-image-2902\" alt=\"\" srcset=\"https:\/\/camirim.com.br\/wp-content\/uploads\/2023\/06\/BrasileirosAForcaDoRugby-768x1024-2.jpg 768w, https:\/\/camirim.com.br\/wp-content\/uploads\/2023\/06\/BrasileirosAForcaDoRugby-768x1024-2-232x300.jpg 232w\" sizes=\"(max-width: 768px) 100vw, 768px\" \/>\t\t\t\t\t\t\t\t<\/a>\n\t\t\t\t\t\t\t\t\t\t\t\t\t\t\t<\/div>\n\t\t\t\t<\/div>\n\t\t\t\t<div class=\"elementor-element elementor-element-87504e9 elementor-widget elementor-widget-text-editor\" data-id=\"87504e9\" data-element_type=\"widget\" data-e-type=\"widget\" data-widget_type=\"text-editor.default\">\n\t\t\t\t<div class=\"elementor-widget-container\">\n\t\t\t\t\t\t\t\t\t<p><strong>Revista Brasileiros. N\u00ba 51. Outubro de 2011.\u00a0<\/strong><\/p><p><strong>Artigo: Marcos dos marimbondos.\u00a0<\/strong><\/p><p>Com uma rede de malha fina, Marcos Magalh\u00e3es de Souza n\u00e3o sai \u00e0 procura de borboletas, mas sim de pequenos insetos conhecidos pela ferroada dolorida, objetos de seu estudo. Apesar do trabalho de risco, o pesquisador &#8211; que tamb\u00e9m \u00e9 professor de cursinho &#8211; recebe recompensas, como ter descoberto em Minas Gerais 28 esp\u00e9cies de marimbondos que n\u00e3o estavam registradas, e uma nova esp\u00e9cie para a Ci\u00eancia.\u00a0\u00a0<\/p>\t\t\t\t\t\t\t\t<\/div>\n\t\t\t\t<\/div>\n\t\t\t\t\t<\/div>\n\t\t<\/div>\n\t\t\t\t\t<\/div>\n\t\t<\/section>\n\t\t\t\t<section class=\"elementor-section elementor-top-section elementor-element elementor-element-c01b49d elementor-section-boxed elementor-section-height-default elementor-section-height-default\" data-id=\"c01b49d\" data-element_type=\"section\" data-e-type=\"section\">\n\t\t\t\t\t\t<div class=\"elementor-container elementor-column-gap-default\">\n\t\t\t\t\t<div class=\"elementor-column elementor-col-20 elementor-top-column elementor-element elementor-element-c43de40\" data-id=\"c43de40\" data-element_type=\"column\" data-e-type=\"column\">\n\t\t\t<div class=\"elementor-widget-wrap elementor-element-populated\">\n\t\t\t\t\t\t<div class=\"elementor-element elementor-element-9024769 elementor-widget elementor-widget-image\" data-id=\"9024769\" data-element_type=\"widget\" data-e-type=\"widget\" data-widget_type=\"image.default\">\n\t\t\t\t<div class=\"elementor-widget-container\">\n\t\t\t\t\t\t\t\t\t\t\t\t\t\t\t\t<a href=\"http:\/\/camirim.com.br\/wp-content\/uploads\/2023\/06\/OSurfistaVerde-BrasileirosJaneiro2012.pdf\">\n\t\t\t\t\t\t\t<img loading=\"lazy\" decoding=\"async\" width=\"770\" height=\"979\" src=\"https:\/\/camirim.com.br\/wp-content\/uploads\/2023\/06\/BrasileirosMPB-770x1024-1.jpg\" class=\"attachment-large size-large wp-image-2907\" alt=\"\" srcset=\"https:\/\/camirim.com.br\/wp-content\/uploads\/2023\/06\/BrasileirosMPB-770x1024-1.jpg 770w, https:\/\/camirim.com.br\/wp-content\/uploads\/2023\/06\/BrasileirosMPB-770x1024-1-236x300.jpg 236w, https:\/\/camirim.com.br\/wp-content\/uploads\/2023\/06\/BrasileirosMPB-770x1024-1-768x976.jpg 768w\" sizes=\"(max-width: 770px) 100vw, 770px\" \/>\t\t\t\t\t\t\t\t<\/a>\n\t\t\t\t\t\t\t\t\t\t\t\t\t\t\t<\/div>\n\t\t\t\t<\/div>\n\t\t\t\t<div class=\"elementor-element elementor-element-3347447 elementor-widget elementor-widget-text-editor\" data-id=\"3347447\" data-element_type=\"widget\" data-e-type=\"widget\" data-widget_type=\"text-editor.default\">\n\t\t\t\t<div class=\"elementor-widget-container\">\n\t\t\t\t\t\t\t\t\t<p><strong>Revista Brasileiros. N\u00ba 54. Janeiro de 2012.\u00a0<\/strong><\/p><p><strong>Artigo: O surfista verde.\u00a0<\/strong><\/p><p>Jo\u00e3o Malavolta ensinar a pegar onda e, de quebra, organiza mutir\u00f5es de limpeza de praias, rios e mangues. Promove, tamb\u00e9m, oficinas e projetos de conserva\u00e7\u00e3o ambiental. Tudo isso l\u00e1 em Itanha\u00e9m.\u00a0<\/p><p>\u00a0<\/p>\t\t\t\t\t\t\t\t<\/div>\n\t\t\t\t<\/div>\n\t\t\t\t\t<\/div>\n\t\t<\/div>\n\t\t\t\t<div class=\"elementor-column elementor-col-20 elementor-top-column elementor-element elementor-element-a3d2ec9\" data-id=\"a3d2ec9\" data-element_type=\"column\" data-e-type=\"column\">\n\t\t\t<div class=\"elementor-widget-wrap elementor-element-populated\">\n\t\t\t\t\t\t<div class=\"elementor-element elementor-element-0cb0f22 elementor-widget elementor-widget-image\" data-id=\"0cb0f22\" data-element_type=\"widget\" data-e-type=\"widget\" data-widget_type=\"image.default\">\n\t\t\t\t<div class=\"elementor-widget-container\">\n\t\t\t\t\t\t\t\t\t\t\t\t\t\t\t\t<a href=\"http:\/\/camirim.com.br\/wp-content\/uploads\/2023\/06\/Patricia-das-antas-Brasileiros-Julho2010.pdf\">\n\t\t\t\t\t\t\t<img loading=\"lazy\" decoding=\"async\" width=\"782\" height=\"996\" src=\"https:\/\/camirim.com.br\/wp-content\/uploads\/2023\/06\/BrasileirosTresAnos-782x1024-1.jpg\" class=\"attachment-large size-large wp-image-2914\" alt=\"\" srcset=\"https:\/\/camirim.com.br\/wp-content\/uploads\/2023\/06\/BrasileirosTresAnos-782x1024-1.jpg 782w, https:\/\/camirim.com.br\/wp-content\/uploads\/2023\/06\/BrasileirosTresAnos-782x1024-1-236x300.jpg 236w, https:\/\/camirim.com.br\/wp-content\/uploads\/2023\/06\/BrasileirosTresAnos-782x1024-1-768x978.jpg 768w\" sizes=\"(max-width: 782px) 100vw, 782px\" \/>\t\t\t\t\t\t\t\t<\/a>\n\t\t\t\t\t\t\t\t\t\t\t\t\t\t\t<\/div>\n\t\t\t\t<\/div>\n\t\t\t\t<div class=\"elementor-element elementor-element-3415c93 elementor-widget elementor-widget-text-editor\" data-id=\"3415c93\" data-element_type=\"widget\" data-e-type=\"widget\" data-widget_type=\"text-editor.default\">\n\t\t\t\t<div class=\"elementor-widget-container\">\n\t\t\t\t\t\t\t\t\t<p><strong>Revista Brasileiros. N\u00ba 36 Julho de 2010.\u00a0<\/strong><\/p><p><strong>Artigo: Patr\u00edcia das antas.\u00a0<\/strong><\/p><p>H\u00e1 15 anos, Patr\u00edcia Medici dedica-se a estudar o papel ecol\u00f3gico do maior mam\u00edfero terrestre brasileiro. Nossa rep\u00f3rter foi ao Pantanal acompanhar de perto o trabalho intenso dessa engenheira florestal, que \u00e9 apoiada por 24 institui\u00e7\u00f5es internacionais.\u00a0<\/p>\t\t\t\t\t\t\t\t<\/div>\n\t\t\t\t<\/div>\n\t\t\t\t\t<\/div>\n\t\t<\/div>\n\t\t\t\t<div class=\"elementor-column elementor-col-20 elementor-top-column elementor-element elementor-element-7d157b9\" data-id=\"7d157b9\" data-element_type=\"column\" data-e-type=\"column\">\n\t\t\t<div class=\"elementor-widget-wrap elementor-element-populated\">\n\t\t\t\t\t\t<div class=\"elementor-element elementor-element-f4800b3 elementor-widget elementor-widget-image\" data-id=\"f4800b3\" data-element_type=\"widget\" data-e-type=\"widget\" data-widget_type=\"image.default\">\n\t\t\t\t<div class=\"elementor-widget-container\">\n\t\t\t\t\t\t\t\t\t\t\t\t\t\t\t\t<a href=\"http:\/\/camirim.com.br\/wp-content\/uploads\/2023\/06\/ProfessoraPantaneira-BrasileirosMarco2012.pdf\">\n\t\t\t\t\t\t\t<img loading=\"lazy\" decoding=\"async\" width=\"776\" height=\"976\" src=\"https:\/\/camirim.com.br\/wp-content\/uploads\/2023\/06\/BrasileirosPoliticamenteIncorreto-776x1024-1.jpg\" class=\"attachment-large size-large wp-image-2918\" alt=\"\" srcset=\"https:\/\/camirim.com.br\/wp-content\/uploads\/2023\/06\/BrasileirosPoliticamenteIncorreto-776x1024-1.jpg 776w, https:\/\/camirim.com.br\/wp-content\/uploads\/2023\/06\/BrasileirosPoliticamenteIncorreto-776x1024-1-239x300.jpg 239w, https:\/\/camirim.com.br\/wp-content\/uploads\/2023\/06\/BrasileirosPoliticamenteIncorreto-776x1024-1-768x966.jpg 768w\" sizes=\"(max-width: 776px) 100vw, 776px\" \/>\t\t\t\t\t\t\t\t<\/a>\n\t\t\t\t\t\t\t\t\t\t\t\t\t\t\t<\/div>\n\t\t\t\t<\/div>\n\t\t\t\t<div class=\"elementor-element elementor-element-0640a54 elementor-widget elementor-widget-text-editor\" data-id=\"0640a54\" data-element_type=\"widget\" data-e-type=\"widget\" data-widget_type=\"text-editor.default\">\n\t\t\t\t<div class=\"elementor-widget-container\">\n\t\t\t\t\t\t\t\t\t<p><strong>Revista Brasileiros. N\u00ba 56. Mar\u00e7o de 2012.\u00a0<\/strong><\/p><p><strong>Artigo: Professora pantaneira.<\/strong>\u00a0<\/p><p>Mariza Pinheiro d\u00e1 aulas para filhos de pe\u00f5es e de trabalhadores de fazendas no Mato Grosso do Sul. Por causa do dif\u00edcil acesso, determinado pelas cheias, os alunos chegam a morar na escola por at\u00e9 quatro meses. Assim, al\u00e9m de professora,\u00a0 ela se torna &#8220;m\u00e3e adotiva&#8221; em tempo integral.\u00a0<\/p>\t\t\t\t\t\t\t\t<\/div>\n\t\t\t\t<\/div>\n\t\t\t\t\t<\/div>\n\t\t<\/div>\n\t\t\t\t<div class=\"elementor-column elementor-col-20 elementor-top-column elementor-element elementor-element-88192c8\" data-id=\"88192c8\" data-element_type=\"column\" data-e-type=\"column\">\n\t\t\t<div class=\"elementor-widget-wrap elementor-element-populated\">\n\t\t\t\t\t\t<div class=\"elementor-element elementor-element-3fa54e8 elementor-widget elementor-widget-image\" data-id=\"3fa54e8\" data-element_type=\"widget\" data-e-type=\"widget\" data-widget_type=\"image.default\">\n\t\t\t\t<div class=\"elementor-widget-container\">\n\t\t\t\t\t\t\t\t\t\t\t\t\t\t\t\t<a href=\"http:\/\/camirim.com.br\/wp-content\/uploads\/2023\/06\/RogerioDasAranhas06.2011.pdf\">\n\t\t\t\t\t\t\t<img loading=\"lazy\" decoding=\"async\" width=\"765\" height=\"982\" src=\"https:\/\/camirim.com.br\/wp-content\/uploads\/2023\/06\/BrasileirosDiversidadeArmario-765x1024-1.jpg\" class=\"attachment-large size-large wp-image-2923\" alt=\"\" srcset=\"https:\/\/camirim.com.br\/wp-content\/uploads\/2023\/06\/BrasileirosDiversidadeArmario-765x1024-1.jpg 765w, https:\/\/camirim.com.br\/wp-content\/uploads\/2023\/06\/BrasileirosDiversidadeArmario-765x1024-1-234x300.jpg 234w\" sizes=\"(max-width: 765px) 100vw, 765px\" \/>\t\t\t\t\t\t\t\t<\/a>\n\t\t\t\t\t\t\t\t\t\t\t\t\t\t\t<\/div>\n\t\t\t\t<\/div>\n\t\t\t\t<div class=\"elementor-element elementor-element-108846b elementor-widget elementor-widget-text-editor\" data-id=\"108846b\" data-element_type=\"widget\" data-e-type=\"widget\" data-widget_type=\"text-editor.default\">\n\t\t\t\t<div class=\"elementor-widget-container\">\n\t\t\t\t\t\t\t\t\t<p><strong>Revista Brasileiros. N\u00ba 47. Junho de 2011.\u00a0<\/strong><\/p><p><strong>Artigo: Rog\u00e9rio das aranhas.\u00a0<\/strong><\/p><p>Especializado em caranguejeiras, pelas riquezas das esp\u00e9cies brasileiras, o aracn\u00f3logo\u00a0 Rog\u00e9rio Bertani se dedica\u00a0 aumentar o conhecimento sobre esses incompreendidos animais com fama de amea\u00e7adores.\u00a0<\/p><p>\u00a0<\/p>\t\t\t\t\t\t\t\t<\/div>\n\t\t\t\t<\/div>\n\t\t\t\t\t<\/div>\n\t\t<\/div>\n\t\t\t\t<div class=\"elementor-column elementor-col-20 elementor-top-column elementor-element elementor-element-5b8b10f\" data-id=\"5b8b10f\" data-element_type=\"column\" data-e-type=\"column\">\n\t\t\t<div class=\"elementor-widget-wrap elementor-element-populated\">\n\t\t\t\t\t\t<div class=\"elementor-element elementor-element-a7e3627 elementor-widget elementor-widget-image\" data-id=\"a7e3627\" data-element_type=\"widget\" data-e-type=\"widget\" data-widget_type=\"image.default\">\n\t\t\t\t<div class=\"elementor-widget-container\">\n\t\t\t\t\t\t\t\t\t\t\t\t\t\t\t\t<a href=\"http:\/\/camirim.com.br\/wp-content\/uploads\/2023\/06\/UmHomemE60Cobras-BrasileirosJunho2012.pdf\">\n\t\t\t\t\t\t\t<img loading=\"lazy\" decoding=\"async\" width=\"766\" height=\"996\" src=\"https:\/\/camirim.com.br\/wp-content\/uploads\/2023\/06\/BrasileirosAlegriaEArteNoFutebol-766x1024-1.jpg\" class=\"attachment-large size-large wp-image-2929\" alt=\"\" srcset=\"https:\/\/camirim.com.br\/wp-content\/uploads\/2023\/06\/BrasileirosAlegriaEArteNoFutebol-766x1024-1.jpg 766w, https:\/\/camirim.com.br\/wp-content\/uploads\/2023\/06\/BrasileirosAlegriaEArteNoFutebol-766x1024-1-231x300.jpg 231w\" sizes=\"(max-width: 766px) 100vw, 766px\" \/>\t\t\t\t\t\t\t\t<\/a>\n\t\t\t\t\t\t\t\t\t\t\t\t\t\t\t<\/div>\n\t\t\t\t<\/div>\n\t\t\t\t<div class=\"elementor-element elementor-element-93f045a elementor-widget elementor-widget-text-editor\" data-id=\"93f045a\" data-element_type=\"widget\" data-e-type=\"widget\" data-widget_type=\"text-editor.default\">\n\t\t\t\t<div class=\"elementor-widget-container\">\n\t\t\t\t\t\t\t\t\t<p><strong>Revista Brasileiros. N\u00ba 59. Junho de 2012.\u00a0<\/strong><\/p><p><strong>Artigo: Um homem e 60 cobras.\u00a0<\/strong><\/p><p>O bi\u00f3logo Guilherme Guidolin Galassi cria em sua pr\u00f3pria casa serpentes de v\u00e1rias esp\u00e9cies. Al\u00e9m delas, ele mant\u00e9m um aqu\u00e1rio cheio de raias de \u00e1gua doce.\u00a0<\/p>\t\t\t\t\t\t\t\t<\/div>\n\t\t\t\t<\/div>\n\t\t\t\t\t<\/div>\n\t\t<\/div>\n\t\t\t\t\t<\/div>\n\t\t<\/section>\n\t\t\t\t<\/div>\n\t\t","protected":false},"excerpt":{"rendered":"<p>Revista Brasileiros Artigos escritos por Liana John. Revista Brasileiros. N\u00ba 58. Maio de 2012.\u00a0\u00a0\u00a0\u00a0 Artigo: A mestra dos mangues. A ocean\u00f3grafa Yara Schaeffer Novelli mudou a vis\u00e3o do Brasil sobre os manguezais e colocou esses ecossistemas na pauta da conserva\u00e7\u00e3o ambiental. Revista Brasileiros. N\u00ba 52. Novembro de 2011. Artigo: Ele \u00e9 o cara da grana.&hellip;&nbsp;<a href=\"https:\/\/camirim.com.br\/?page_id=212\" rel=\"bookmark\">Read More &raquo;<span class=\"screen-reader-text\">Brasileiros<\/span><\/a><\/p>\n","protected":false},"author":1,"featured_media":0,"parent":0,"menu_order":0,"comment_status":"closed","ping_status":"closed","template":"page-templates\/template-pagebuilder-full-width.php","meta":{"neve_meta_sidebar":"","neve_meta_container":"","neve_meta_enable_content_width":"","neve_meta_content_width":0,"neve_meta_title_alignment":"","neve_meta_author_avatar":"","neve_post_elements_order":"","neve_meta_disable_header":"","neve_meta_disable_footer":"","neve_meta_disable_title":"","_themeisle_gutenberg_block_has_review":false,"footnotes":""},"class_list":["post-212","page","type-page","status-publish","hentry"],"_links":{"self":[{"href":"https:\/\/camirim.com.br\/index.php?rest_route=\/wp\/v2\/pages\/212","targetHints":{"allow":["GET"]}}],"collection":[{"href":"https:\/\/camirim.com.br\/index.php?rest_route=\/wp\/v2\/pages"}],"about":[{"href":"https:\/\/camirim.com.br\/index.php?rest_route=\/wp\/v2\/types\/page"}],"author":[{"embeddable":true,"href":"https:\/\/camirim.com.br\/index.php?rest_route=\/wp\/v2\/users\/1"}],"replies":[{"embeddable":true,"href":"https:\/\/camirim.com.br\/index.php?rest_route=%2Fwp%2Fv2%2Fcomments&post=212"}],"version-history":[{"count":110,"href":"https:\/\/camirim.com.br\/index.php?rest_route=\/wp\/v2\/pages\/212\/revisions"}],"predecessor-version":[{"id":4588,"href":"https:\/\/camirim.com.br\/index.php?rest_route=\/wp\/v2\/pages\/212\/revisions\/4588"}],"wp:attachment":[{"href":"https:\/\/camirim.com.br\/index.php?rest_route=%2Fwp%2Fv2%2Fmedia&parent=212"}],"curies":[{"name":"wp","href":"https:\/\/api.w.org\/{rel}","templated":true}]}}