{"id":183,"date":"2023-04-20T11:14:23","date_gmt":"2023-04-20T14:14:23","guid":{"rendered":"https:\/\/camirim.com.br\/?page_id=183"},"modified":"2023-07-04T17:41:54","modified_gmt":"2023-07-04T20:41:54","slug":"plantadores-de-florestas","status":"publish","type":"page","link":"https:\/\/camirim.com.br\/?page_id=183","title":{"rendered":"Plantadores de Florestas"},"content":{"rendered":"\t\t<div data-elementor-type=\"wp-page\" data-elementor-id=\"183\" class=\"elementor elementor-183\">\n\t\t\t\t\t\t<section class=\"elementor-section elementor-top-section elementor-element elementor-element-1acfccbb elementor-section-boxed elementor-section-height-default elementor-section-height-default\" data-id=\"1acfccbb\" data-element_type=\"section\" data-e-type=\"section\">\n\t\t\t\t\t\t<div class=\"elementor-container elementor-column-gap-default\">\n\t\t\t\t\t<div class=\"elementor-column elementor-col-100 elementor-top-column elementor-element elementor-element-3699eefa\" data-id=\"3699eefa\" data-element_type=\"column\" data-e-type=\"column\">\n\t\t\t<div class=\"elementor-widget-wrap elementor-element-populated\">\n\t\t\t\t\t\t<div class=\"elementor-element elementor-element-7e071a59 elementor-widget elementor-widget-text-editor\" data-id=\"7e071a59\" data-element_type=\"widget\" data-e-type=\"widget\" data-widget_type=\"text-editor.default\">\n\t\t\t\t<div class=\"elementor-widget-container\">\n\t\t\t\t\t\t\t\t\t<p><\/p>\n<p>Uma s\u00e9rie exclusiva de reportagens sobre pessoas que recuperam as matas de nosso pa\u00eds.<\/p>\n<p><\/p>\n<p><\/p>\n<p>Desde 2011, ano Internacional das Florestas, o site da NATIONAL GEOGRAPHIC BRASIL publica uma s\u00e9rie exclusiva de reportagens com fotos e v\u00eddeos facada no trabalho de pessoas que est\u00e3o dedicadas ao replantio de florestas. Quem apresenta os relatos desses personagens \u00e9 a rep\u00f3rter <a href=\"https:\/\/lianajohn.com.br\/\" data-type=\"URL\" data-id=\"https:\/\/lianajohn.com.br\/\" target=\"_blank\" rel=\"noreferrer noopener\">Liana John<\/a> com experi\u00eancia de mais de 20 anos na cobertura jornal\u00edstica da \u00e1rea da meio ambiente e preserva\u00e7\u00e3o. <\/p><p>S\u00e3o 09 artigos. Clique para ler cada um deles na \u00edntegra:<\/p>\n<p><\/p>\t\t\t\t\t\t\t\t<\/div>\n\t\t\t\t<\/div>\n\t\t\t\t\t<\/div>\n\t\t<\/div>\n\t\t\t\t\t<\/div>\n\t\t<\/section>\n\t\t\t\t<section class=\"elementor-section elementor-top-section elementor-element elementor-element-64ef244 elementor-section-boxed elementor-section-height-default elementor-section-height-default\" data-id=\"64ef244\" data-element_type=\"section\" data-e-type=\"section\">\n\t\t\t\t\t\t<div class=\"elementor-container elementor-column-gap-default\">\n\t\t\t\t\t<div class=\"elementor-column elementor-col-33 elementor-top-column elementor-element elementor-element-d72d698\" data-id=\"d72d698\" data-element_type=\"column\" data-e-type=\"column\">\n\t\t\t<div class=\"elementor-widget-wrap elementor-element-populated\">\n\t\t\t\t\t\t<div class=\"elementor-element elementor-element-52b72ff elementor-widget elementor-widget-image\" data-id=\"52b72ff\" data-element_type=\"widget\" data-e-type=\"widget\" data-widget_type=\"image.default\">\n\t\t\t\t<div class=\"elementor-widget-container\">\n\t\t\t\t\t\t\t\t\t\t\t\t\t\t\t\t<a href=\"http:\/\/camirim.com.br\/wp-content\/uploads\/2023\/05\/A-defensora-do-pau-brasil.pdf\">\n\t\t\t\t\t\t\t<img fetchpriority=\"high\" decoding=\"async\" width=\"250\" height=\"330\" src=\"https:\/\/camirim.com.br\/wp-content\/uploads\/2023\/05\/1liana-john-plantadores-de-floresta-capitulo7.png\" class=\"attachment-large size-large wp-image-2752\" alt=\"\" srcset=\"https:\/\/camirim.com.br\/wp-content\/uploads\/2023\/05\/1liana-john-plantadores-de-floresta-capitulo7.png 250w, https:\/\/camirim.com.br\/wp-content\/uploads\/2023\/05\/1liana-john-plantadores-de-floresta-capitulo7-227x300.png 227w\" sizes=\"(max-width: 250px) 100vw, 250px\" \/>\t\t\t\t\t\t\t\t<\/a>\n\t\t\t\t\t\t\t\t\t\t\t\t\t\t\t<\/div>\n\t\t\t\t<\/div>\n\t\t\t\t<div class=\"elementor-element elementor-element-0839055 elementor-widget elementor-widget-text-editor\" data-id=\"0839055\" data-element_type=\"widget\" data-e-type=\"widget\" data-widget_type=\"text-editor.default\">\n\t\t\t\t<div class=\"elementor-widget-container\">\n\t\t\t\t\t\t\t\t\t<p>Ana Cristina Rold\u00e3o, da FunBrasil, segue de perto os passos do pai, que dedicou 40 anos de sua vida ao plantio de \u00e1rvore nacional.\u00a0<\/p>\t\t\t\t\t\t\t\t<\/div>\n\t\t\t\t<\/div>\n\t\t\t\t\t<\/div>\n\t\t<\/div>\n\t\t\t\t<div class=\"elementor-column elementor-col-33 elementor-top-column elementor-element elementor-element-0299dcd\" data-id=\"0299dcd\" data-element_type=\"column\" data-e-type=\"column\">\n\t\t\t<div class=\"elementor-widget-wrap elementor-element-populated\">\n\t\t\t\t\t\t<div class=\"elementor-element elementor-element-331715b elementor-widget elementor-widget-image\" data-id=\"331715b\" data-element_type=\"widget\" data-e-type=\"widget\" data-widget_type=\"image.default\">\n\t\t\t\t<div class=\"elementor-widget-container\">\n\t\t\t\t\t\t\t\t\t\t\t\t\t\t\t\t<a href=\"http:\/\/camirim.com.br\/wp-content\/uploads\/2023\/05\/A-guardia-verde-de-Santa-Catarina.pdf\">\n\t\t\t\t\t\t\t<img decoding=\"async\" width=\"250\" height=\"330\" src=\"https:\/\/camirim.com.br\/wp-content\/uploads\/2023\/05\/2liana-john-plantadores-de-floresta-capitulo6.png\" class=\"attachment-large size-large wp-image-2753\" alt=\"\" srcset=\"https:\/\/camirim.com.br\/wp-content\/uploads\/2023\/05\/2liana-john-plantadores-de-floresta-capitulo6.png 250w, https:\/\/camirim.com.br\/wp-content\/uploads\/2023\/05\/2liana-john-plantadores-de-floresta-capitulo6-227x300.png 227w\" sizes=\"(max-width: 250px) 100vw, 250px\" \/>\t\t\t\t\t\t\t\t<\/a>\n\t\t\t\t\t\t\t\t\t\t\t\t\t\t\t<\/div>\n\t\t\t\t<\/div>\n\t\t\t\t<div class=\"elementor-element elementor-element-49611c0 elementor-widget elementor-widget-text-editor\" data-id=\"49611c0\" data-element_type=\"widget\" data-e-type=\"widget\" data-widget_type=\"text-editor.default\">\n\t\t\t\t<div class=\"elementor-widget-container\">\n\t\t\t\t\t\t\t\t\t<p>Faltavam mudas? Miriam Prochnow criou um viveiro. Escassearam os recursos? Ela recorreu a estudantes. Ainda precisavam de motivos? Ela inventou os bosques comemorativos.\u00a0<\/p>\t\t\t\t\t\t\t\t<\/div>\n\t\t\t\t<\/div>\n\t\t\t\t\t<\/div>\n\t\t<\/div>\n\t\t\t\t<div class=\"elementor-column elementor-col-33 elementor-top-column elementor-element elementor-element-14b99ae\" data-id=\"14b99ae\" data-element_type=\"column\" data-e-type=\"column\">\n\t\t\t<div class=\"elementor-widget-wrap elementor-element-populated\">\n\t\t\t\t\t\t<div class=\"elementor-element elementor-element-a8406d0 elementor-widget elementor-widget-image\" data-id=\"a8406d0\" data-element_type=\"widget\" data-e-type=\"widget\" data-widget_type=\"image.default\">\n\t\t\t\t<div class=\"elementor-widget-container\">\n\t\t\t\t\t\t\t\t\t\t\t\t\t\t\t\t<a href=\"http:\/\/camirim.com.br\/wp-content\/uploads\/2023\/05\/O-semeador-do-Pontal.pdf\">\n\t\t\t\t\t\t\t<img decoding=\"async\" width=\"250\" height=\"330\" src=\"https:\/\/camirim.com.br\/wp-content\/uploads\/2023\/05\/3liana-john-plantadores-de-floresta-capitulo2.png\" class=\"attachment-large size-large wp-image-2754\" alt=\"\" srcset=\"https:\/\/camirim.com.br\/wp-content\/uploads\/2023\/05\/3liana-john-plantadores-de-floresta-capitulo2.png 250w, https:\/\/camirim.com.br\/wp-content\/uploads\/2023\/05\/3liana-john-plantadores-de-floresta-capitulo2-227x300.png 227w\" sizes=\"(max-width: 250px) 100vw, 250px\" \/>\t\t\t\t\t\t\t\t<\/a>\n\t\t\t\t\t\t\t\t\t\t\t\t\t\t\t<\/div>\n\t\t\t\t<\/div>\n\t\t\t\t<div class=\"elementor-element elementor-element-fb457f9 elementor-widget elementor-widget-text-editor\" data-id=\"fb457f9\" data-element_type=\"widget\" data-e-type=\"widget\" data-widget_type=\"text-editor.default\">\n\t\t\t\t<div class=\"elementor-widget-container\">\n\t\t\t\t\t\t\t\t\t<p>Jefferson Lima dedica-se ao projeto Caf\u00e9 com Floresta, da ONG Ip\u00ea, no Pontal do Paranapanema, onde estimula a planta\u00e7\u00e3o de esp\u00e9cies nativas nos cafezais.\u00a0<\/p>\t\t\t\t\t\t\t\t<\/div>\n\t\t\t\t<\/div>\n\t\t\t\t\t<\/div>\n\t\t<\/div>\n\t\t\t\t\t<\/div>\n\t\t<\/section>\n\t\t\t\t<section class=\"elementor-section elementor-top-section elementor-element elementor-element-f554113 elementor-section-boxed elementor-section-height-default elementor-section-height-default\" data-id=\"f554113\" data-element_type=\"section\" data-e-type=\"section\">\n\t\t\t\t\t\t<div class=\"elementor-container elementor-column-gap-default\">\n\t\t\t\t\t<div class=\"elementor-column elementor-col-33 elementor-top-column elementor-element elementor-element-482fa71\" data-id=\"482fa71\" data-element_type=\"column\" data-e-type=\"column\">\n\t\t\t<div class=\"elementor-widget-wrap elementor-element-populated\">\n\t\t\t\t\t\t<div class=\"elementor-element elementor-element-ef995a7 elementor-widget elementor-widget-image\" data-id=\"ef995a7\" data-element_type=\"widget\" data-e-type=\"widget\" data-widget_type=\"image.default\">\n\t\t\t\t<div class=\"elementor-widget-container\">\n\t\t\t\t\t\t\t\t\t\t\t\t\t\t\t\t<a href=\"http:\/\/camirim.com.br\/wp-content\/uploads\/2023\/05\/Ele-plantou-9-milhoes-de-arvores.pdf\">\n\t\t\t\t\t\t\t<img loading=\"lazy\" decoding=\"async\" width=\"250\" height=\"330\" src=\"https:\/\/camirim.com.br\/wp-content\/uploads\/2023\/05\/4liana-john-plantadores-de-floresta-capitulo1.png\" class=\"attachment-large size-large wp-image-2755\" alt=\"\" srcset=\"https:\/\/camirim.com.br\/wp-content\/uploads\/2023\/05\/4liana-john-plantadores-de-floresta-capitulo1.png 250w, https:\/\/camirim.com.br\/wp-content\/uploads\/2023\/05\/4liana-john-plantadores-de-floresta-capitulo1-227x300.png 227w\" sizes=\"(max-width: 250px) 100vw, 250px\" \/>\t\t\t\t\t\t\t\t<\/a>\n\t\t\t\t\t\t\t\t\t\t\t\t\t\t\t<\/div>\n\t\t\t\t<\/div>\n\t\t\t\t<div class=\"elementor-element elementor-element-0ef391f elementor-widget elementor-widget-text-editor\" data-id=\"0ef391f\" data-element_type=\"widget\" data-e-type=\"widget\" data-widget_type=\"text-editor.default\">\n\t\t\t\t<div class=\"elementor-widget-container\">\n\t\t\t\t\t\t\t\t\t<p>O engenheiro agr\u00f4nomo Jorge Bellix de Campos trabalha como presidente da ONG Associa\u00e7\u00e3o Mata Ciliar e j\u00e1 ajudou no plantio de mais de 9 milh\u00f5es de \u00e1rvores.\u00a0<\/p>\t\t\t\t\t\t\t\t<\/div>\n\t\t\t\t<\/div>\n\t\t\t\t\t<\/div>\n\t\t<\/div>\n\t\t\t\t<div class=\"elementor-column elementor-col-33 elementor-top-column elementor-element elementor-element-52a8d6c\" data-id=\"52a8d6c\" data-element_type=\"column\" data-e-type=\"column\">\n\t\t\t<div class=\"elementor-widget-wrap elementor-element-populated\">\n\t\t\t\t\t\t<div class=\"elementor-element elementor-element-0538e89 elementor-widget elementor-widget-image\" data-id=\"0538e89\" data-element_type=\"widget\" data-e-type=\"widget\" data-widget_type=\"image.default\">\n\t\t\t\t<div class=\"elementor-widget-container\">\n\t\t\t\t\t\t\t\t\t\t\t\t\t\t\t\t<a href=\"http:\/\/camirim.com.br\/wp-content\/uploads\/2023\/05\/O-cinturao-de-mangue.pdf\">\n\t\t\t\t\t\t\t<img loading=\"lazy\" decoding=\"async\" width=\"250\" height=\"330\" src=\"https:\/\/camirim.com.br\/wp-content\/uploads\/2023\/05\/5liana-john-plantadores-de-floresta-capitulo4.png\" class=\"attachment-large size-large wp-image-2756\" alt=\"\" srcset=\"https:\/\/camirim.com.br\/wp-content\/uploads\/2023\/05\/5liana-john-plantadores-de-floresta-capitulo4.png 250w, https:\/\/camirim.com.br\/wp-content\/uploads\/2023\/05\/5liana-john-plantadores-de-floresta-capitulo4-227x300.png 227w\" sizes=\"(max-width: 250px) 100vw, 250px\" \/>\t\t\t\t\t\t\t\t<\/a>\n\t\t\t\t\t\t\t\t\t\t\t\t\t\t\t<\/div>\n\t\t\t\t<\/div>\n\t\t\t\t<div class=\"elementor-element elementor-element-e84144f elementor-widget elementor-widget-text-editor\" data-id=\"e84144f\" data-element_type=\"widget\" data-e-type=\"widget\" data-widget_type=\"text-editor.default\">\n\t\t\t\t<div class=\"elementor-widget-container\">\n\t\t\t\t\t\t\t\t\t<p>S\u00e9rgio de Mattos Fonseca fechou sua empresa de inform\u00e1tica para estudar oceanografia, dar aulas de educa\u00e7\u00e3o ambientar e organizar mutir\u00f5es de plantio no mangue.\u00a0\u00a0<\/p>\t\t\t\t\t\t\t\t<\/div>\n\t\t\t\t<\/div>\n\t\t\t\t\t<\/div>\n\t\t<\/div>\n\t\t\t\t<div class=\"elementor-column elementor-col-33 elementor-top-column elementor-element elementor-element-6da34e1\" data-id=\"6da34e1\" data-element_type=\"column\" data-e-type=\"column\">\n\t\t\t<div class=\"elementor-widget-wrap elementor-element-populated\">\n\t\t\t\t\t\t<div class=\"elementor-element elementor-element-53c56ff elementor-widget elementor-widget-image\" data-id=\"53c56ff\" data-element_type=\"widget\" data-e-type=\"widget\" data-widget_type=\"image.default\">\n\t\t\t\t<div class=\"elementor-widget-container\">\n\t\t\t\t\t\t\t\t\t\t\t\t\t\t\t\t<a href=\"http:\/\/camirim.com.br\/wp-content\/uploads\/2023\/05\/O-indio-que-refloresta-a-Amazonia.pdf\">\n\t\t\t\t\t\t\t<img loading=\"lazy\" decoding=\"async\" width=\"250\" height=\"330\" src=\"https:\/\/camirim.com.br\/wp-content\/uploads\/2023\/05\/6liana-john-plantadores-de-floresta-capitulo9.png\" class=\"attachment-large size-large wp-image-2757\" alt=\"\" srcset=\"https:\/\/camirim.com.br\/wp-content\/uploads\/2023\/05\/6liana-john-plantadores-de-floresta-capitulo9.png 250w, https:\/\/camirim.com.br\/wp-content\/uploads\/2023\/05\/6liana-john-plantadores-de-floresta-capitulo9-227x300.png 227w\" sizes=\"(max-width: 250px) 100vw, 250px\" \/>\t\t\t\t\t\t\t\t<\/a>\n\t\t\t\t\t\t\t\t\t\t\t\t\t\t\t<\/div>\n\t\t\t\t<\/div>\n\t\t\t\t<div class=\"elementor-element elementor-element-47a12a2 elementor-widget elementor-widget-text-editor\" data-id=\"47a12a2\" data-element_type=\"widget\" data-e-type=\"widget\" data-widget_type=\"text-editor.default\">\n\t\t\t\t<div class=\"elementor-widget-container\">\n\t\t\t\t\t\t\t\t\t<p>O guia de turismo Samuel Pedro Bas\u00edlio, \u00edndio da etnia Bar\u00e9, recupera voluntariamente \u00e1reas degradadas da Floresta Amaz\u00f4nica.\u00a0<\/p>\t\t\t\t\t\t\t\t<\/div>\n\t\t\t\t<\/div>\n\t\t\t\t\t<\/div>\n\t\t<\/div>\n\t\t\t\t\t<\/div>\n\t\t<\/section>\n\t\t\t\t<section class=\"elementor-section elementor-top-section elementor-element elementor-element-faf487d elementor-section-boxed elementor-section-height-default elementor-section-height-default\" data-id=\"faf487d\" data-element_type=\"section\" data-e-type=\"section\">\n\t\t\t\t\t\t<div class=\"elementor-container elementor-column-gap-default\">\n\t\t\t\t\t<div class=\"elementor-column elementor-col-33 elementor-top-column elementor-element elementor-element-e1bea37\" data-id=\"e1bea37\" data-element_type=\"column\" data-e-type=\"column\">\n\t\t\t<div class=\"elementor-widget-wrap elementor-element-populated\">\n\t\t\t\t\t\t<div class=\"elementor-element elementor-element-a4e9742 elementor-widget elementor-widget-image\" data-id=\"a4e9742\" data-element_type=\"widget\" data-e-type=\"widget\" data-widget_type=\"image.default\">\n\t\t\t\t<div class=\"elementor-widget-container\">\n\t\t\t\t\t\t\t\t\t\t\t\t\t\t\t\t<a href=\"http:\/\/camirim.com.br\/wp-content\/uploads\/2023\/05\/O-protetor-dos-rios-do-Peixe-e-Camanducaia.pdf\">\n\t\t\t\t\t\t\t<img loading=\"lazy\" decoding=\"async\" width=\"250\" height=\"330\" src=\"https:\/\/camirim.com.br\/wp-content\/uploads\/2023\/05\/7liana-john-plantadores-de-floresta-capitulo8.png\" class=\"attachment-large size-large wp-image-2758\" alt=\"\" srcset=\"https:\/\/camirim.com.br\/wp-content\/uploads\/2023\/05\/7liana-john-plantadores-de-floresta-capitulo8.png 250w, https:\/\/camirim.com.br\/wp-content\/uploads\/2023\/05\/7liana-john-plantadores-de-floresta-capitulo8-227x300.png 227w\" sizes=\"(max-width: 250px) 100vw, 250px\" \/>\t\t\t\t\t\t\t\t<\/a>\n\t\t\t\t\t\t\t\t\t\t\t\t\t\t\t<\/div>\n\t\t\t\t<\/div>\n\t\t\t\t<div class=\"elementor-element elementor-element-f487d5f elementor-widget elementor-widget-text-editor\" data-id=\"f487d5f\" data-element_type=\"widget\" data-e-type=\"widget\" data-widget_type=\"text-editor.default\">\n\t\t\t\t<div class=\"elementor-widget-container\">\n\t\t\t\t\t\t\t\t\t<p>Tiago Sartori, fundador da Associa\u00e7\u00e3o Ambientalista Copa\u00edba, se empenha em preservar a Mata Atl\u00e2ntica das bacias do rio do Peixe e Camanducaia, no Sudeste do Brasil.\u00a0<\/p>\t\t\t\t\t\t\t\t<\/div>\n\t\t\t\t<\/div>\n\t\t\t\t\t<\/div>\n\t\t<\/div>\n\t\t\t\t<div class=\"elementor-column elementor-col-33 elementor-top-column elementor-element elementor-element-3cc1106\" data-id=\"3cc1106\" data-element_type=\"column\" data-e-type=\"column\">\n\t\t\t<div class=\"elementor-widget-wrap elementor-element-populated\">\n\t\t\t\t\t\t<div class=\"elementor-element elementor-element-312bb24 elementor-widget elementor-widget-image\" data-id=\"312bb24\" data-element_type=\"widget\" data-e-type=\"widget\" data-widget_type=\"image.default\">\n\t\t\t\t<div class=\"elementor-widget-container\">\n\t\t\t\t\t\t\t\t\t\t\t\t\t\t\t\t<a href=\"http:\/\/camirim.com.br\/wp-content\/uploads\/2023\/05\/V-O-restaurador-de-areas-degradadas-24.10.11.pdf\">\n\t\t\t\t\t\t\t<img loading=\"lazy\" decoding=\"async\" width=\"250\" height=\"330\" src=\"https:\/\/camirim.com.br\/wp-content\/uploads\/2023\/05\/8liana-john-plantadores-de-floresta-capitulo5.png\" class=\"attachment-large size-large wp-image-2759\" alt=\"\" srcset=\"https:\/\/camirim.com.br\/wp-content\/uploads\/2023\/05\/8liana-john-plantadores-de-floresta-capitulo5.png 250w, https:\/\/camirim.com.br\/wp-content\/uploads\/2023\/05\/8liana-john-plantadores-de-floresta-capitulo5-227x300.png 227w\" sizes=\"(max-width: 250px) 100vw, 250px\" \/>\t\t\t\t\t\t\t\t<\/a>\n\t\t\t\t\t\t\t\t\t\t\t\t\t\t\t<\/div>\n\t\t\t\t<\/div>\n\t\t\t\t<div class=\"elementor-element elementor-element-26cb8f1 elementor-widget elementor-widget-text-editor\" data-id=\"26cb8f1\" data-element_type=\"widget\" data-e-type=\"widget\" data-widget_type=\"text-editor.default\">\n\t\t\t\t<div class=\"elementor-widget-container\">\n\t\t\t\t\t\t\t\t\t<p>Renato Moraes de Jesus j\u00e1 coordenou o plantio de 92 milh\u00f5es de mudas e quer chegar \u00e0 marca dos 100 milh\u00f5es com o reflorestamento de 100 mil Hectares de Mata Atl\u00e2ntica.\u00a0<\/p>\t\t\t\t\t\t\t\t<\/div>\n\t\t\t\t<\/div>\n\t\t\t\t\t<\/div>\n\t\t<\/div>\n\t\t\t\t<div class=\"elementor-column elementor-col-33 elementor-top-column elementor-element elementor-element-5a3ced4\" data-id=\"5a3ced4\" data-element_type=\"column\" data-e-type=\"column\">\n\t\t\t<div class=\"elementor-widget-wrap elementor-element-populated\">\n\t\t\t\t\t\t<div class=\"elementor-element elementor-element-4122fe6 elementor-widget elementor-widget-image\" data-id=\"4122fe6\" data-element_type=\"widget\" data-e-type=\"widget\" data-widget_type=\"image.default\">\n\t\t\t\t<div class=\"elementor-widget-container\">\n\t\t\t\t\t\t\t\t\t\t\t\t\t\t\t\t<a href=\"http:\/\/camirim.com.br\/wp-content\/uploads\/2023\/05\/O-sequestrador-de-carbono.pdf\">\n\t\t\t\t\t\t\t<img loading=\"lazy\" decoding=\"async\" width=\"250\" height=\"330\" src=\"https:\/\/camirim.com.br\/wp-content\/uploads\/2023\/05\/9liana-john-plantadores-de-floresta-capitulo3.png\" class=\"attachment-large size-large wp-image-2760\" alt=\"\" srcset=\"https:\/\/camirim.com.br\/wp-content\/uploads\/2023\/05\/9liana-john-plantadores-de-floresta-capitulo3.png 250w, https:\/\/camirim.com.br\/wp-content\/uploads\/2023\/05\/9liana-john-plantadores-de-floresta-capitulo3-227x300.png 227w\" sizes=\"(max-width: 250px) 100vw, 250px\" \/>\t\t\t\t\t\t\t\t<\/a>\n\t\t\t\t\t\t\t\t\t\t\t\t\t\t\t<\/div>\n\t\t\t\t<\/div>\n\t\t\t\t<div class=\"elementor-element elementor-element-b5bdda6 elementor-widget elementor-widget-text-editor\" data-id=\"b5bdda6\" data-element_type=\"widget\" data-e-type=\"widget\" data-widget_type=\"text-editor.default\">\n\t\t\t\t<div class=\"elementor-widget-container\">\n\t\t\t\t\t\t\t\t\t<p>No comando da consultoria ambiental Companhia Brasileira de Florestas Tropicais (CBFT), Rodolpho Schmidt promove a\u00e7\u00f5es para sequestro de carbono.\u00a0<\/p>\t\t\t\t\t\t\t\t<\/div>\n\t\t\t\t<\/div>\n\t\t\t\t\t<\/div>\n\t\t<\/div>\n\t\t\t\t\t<\/div>\n\t\t<\/section>\n\t\t\t\t<\/div>\n\t\t","protected":false},"excerpt":{"rendered":"<p>Uma s\u00e9rie exclusiva de reportagens sobre pessoas que recuperam as matas de nosso pa\u00eds. Desde 2011, ano Internacional das Florestas, o site da NATIONAL GEOGRAPHIC BRASIL publica uma s\u00e9rie exclusiva de reportagens com fotos e v\u00eddeos facada no trabalho de pessoas que est\u00e3o dedicadas ao replantio de florestas. Quem apresenta os relatos desses personagens \u00e9&hellip;&nbsp;<a href=\"https:\/\/camirim.com.br\/?page_id=183\" rel=\"bookmark\">Read More &raquo;<span class=\"screen-reader-text\">Plantadores de Florestas<\/span><\/a><\/p>\n","protected":false},"author":1,"featured_media":0,"parent":163,"menu_order":0,"comment_status":"closed","ping_status":"closed","template":"","meta":{"neve_meta_sidebar":"","neve_meta_container":"","neve_meta_enable_content_width":"","neve_meta_content_width":0,"neve_meta_title_alignment":"","neve_meta_author_avatar":"","neve_post_elements_order":"","neve_meta_disable_header":"","neve_meta_disable_footer":"","neve_meta_disable_title":"","_themeisle_gutenberg_block_has_review":false,"footnotes":""},"class_list":["post-183","page","type-page","status-publish","hentry"],"_links":{"self":[{"href":"https:\/\/camirim.com.br\/index.php?rest_route=\/wp\/v2\/pages\/183","targetHints":{"allow":["GET"]}}],"collection":[{"href":"https:\/\/camirim.com.br\/index.php?rest_route=\/wp\/v2\/pages"}],"about":[{"href":"https:\/\/camirim.com.br\/index.php?rest_route=\/wp\/v2\/types\/page"}],"author":[{"embeddable":true,"href":"https:\/\/camirim.com.br\/index.php?rest_route=\/wp\/v2\/users\/1"}],"replies":[{"embeddable":true,"href":"https:\/\/camirim.com.br\/index.php?rest_route=%2Fwp%2Fv2%2Fcomments&post=183"}],"version-history":[{"count":62,"href":"https:\/\/camirim.com.br\/index.php?rest_route=\/wp\/v2\/pages\/183\/revisions"}],"predecessor-version":[{"id":3874,"href":"https:\/\/camirim.com.br\/index.php?rest_route=\/wp\/v2\/pages\/183\/revisions\/3874"}],"up":[{"embeddable":true,"href":"https:\/\/camirim.com.br\/index.php?rest_route=\/wp\/v2\/pages\/163"}],"wp:attachment":[{"href":"https:\/\/camirim.com.br\/index.php?rest_route=%2Fwp%2Fv2%2Fmedia&parent=183"}],"curies":[{"name":"wp","href":"https:\/\/api.w.org\/{rel}","templated":true}]}}