{"id":1554,"date":"2023-05-12T10:07:49","date_gmt":"2023-05-12T13:07:49","guid":{"rendered":"https:\/\/camirim.com.br\/?page_id=1554"},"modified":"2023-05-12T10:12:47","modified_gmt":"2023-05-12T13:12:47","slug":"de-passagem-para-a-vida","status":"publish","type":"page","link":"https:\/\/camirim.com.br\/?page_id=1554","title":{"rendered":"D\u00ea Passagem Para a Vida"},"content":{"rendered":"\t\t<div data-elementor-type=\"wp-page\" data-elementor-id=\"1554\" class=\"elementor elementor-1554\">\n\t\t\t\t\t\t<section class=\"elementor-section elementor-top-section elementor-element elementor-element-264d089e elementor-section-boxed elementor-section-height-default elementor-section-height-default\" data-id=\"264d089e\" data-element_type=\"section\" data-e-type=\"section\">\n\t\t\t\t\t\t<div class=\"elementor-container elementor-column-gap-default\">\n\t\t\t\t\t<div class=\"elementor-column elementor-col-100 elementor-top-column elementor-element elementor-element-158950d5\" data-id=\"158950d5\" data-element_type=\"column\" data-e-type=\"column\">\n\t\t\t<div class=\"elementor-widget-wrap elementor-element-populated\">\n\t\t\t\t\t\t<div class=\"elementor-element elementor-element-6a97a0da elementor-widget elementor-widget-text-editor\" data-id=\"6a97a0da\" data-element_type=\"widget\" data-e-type=\"widget\" data-widget_type=\"text-editor.default\">\n\t\t\t\t<div class=\"elementor-widget-container\">\n\t\t\t\t\t\t\t\t\t\n<div class=\"wp-block-media-text alignwide is-stacked-on-mobile\" style=\"grid-template-columns:40% auto\"><figure class=\"wp-block-media-text__media\"><img fetchpriority=\"high\" decoding=\"async\" width=\"576\" height=\"810\" src=\"http:\/\/camirim.com.br\/wp-content\/uploads\/2023\/04\/Cartilha_Atropelamentos.jpg\" alt=\"\" class=\"wp-image-599 size-full\" srcset=\"https:\/\/camirim.com.br\/wp-content\/uploads\/2023\/04\/Cartilha_Atropelamentos.jpg 576w, https:\/\/camirim.com.br\/wp-content\/uploads\/2023\/04\/Cartilha_Atropelamentos-213x300.jpg 213w\" sizes=\"(max-width: 576px) 100vw, 576px\" \/><\/figure><div class=\"wp-block-media-text__content\">\n<p>No nosso Brasil de muitos milh\u00f5es de carros caminhonetes, caminh\u00f5es e \u00f4nibus, aprendemos logo cedo a atravessar as ruas com cuidado. Mesmo quando estamos na faixa com um sinal de PARE e sem\u00e1foro verde para os pedestres \u00e9 bom olhar para os dois lados e ter certeza de que os motoristas v\u00e3o parar. Tem muita gente dirigindo com pressa demais, com a cabe\u00e7a cheia de distra\u00e7\u00f5es ou preocupa\u00e7\u00f5es, sem nem olhar direito para as cal\u00e7adas e as pessoas. Agora, se o caso \u00e9 atravessar uma estrada, a\u00ed \u00e9 bom ter mais cuidado ainda e calcular direitinho se da tempo de chegar ao outro lado. Numa estrada, todos andam mais depressa ainda e quase n\u00e3o tem faixa de pedestres, nem sem\u00e1foros para quem anda a p\u00e9. Sinal de travessia \u00e0s vezes tem mas nem sempre os motoristas reduzem a velocidade quando passam por eles.<\/p>\n\n\n\n<p><\/p>\n\n\n\n<p><a rel=\"noreferrer noopener\" href=\"https:\/\/camirim.com.br\/wp-content\/uploads\/2023\/04\/Cartilha_Atropelamentos_baixa.pdf\" data-type=\"URL\" data-id=\"https:\/\/camirim.com.br\/wp-content\/uploads\/2023\/04\/Cartilha_Atropelamentos_baixa.pdf\" target=\"_blank\"><strong>VEJA<\/strong><\/a><\/p>\n\n\n\n<p><\/p>\n<\/div><\/div>\n\t\t\t\t\t\t\t\t<\/div>\n\t\t\t\t<\/div>\n\t\t\t\t\t<\/div>\n\t\t<\/div>\n\t\t\t\t\t<\/div>\n\t\t<\/section>\n\t\t\t\t<\/div>\n\t\t","protected":false},"excerpt":{"rendered":"<p>No nosso Brasil de muitos milh\u00f5es de carros caminhonetes, caminh\u00f5es e \u00f4nibus, aprendemos logo cedo a atravessar as ruas com cuidado. Mesmo quando estamos na faixa com um sinal de PARE e sem\u00e1foro verde para os pedestres \u00e9 bom olhar para os dois lados e ter certeza de que os motoristas v\u00e3o parar. Tem muita&hellip;&nbsp;<a href=\"https:\/\/camirim.com.br\/?page_id=1554\" rel=\"bookmark\">Read More &raquo;<span class=\"screen-reader-text\">D\u00ea Passagem Para a Vida<\/span><\/a><\/p>\n","protected":false},"author":1,"featured_media":0,"parent":254,"menu_order":0,"comment_status":"closed","ping_status":"closed","template":"","meta":{"neve_meta_sidebar":"","neve_meta_container":"","neve_meta_enable_content_width":"","neve_meta_content_width":0,"neve_meta_title_alignment":"","neve_meta_author_avatar":"","neve_post_elements_order":"","neve_meta_disable_header":"","neve_meta_disable_footer":"","neve_meta_disable_title":"","_themeisle_gutenberg_block_has_review":false,"footnotes":""},"class_list":["post-1554","page","type-page","status-publish","hentry"],"_links":{"self":[{"href":"https:\/\/camirim.com.br\/index.php?rest_route=\/wp\/v2\/pages\/1554","targetHints":{"allow":["GET"]}}],"collection":[{"href":"https:\/\/camirim.com.br\/index.php?rest_route=\/wp\/v2\/pages"}],"about":[{"href":"https:\/\/camirim.com.br\/index.php?rest_route=\/wp\/v2\/types\/page"}],"author":[{"embeddable":true,"href":"https:\/\/camirim.com.br\/index.php?rest_route=\/wp\/v2\/users\/1"}],"replies":[{"embeddable":true,"href":"https:\/\/camirim.com.br\/index.php?rest_route=%2Fwp%2Fv2%2Fcomments&post=1554"}],"version-history":[{"count":5,"href":"https:\/\/camirim.com.br\/index.php?rest_route=\/wp\/v2\/pages\/1554\/revisions"}],"predecessor-version":[{"id":1563,"href":"https:\/\/camirim.com.br\/index.php?rest_route=\/wp\/v2\/pages\/1554\/revisions\/1563"}],"up":[{"embeddable":true,"href":"https:\/\/camirim.com.br\/index.php?rest_route=\/wp\/v2\/pages\/254"}],"wp:attachment":[{"href":"https:\/\/camirim.com.br\/index.php?rest_route=%2Fwp%2Fv2%2Fmedia&parent=1554"}],"curies":[{"name":"wp","href":"https:\/\/api.w.org\/{rel}","templated":true}]}}