{"id":1532,"date":"2023-05-12T09:53:21","date_gmt":"2023-05-12T12:53:21","guid":{"rendered":"https:\/\/camirim.com.br\/?page_id=1532"},"modified":"2023-05-12T12:04:39","modified_gmt":"2023-05-12T15:04:39","slug":"down-news","status":"publish","type":"page","link":"https:\/\/camirim.com.br\/?page_id=1532","title":{"rendered":"Down News"},"content":{"rendered":"\t\t<div data-elementor-type=\"wp-page\" data-elementor-id=\"1532\" class=\"elementor elementor-1532\">\n\t\t\t\t\t\t<section class=\"elementor-section elementor-top-section elementor-element elementor-element-d8ea2b0 elementor-section-boxed elementor-section-height-default elementor-section-height-default\" data-id=\"d8ea2b0\" data-element_type=\"section\" data-e-type=\"section\">\n\t\t\t\t\t\t<div class=\"elementor-container elementor-column-gap-default\">\n\t\t\t\t\t<div class=\"elementor-column elementor-col-100 elementor-top-column elementor-element elementor-element-f3acdee\" data-id=\"f3acdee\" data-element_type=\"column\" data-e-type=\"column\">\n\t\t\t<div class=\"elementor-widget-wrap elementor-element-populated\">\n\t\t\t\t\t\t<div class=\"elementor-element elementor-element-8906106 elementor-widget elementor-widget-image\" data-id=\"8906106\" data-element_type=\"widget\" data-e-type=\"widget\" data-widget_type=\"image.default\">\n\t\t\t\t<div class=\"elementor-widget-container\">\n\t\t\t\t\t\t\t\t\t\t\t\t\t\t\t<img fetchpriority=\"high\" decoding=\"async\" width=\"300\" height=\"169\" src=\"https:\/\/camirim.com.br\/wp-content\/uploads\/2023\/05\/DownNews-1536x864-1-300x169.jpg\" class=\"attachment-medium size-medium wp-image-1588\" alt=\"\" srcset=\"https:\/\/camirim.com.br\/wp-content\/uploads\/2023\/05\/DownNews-1536x864-1-300x169.jpg 300w, https:\/\/camirim.com.br\/wp-content\/uploads\/2023\/05\/DownNews-1536x864-1-1024x576.jpg 1024w, https:\/\/camirim.com.br\/wp-content\/uploads\/2023\/05\/DownNews-1536x864-1-768x432.jpg 768w, https:\/\/camirim.com.br\/wp-content\/uploads\/2023\/05\/DownNews-1536x864-1.jpg 1536w\" sizes=\"(max-width: 300px) 100vw, 300px\" \/>\t\t\t\t\t\t\t\t\t\t\t\t\t\t\t<\/div>\n\t\t\t\t<\/div>\n\t\t\t\t\t<\/div>\n\t\t<\/div>\n\t\t\t\t\t<\/div>\n\t\t<\/section>\n\t\t\t\t<section class=\"elementor-section elementor-top-section elementor-element elementor-element-050190b elementor-section-boxed elementor-section-height-default elementor-section-height-default\" data-id=\"050190b\" data-element_type=\"section\" data-e-type=\"section\">\n\t\t\t\t\t\t<div class=\"elementor-container elementor-column-gap-default\">\n\t\t\t\t\t<div class=\"elementor-column elementor-col-100 elementor-top-column elementor-element elementor-element-875e797\" data-id=\"875e797\" data-element_type=\"column\" data-e-type=\"column\">\n\t\t\t<div class=\"elementor-widget-wrap elementor-element-populated\">\n\t\t\t\t\t\t<div class=\"elementor-element elementor-element-6151d22 elementor-widget elementor-widget-text-editor\" data-id=\"6151d22\" data-element_type=\"widget\" data-e-type=\"widget\" data-widget_type=\"text-editor.default\">\n\t\t\t\t<div class=\"elementor-widget-container\">\n\t\t\t\t\t\t\t\t\t<p><a href=\"https:\/\/www.youtube.com\/c\/DownNews21\" target=\"_blank\" rel=\"noreferrer noopener\" data-type=\"URL\" data-id=\"https:\/\/www.youtube.com\/c\/DownNews21\">Down News<\/a>\u00a0\u00e9 um canal de not\u00edcias especiais sobre as compet\u00eancias das pessoas portadoras da S\u00edndrome de Down e de seu relacionamento familiar, escolar, profissional e social. Ele \u00e9 apresentado pelo jovem Danny de Miranda, com muita hist\u00f3ria para contar! S\u00e3o dezenas de programas curtos sobre a inclus\u00e3o e contra o preconceito realizados com pessoas com S\u00edndrome de Down, atrav\u00e9s das quais Danny mostra um pouco de seus dia a dia e de suas conquistas sem limita\u00e7\u00f5es!<\/p>\t\t\t\t\t\t\t\t<\/div>\n\t\t\t\t<\/div>\n\t\t\t\t<div class=\"elementor-element elementor-element-b44586f elementor-widget elementor-widget-text-editor\" data-id=\"b44586f\" data-element_type=\"widget\" data-e-type=\"widget\" data-widget_type=\"text-editor.default\">\n\t\t\t\t<div class=\"elementor-widget-container\">\n\t\t\t\t\t\t\t\t\t<p>Liana John ajudou seu filho Daniel, portador de\u00a0S\u00edndrome de Down como roteirista e \u201ccamerawoman\u201d, como dizia Daniel, neste seu projeto como youtuber. O\u00a0<a href=\"https:\/\/www.youtube.com\/c\/DownNews21\" target=\"_blank\" rel=\"noreferrer noopener\" data-type=\"URL\" data-id=\"https:\/\/www.youtube.com\/c\/DownNews21\">Canal Down News<\/a>\u00a0conta ainda com a participa\u00e7\u00e3o da fot\u00f3grafa\u00a0<a href=\"https:\/\/www.noellycastro.com.br\/\" target=\"_blank\" rel=\"noreferrer noopener\" data-type=\"URL\" data-id=\"https:\/\/www.noellycastro.com.br\/\">Noelly Castro<\/a>\u00a0e de Daniel Pauli da Ag\u00eancia de Comunica\u00e7\u00e3o\u00a0<a href=\"https:\/\/finco.com.br\/\" target=\"_blank\" rel=\"noreferrer noopener\" data-type=\"URL\" data-id=\"https:\/\/finco.com.br\/\">FINCO<\/a>.<\/p>\t\t\t\t\t\t\t\t<\/div>\n\t\t\t\t<\/div>\n\t\t\t\t\t<\/div>\n\t\t<\/div>\n\t\t\t\t\t<\/div>\n\t\t<\/section>\n\t\t\t\t<section class=\"elementor-section elementor-top-section elementor-element elementor-element-a73354c elementor-section-boxed elementor-section-height-default elementor-section-height-default\" data-id=\"a73354c\" data-element_type=\"section\" data-e-type=\"section\">\n\t\t\t\t\t\t<div class=\"elementor-container elementor-column-gap-default\">\n\t\t\t\t\t<div class=\"elementor-column elementor-col-25 elementor-top-column elementor-element elementor-element-d6bbf7e\" data-id=\"d6bbf7e\" data-element_type=\"column\" data-e-type=\"column\">\n\t\t\t<div class=\"elementor-widget-wrap elementor-element-populated\">\n\t\t\t\t\t\t<div class=\"elementor-element elementor-element-7e87441 elementor-widget elementor-widget-video\" data-id=\"7e87441\" data-element_type=\"widget\" data-e-type=\"widget\" data-settings=\"{&quot;youtube_url&quot;:&quot;https:\\\/\\\/www.youtube.com\\\/watch?v=YN553FOfTwo&quot;,&quot;video_type&quot;:&quot;youtube&quot;,&quot;controls&quot;:&quot;yes&quot;}\" data-widget_type=\"video.default\">\n\t\t\t\t<div class=\"elementor-widget-container\">\n\t\t\t\t\t\t\t<div class=\"elementor-wrapper elementor-open-inline\">\n\t\t\t<div class=\"elementor-video\"><\/div>\t\t<\/div>\n\t\t\t\t\t\t<\/div>\n\t\t\t\t<\/div>\n\t\t\t\t\t<\/div>\n\t\t<\/div>\n\t\t\t\t<div class=\"elementor-column elementor-col-25 elementor-top-column elementor-element elementor-element-6ef41bc\" data-id=\"6ef41bc\" data-element_type=\"column\" data-e-type=\"column\">\n\t\t\t<div class=\"elementor-widget-wrap elementor-element-populated\">\n\t\t\t\t\t\t<div class=\"elementor-element elementor-element-8b06855 elementor-widget elementor-widget-video\" data-id=\"8b06855\" data-element_type=\"widget\" data-e-type=\"widget\" data-settings=\"{&quot;youtube_url&quot;:&quot;https:\\\/\\\/www.youtube.com\\\/watch?v=beynPRnN60A&quot;,&quot;video_type&quot;:&quot;youtube&quot;,&quot;controls&quot;:&quot;yes&quot;}\" data-widget_type=\"video.default\">\n\t\t\t\t<div class=\"elementor-widget-container\">\n\t\t\t\t\t\t\t<div class=\"elementor-wrapper elementor-open-inline\">\n\t\t\t<div class=\"elementor-video\"><\/div>\t\t<\/div>\n\t\t\t\t\t\t<\/div>\n\t\t\t\t<\/div>\n\t\t\t\t\t<\/div>\n\t\t<\/div>\n\t\t\t\t<div class=\"elementor-column elementor-col-25 elementor-top-column elementor-element elementor-element-c6fff42\" data-id=\"c6fff42\" data-element_type=\"column\" data-e-type=\"column\">\n\t\t\t<div class=\"elementor-widget-wrap elementor-element-populated\">\n\t\t\t\t\t\t<div class=\"elementor-element elementor-element-4b80c59 elementor-widget elementor-widget-video\" data-id=\"4b80c59\" data-element_type=\"widget\" data-e-type=\"widget\" data-settings=\"{&quot;youtube_url&quot;:&quot;https:\\\/\\\/www.youtube.com\\\/watch?v=KzrwULUsDnc&quot;,&quot;video_type&quot;:&quot;youtube&quot;,&quot;controls&quot;:&quot;yes&quot;}\" data-widget_type=\"video.default\">\n\t\t\t\t<div class=\"elementor-widget-container\">\n\t\t\t\t\t\t\t<div class=\"elementor-wrapper elementor-open-inline\">\n\t\t\t<div class=\"elementor-video\"><\/div>\t\t<\/div>\n\t\t\t\t\t\t<\/div>\n\t\t\t\t<\/div>\n\t\t\t\t\t<\/div>\n\t\t<\/div>\n\t\t\t\t<div class=\"elementor-column elementor-col-25 elementor-top-column elementor-element elementor-element-e149c29\" data-id=\"e149c29\" data-element_type=\"column\" data-e-type=\"column\">\n\t\t\t<div class=\"elementor-widget-wrap elementor-element-populated\">\n\t\t\t\t\t\t<div class=\"elementor-element elementor-element-9586a3e elementor-widget elementor-widget-video\" data-id=\"9586a3e\" data-element_type=\"widget\" data-e-type=\"widget\" data-settings=\"{&quot;youtube_url&quot;:&quot;https:\\\/\\\/www.youtube.com\\\/watch?v=6ruCG_w4dCU&quot;,&quot;video_type&quot;:&quot;youtube&quot;,&quot;controls&quot;:&quot;yes&quot;}\" data-widget_type=\"video.default\">\n\t\t\t\t<div class=\"elementor-widget-container\">\n\t\t\t\t\t\t\t<div class=\"elementor-wrapper elementor-open-inline\">\n\t\t\t<div class=\"elementor-video\"><\/div>\t\t<\/div>\n\t\t\t\t\t\t<\/div>\n\t\t\t\t<\/div>\n\t\t\t\t\t<\/div>\n\t\t<\/div>\n\t\t\t\t\t<\/div>\n\t\t<\/section>\n\t\t\t\t<\/div>\n\t\t","protected":false},"excerpt":{"rendered":"<p>Down News\u00a0\u00e9 um canal de not\u00edcias especiais sobre as compet\u00eancias das pessoas portadoras da S\u00edndrome de Down e de seu relacionamento familiar, escolar, profissional e social. Ele \u00e9 apresentado pelo jovem Danny de Miranda, com muita hist\u00f3ria para contar! S\u00e3o dezenas de programas curtos sobre a inclus\u00e3o e contra o preconceito realizados com pessoas com&hellip;&nbsp;<a href=\"https:\/\/camirim.com.br\/?page_id=1532\" rel=\"bookmark\">Read More &raquo;<span class=\"screen-reader-text\">Down News<\/span><\/a><\/p>\n","protected":false},"author":1,"featured_media":0,"parent":232,"menu_order":0,"comment_status":"closed","ping_status":"closed","template":"page-templates\/template-pagebuilder-full-width.php","meta":{"neve_meta_sidebar":"","neve_meta_container":"","neve_meta_enable_content_width":"","neve_meta_content_width":0,"neve_meta_title_alignment":"","neve_meta_author_avatar":"","neve_post_elements_order":"","neve_meta_disable_header":"","neve_meta_disable_footer":"","neve_meta_disable_title":"","_themeisle_gutenberg_block_has_review":false,"footnotes":""},"class_list":["post-1532","page","type-page","status-publish","hentry"],"_links":{"self":[{"href":"https:\/\/camirim.com.br\/index.php?rest_route=\/wp\/v2\/pages\/1532","targetHints":{"allow":["GET"]}}],"collection":[{"href":"https:\/\/camirim.com.br\/index.php?rest_route=\/wp\/v2\/pages"}],"about":[{"href":"https:\/\/camirim.com.br\/index.php?rest_route=\/wp\/v2\/types\/page"}],"author":[{"embeddable":true,"href":"https:\/\/camirim.com.br\/index.php?rest_route=\/wp\/v2\/users\/1"}],"replies":[{"embeddable":true,"href":"https:\/\/camirim.com.br\/index.php?rest_route=%2Fwp%2Fv2%2Fcomments&post=1532"}],"version-history":[{"count":28,"href":"https:\/\/camirim.com.br\/index.php?rest_route=\/wp\/v2\/pages\/1532\/revisions"}],"predecessor-version":[{"id":1618,"href":"https:\/\/camirim.com.br\/index.php?rest_route=\/wp\/v2\/pages\/1532\/revisions\/1618"}],"up":[{"embeddable":true,"href":"https:\/\/camirim.com.br\/index.php?rest_route=\/wp\/v2\/pages\/232"}],"wp:attachment":[{"href":"https:\/\/camirim.com.br\/index.php?rest_route=%2Fwp%2Fv2%2Fmedia&parent=1532"}],"curies":[{"name":"wp","href":"https:\/\/api.w.org\/{rel}","templated":true}]}}