{"id":112,"date":"2023-04-20T08:37:14","date_gmt":"2023-04-20T11:37:14","guid":{"rendered":"https:\/\/camirim.com.br\/?page_id=112"},"modified":"2023-10-23T19:39:53","modified_gmt":"2023-10-23T22:39:53","slug":"principal","status":"publish","type":"page","link":"https:\/\/camirim.com.br\/","title":{"rendered":"Home"},"content":{"rendered":"\t\t<div data-elementor-type=\"wp-page\" data-elementor-id=\"112\" class=\"elementor elementor-112\">\n\t\t\t\t\t\t<section class=\"elementor-section elementor-top-section elementor-element elementor-element-787f54f elementor-section-boxed elementor-section-height-default elementor-section-height-default\" data-id=\"787f54f\" data-element_type=\"section\" data-e-type=\"section\">\n\t\t\t\t\t\t<div class=\"elementor-container elementor-column-gap-default\">\n\t\t\t\t\t<div class=\"elementor-column elementor-col-100 elementor-top-column elementor-element elementor-element-f8a01ce\" data-id=\"f8a01ce\" data-element_type=\"column\" data-e-type=\"column\">\n\t\t\t<div class=\"elementor-widget-wrap elementor-element-populated\">\n\t\t\t\t\t\t<div class=\"elementor-element elementor-element-2e1c3423 elementor-widget elementor-widget-text-editor\" data-id=\"2e1c3423\" data-element_type=\"widget\" data-e-type=\"widget\" data-widget_type=\"text-editor.default\">\n\t\t\t\t<div class=\"elementor-widget-container\">\n\t\t\t\t\t\t\t\t\t<p><div class=\"wp-block-site-logo\"><a href=\"https:\/\/camirim.com.br\/\" class=\"custom-logo-link\" rel=\"home\"><img decoding=\"async\" width=\"301\" height=\"73\" src=\"https:\/\/camirim.com.br\/wp-content\/uploads\/2023\/04\/2LogoCamirim.png\" class=\"custom-logo\" alt=\"Camirim Editorial Ltda\" \/><\/a><\/div><\/p>\n<p>A Camirim Editorial Ltda \u00e9 uma microempresa de produ\u00e7\u00e3o de conte\u00fado para m\u00eddia impressa (jornais, revistas e livros) e eletr\u00f4nica (internet, r\u00e1dio e TV).<\/p>\n<p>A equipe da Camirim e seus colaboradores editam livros, revistas, artigos, apresenta\u00e7\u00f5es e produzem textos jornal\u00edsticos, blogs, \u00e1udios, pod casts, fotos, v\u00eddeos, stop motions, sites, roteiros e argumentos para document\u00e1rios, materiais de comunica\u00e7\u00e3o, palestras e participa\u00e7\u00e3o em eventos, f\u00f3runs e debates sobre biodiversidade, ecossistemas, agricultura, uso e ocupa\u00e7\u00e3o das terras, prote\u00e7\u00e3o e preserva\u00e7\u00e3o da vegeta\u00e7\u00e3o nativa, meio ambiente, clima e ci\u00eancia.\u00a0<\/p>\n<p><\/p>\n<p>A palavra Camirim vem do tupi-guarani e quer dizer matinha (caa=mata, mirim=pequena).<\/p>\n<p>A equipe da Camirim j\u00e1 prestou servi\u00e7os para mais de 120 associa\u00e7\u00f5es, empresas, editoras, fazendas, federa\u00e7\u00f5es, funda\u00e7\u00f5es, grupos de comunica\u00e7\u00e3o e educa\u00e7\u00e3o, ind\u00fastrias e agroind\u00fastrias, institutos, sindicatos, prefeituras, organiza\u00e7\u00f5es n\u00e3o governamentais e usinas.<\/p>\n<p><span style=\"text-decoration: underline;\"><strong><a href=\"https:\/\/camirim.com.br\/?page_id=135\">ENTRE<\/a>\u00a0 e conhe\u00e7a nosso trabalho!<\/strong><\/span><\/p>\n<p><\/p>\t\t\t\t\t\t\t\t<\/div>\n\t\t\t\t<\/div>\n\t\t\t\t\t<\/div>\n\t\t<\/div>\n\t\t\t\t\t<\/div>\n\t\t<\/section>\n\t\t\t\t<\/div>\n\t\t","protected":false},"excerpt":{"rendered":"<p>A Camirim Editorial Ltda \u00e9 uma microempresa de produ\u00e7\u00e3o de conte\u00fado para m\u00eddia impressa (jornais, revistas e livros) e eletr\u00f4nica (internet, r\u00e1dio e TV). A equipe da Camirim e seus colaboradores editam livros, revistas, artigos, apresenta\u00e7\u00f5es e produzem textos jornal\u00edsticos, blogs, \u00e1udios, pod casts, fotos, v\u00eddeos, stop motions, sites, roteiros e argumentos para document\u00e1rios, materiais&hellip;&nbsp;<a href=\"https:\/\/camirim.com.br\/\" rel=\"bookmark\">Read More &raquo;<span class=\"screen-reader-text\">Home<\/span><\/a><\/p>\n","protected":false},"author":1,"featured_media":0,"parent":0,"menu_order":0,"comment_status":"closed","ping_status":"closed","template":"","meta":{"neve_meta_sidebar":"","neve_meta_container":"","neve_meta_enable_content_width":"","neve_meta_content_width":0,"neve_meta_title_alignment":"","neve_meta_author_avatar":"","neve_post_elements_order":"","neve_meta_disable_header":"","neve_meta_disable_footer":"","neve_meta_disable_title":"","_themeisle_gutenberg_block_has_review":false,"footnotes":""},"class_list":["post-112","page","type-page","status-publish","hentry"],"_links":{"self":[{"href":"https:\/\/camirim.com.br\/index.php?rest_route=\/wp\/v2\/pages\/112","targetHints":{"allow":["GET"]}}],"collection":[{"href":"https:\/\/camirim.com.br\/index.php?rest_route=\/wp\/v2\/pages"}],"about":[{"href":"https:\/\/camirim.com.br\/index.php?rest_route=\/wp\/v2\/types\/page"}],"author":[{"embeddable":true,"href":"https:\/\/camirim.com.br\/index.php?rest_route=\/wp\/v2\/users\/1"}],"replies":[{"embeddable":true,"href":"https:\/\/camirim.com.br\/index.php?rest_route=%2Fwp%2Fv2%2Fcomments&post=112"}],"version-history":[{"count":82,"href":"https:\/\/camirim.com.br\/index.php?rest_route=\/wp\/v2\/pages\/112\/revisions"}],"predecessor-version":[{"id":4667,"href":"https:\/\/camirim.com.br\/index.php?rest_route=\/wp\/v2\/pages\/112\/revisions\/4667"}],"wp:attachment":[{"href":"https:\/\/camirim.com.br\/index.php?rest_route=%2Fwp%2Fv2%2Fmedia&parent=112"}],"curies":[{"name":"wp","href":"https:\/\/api.w.org\/{rel}","templated":true}]}}